{"id":23937,"date":"2026-01-22T09:10:25","date_gmt":"2026-01-22T08:10:25","guid":{"rendered":"https:\/\/www.karaiexclusiveracing.hu\/?post_type=product&#038;p=23937"},"modified":"2026-01-22T09:10:26","modified_gmt":"2026-01-22T08:10:26","slug":"mercedes-benz-cl-600-automata-amg","status":"publish","type":"product","link":"http:\/\/karaiexclusiveracing.hu\/de\/termek\/mercedes-benz-cl-600-automata-amg\/","title":{"rendered":"Mercedes-Benz CL 600 (Automata) AMG"},"content":{"rendered":"<p>MERCEDES-BENZ CL 600 AMG USA Modell. Mind eszt\u00e9tikailag, mind m\u0171szakilag gy\u00e1rias \u00e1llapotban van, nem volt t\u00e1kolva.<br \/>\nM\u0171szakilag m\u0171k\u00f6d\u0151k\u00e9pes, (fut\u00f3m\u0171 stb.)!<br \/>\nAz aut\u00f3nak probl\u00e9m\u00e1ja, hogy folyik az olaj a motorb\u00f3l a V k\u00f6z\u00fcl valahonnan!<br \/>\nA meghirdetett \u00e1r m\u00e1r Magyarorsz\u00e1gra sz\u00e1ll\u00edtva \u00e9rtend\u0151, tartalmazza az \u00f6sszes v\u00e1mol\u00e1ssal kapcsolatos k\u00f6lts\u00e9get!<br \/>\nIg\u00e9ny eset\u00e9n a k\u00e9s\u0151bbi forgalomba helyez\u00e9sben tudunk seg\u00edteni a n\u00e9vre \u00edr\u00e1sig!<\/p>\n<p><strong>Inform\u00e1ci\u00f3k az aut\u00f3 belter\u00e9re vonatkoz\u00f3an:<\/strong><\/p>\n<p>b\u0151r bels\u0151<\/p>\n<p>mem\u00f3ri\u00e1s utas\u00fcl\u00e9s<\/p>\n<p>f\u0171thet\u0151 els\u0151 \u00fcl\u00e9s<\/p>\n<p>mem\u00f3ri\u00e1s vezet\u0151\u00fcl\u00e9s<\/p>\n<p>\u00fcl\u00e9smagass\u00e1g \u00e1ll\u00edt\u00e1s<\/p>\n<p>multifunkci\u00f3s korm\u00e1nyker\u00e9k<\/p>\n<p>der\u00e9kt\u00e1masz<\/p>\n<p>elektromos \u00fcl\u00e9s\u00e1ll\u00edt\u00e1s vezet\u0151oldal<\/p>\n<p>elektromos \u00fcl\u00e9s\u00e1ll\u00edt\u00e1s utasoldal<\/p>\n<p>b\u0151rkorm\u00e1ny<\/p>\n<p>hangvez\u00e9rl\u00e9s<\/p>\n<p>f\u00fcgg\u00f6nyl\u00e9gzs\u00e1k<\/p>\n<p>oldall\u00e9gzs\u00e1k<\/p>\n<p>utasoldali l\u00e9gzs\u00e1k<\/p>\n<p>vezet\u0151oldali l\u00e9gzs\u00e1k<\/p>\n<p>\u00e1ll\u00edthat\u00f3 korm\u00e1ny<\/p>\n<p>fed\u00e9lzeti komputer<\/p>\n<p><strong>M\u0171szaki adatok:<\/strong><\/p>\n<p>tolat\u00f3radar<\/p>\n<p>els\u0151-h\u00e1ts\u00f3 parkol\u00f3radar<\/p>\n<p>ABS (blokkol\u00e1sg\u00e1tl\u00f3)<\/p>\n<p>ASR (kip\u00f6rg\u00e9sg\u00e1tl\u00f3)<\/p>\n<p>tempomat<\/p>\n<p>centr\u00e1lz\u00e1r<\/p>\n<p>szervokorm\u00e1ny<\/p>\n<p>EDC (elektronikus leng\u00e9scsillap\u00edt\u00e1s vez\u00e9rl\u00e9s)<\/p>\n<p>sebess\u00e9gf\u00fcgg\u0151 szerv\u00f3korm\u00e1ny<\/p>\n<p><strong>Inform\u00e1ci\u00f3k a k\u00fclt\u00e9rre vonatkoz\u00f3an:<\/strong><\/p>\n<p>automatikusan s\u00f6t\u00e9ted\u0151 k\u00fcls\u0151 t\u00fck\u00f6r<\/p>\n<p>bi-xenon f\u00e9nysz\u00f3r\u00f3<\/p>\n<p>es\u0151szenzor<\/p>\n<p>elektromos ablak el\u00f6l<\/p>\n<p>elektromos ablak h\u00e1tul<\/p>\n<p>elektromos t\u00fck\u00f6r<\/p>\n<p>f\u0171thet\u0151 t\u00fck\u00f6r<\/p>\n<p>k\u00f6nny\u0171f\u00e9m felni<\/p>\n<p>sz\u00ednezett \u00fcveg<\/p>\n<p>tol\u00f3tet\u0151 (napf\u00e9nytet\u0151)<\/p>\n<p>tol\u00f3tet\u0151 &#8211; elektromos<\/p>\n<p>Multim\u00e9dia \/ Navig\u00e1ci\u00f3<\/p>\n<p>aut\u00f3telefon<\/p>\n<p>HIFI<\/p>\n<p><strong>Tov\u00e1bbi inform\u00e1ci\u00f3k:<\/strong><\/p>\n<p>amerikai modell<\/p>\n<p>els\u0151 tulajdonost\u00f3l<\/p>\n<p>garant\u00e1lt km fut\u00e1s<\/p>\n<p>keveset futott<\/p>","protected":false},"excerpt":{"rendered":"<p>MERCEDES-BENZ CL 600 AMG USA Modell. Mind eszt\u00e9tikailag, mind m\u0171szakilag gy\u00e1rias \u00e1llapotban van, nem volt t\u00e1kolva. M\u0171szakilag m\u0171k\u00f6d\u0151k\u00e9pes, (fut\u00f3m\u0171 stb.)! Az aut\u00f3nak probl\u00e9m\u00e1ja, hogy folyik az olaj a motorb\u00f3l a V k\u00f6z\u00fcl valahonnan! A meghirdetett \u00e1r m\u00e1r Magyarorsz\u00e1gra sz\u00e1ll\u00edtva \u00e9rtend\u0151, tartalmazza az \u00f6sszes v\u00e1mol\u00e1ssal kapcsolatos k\u00f6lts\u00e9get! Ig\u00e9ny eset\u00e9n a k\u00e9s\u0151bbi forgalomba helyez\u00e9sben tudunk seg\u00edteni a [&hellip;]<\/p>\n","protected":false},"featured_media":23940,"template":"","meta":{"_acf_changed":false},"manufactures":[],"product_brand":[],"product_cat":[24],"product_tag":[],"class_list":{"0":"post-23937","1":"product","2":"type-product","3":"status-publish","4":"has-post-thumbnail","6":"product_cat-classic-car","8":"first","9":"instock","10":"taxable","11":"shipping-taxable","12":"purchasable","13":"product-type-simple"},"exclude_global_add_ons":[],"addons":[],"acf":[],"yoast_head":"<!-- This site is optimized with the Yoast SEO Premium plugin v27.1 (Yoast SEO v27.2) - https:\/\/yoast.com\/product\/yoast-seo-premium-wordpress\/ -->\n<title>Mercedes-Benz CL 600 (Automata) AMG - K\u00e1rai Exclusive<\/title>\n<meta name=\"robots\" content=\"index, follow, max-snippet:-1, max-image-preview:large, max-video-preview:-1\" \/>\n<link rel=\"canonical\" href=\"https:\/\/karaiexclusiveracing.hu\/de\/produkt\/mercedes-benz-cl-600-automata-amg\/\" \/>\n<meta property=\"og:locale\" content=\"de_DE\" \/>\n<meta property=\"og:type\" content=\"article\" \/>\n<meta property=\"og:title\" content=\"Mercedes-Benz CL 600 (Automata) AMG\" \/>\n<meta property=\"og:description\" content=\"MERCEDES-BENZ CL 600 AMG USA Modell. Mind eszt\u00e9tikailag, mind m\u0171szakilag gy\u00e1rias \u00e1llapotban van, nem volt t\u00e1kolva. M\u0171szakilag m\u0171k\u00f6d\u0151k\u00e9pes, (fut\u00f3m\u0171 stb.)! Az aut\u00f3nak probl\u00e9m\u00e1ja, hogy folyik az olaj a motorb\u00f3l a V k\u00f6z\u00fcl valahonnan! A meghirdetett \u00e1r m\u00e1r Magyarorsz\u00e1gra sz\u00e1ll\u00edtva \u00e9rtend\u0151, tartalmazza az \u00f6sszes v\u00e1mol\u00e1ssal kapcsolatos k\u00f6lts\u00e9get! Ig\u00e9ny eset\u00e9n a k\u00e9s\u0151bbi forgalomba helyez\u00e9sben tudunk seg\u00edteni a [&hellip;]\" \/>\n<meta property=\"og:url\" content=\"https:\/\/karaiexclusiveracing.hu\/de\/produkt\/mercedes-benz-cl-600-automata-amg\/\" \/>\n<meta property=\"og:site_name\" content=\"K\u00e1rai Exclusive\" \/>\n<meta property=\"article:publisher\" content=\"https:\/\/www.facebook.com\/karaiexclusiveracing.hu\" \/>\n<meta property=\"article:modified_time\" content=\"2026-01-22T08:10:26+00:00\" \/>\n<meta property=\"og:image\" content=\"https:\/\/karaiexclusiveracing.hu\/wp-content\/uploads\/2026\/01\/viber_kep_2026-01-22_07-38-06-088.jpg\" \/>\n\t<meta property=\"og:image:width\" content=\"1600\" \/>\n\t<meta property=\"og:image:height\" content=\"1200\" \/>\n\t<meta property=\"og:image:type\" content=\"image\/jpeg\" \/>\n<meta name=\"twitter:card\" content=\"summary_large_image\" \/>\n<meta name=\"twitter:label1\" content=\"Gesch\u00e4tzte Lesezeit\" \/>\n\t<meta name=\"twitter:data1\" content=\"2\u00a0Minuten\" \/>\n<script type=\"application\/ld+json\" class=\"yoast-schema-graph\">{\"@context\":\"https:\/\/schema.org\",\"@graph\":[{\"@type\":\"WebPage\",\"@id\":\"https:\/\/karaiexclusiveracing.hu\/termek\/mercedes-benz-cl-600-automata-amg\/\",\"url\":\"https:\/\/karaiexclusiveracing.hu\/termek\/mercedes-benz-cl-600-automata-amg\/\",\"name\":\"Mercedes-Benz CL 600 (Automata) AMG - K\u00e1rai Exclusive\",\"isPartOf\":{\"@id\":\"https:\/\/karaiexclusiveracing.hu\/#website\"},\"primaryImageOfPage\":{\"@id\":\"https:\/\/karaiexclusiveracing.hu\/termek\/mercedes-benz-cl-600-automata-amg\/#primaryimage\"},\"image\":{\"@id\":\"https:\/\/karaiexclusiveracing.hu\/termek\/mercedes-benz-cl-600-automata-amg\/#primaryimage\"},\"thumbnailUrl\":\"https:\/\/karaiexclusiveracing.hu\/wp-content\/uploads\/2026\/01\/viber_kep_2026-01-22_07-38-06-088.jpg\",\"datePublished\":\"2026-01-22T08:10:25+00:00\",\"dateModified\":\"2026-01-22T08:10:26+00:00\",\"breadcrumb\":{\"@id\":\"https:\/\/karaiexclusiveracing.hu\/termek\/mercedes-benz-cl-600-automata-amg\/#breadcrumb\"},\"inLanguage\":\"de\",\"potentialAction\":[{\"@type\":\"ReadAction\",\"target\":[\"https:\/\/karaiexclusiveracing.hu\/termek\/mercedes-benz-cl-600-automata-amg\/\"]}]},{\"@type\":\"ImageObject\",\"inLanguage\":\"de\",\"@id\":\"https:\/\/karaiexclusiveracing.hu\/termek\/mercedes-benz-cl-600-automata-amg\/#primaryimage\",\"url\":\"https:\/\/karaiexclusiveracing.hu\/wp-content\/uploads\/2026\/01\/viber_kep_2026-01-22_07-38-06-088.jpg\",\"contentUrl\":\"https:\/\/karaiexclusiveracing.hu\/wp-content\/uploads\/2026\/01\/viber_kep_2026-01-22_07-38-06-088.jpg\",\"width\":1600,\"height\":1200},{\"@type\":\"BreadcrumbList\",\"@id\":\"https:\/\/karaiexclusiveracing.hu\/termek\/mercedes-benz-cl-600-automata-amg\/#breadcrumb\",\"itemListElement\":[{\"@type\":\"ListItem\",\"position\":1,\"name\":\"Kezd\u0151lap\",\"item\":\"https:\/\/karaiexclusiveracing.hu\/\"},{\"@type\":\"ListItem\",\"position\":2,\"name\":\"Elad\u00f3 aut\u00f3k\",\"item\":\"https:\/\/karaiexclusiveracing.hu\/elado-autok\/\"},{\"@type\":\"ListItem\",\"position\":3,\"name\":\"Mercedes-Benz CL 600 (Automata) AMG\"}]},{\"@type\":\"WebSite\",\"@id\":\"https:\/\/karaiexclusiveracing.hu\/#website\",\"url\":\"https:\/\/karaiexclusiveracing.hu\/\",\"name\":\"K\u00e1rai Exclusive Racing\",\"description\":\"\",\"publisher\":{\"@id\":\"https:\/\/karaiexclusiveracing.hu\/#organization\"},\"potentialAction\":[{\"@type\":\"SearchAction\",\"target\":{\"@type\":\"EntryPoint\",\"urlTemplate\":\"https:\/\/karaiexclusiveracing.hu\/?s={search_term_string}\"},\"query-input\":{\"@type\":\"PropertyValueSpecification\",\"valueRequired\":true,\"valueName\":\"search_term_string\"}}],\"inLanguage\":\"de\"},{\"@type\":\"Organization\",\"@id\":\"https:\/\/karaiexclusiveracing.hu\/#organization\",\"name\":\"K\u00e1rai Exclusive Racing\",\"url\":\"https:\/\/karaiexclusiveracing.hu\/\",\"logo\":{\"@type\":\"ImageObject\",\"inLanguage\":\"de\",\"@id\":\"https:\/\/karaiexclusiveracing.hu\/#\/schema\/logo\/image\/\",\"url\":\"https:\/\/www.karaiexclusiveracing.hu\/wp-content\/uploads\/2023\/10\/karai_exclusive_logo-1-1.png\",\"contentUrl\":\"https:\/\/www.karaiexclusiveracing.hu\/wp-content\/uploads\/2023\/10\/karai_exclusive_logo-1-1.png\",\"width\":1575,\"height\":435,\"caption\":\"K\u00e1rai Exclusive Racing\"},\"image\":{\"@id\":\"https:\/\/karaiexclusiveracing.hu\/#\/schema\/logo\/image\/\"},\"sameAs\":[\"https:\/\/www.facebook.com\/karaiexclusiveracing.hu\",\"https:\/\/www.instagram.com\/karaiexclusiveracing\/\"]}]}<\/script>\n<!-- \/ Yoast SEO Premium plugin. -->","yoast_head_json":{"title":"Mercedes-Benz CL 600 (Automata) AMG - K\u00e1rai Exclusive","robots":{"index":"index","follow":"follow","max-snippet":"max-snippet:-1","max-image-preview":"max-image-preview:large","max-video-preview":"max-video-preview:-1"},"canonical":"https:\/\/karaiexclusiveracing.hu\/de\/produkt\/mercedes-benz-cl-600-automata-amg\/","og_locale":"de_DE","og_type":"article","og_title":"Mercedes-Benz CL 600 (Automata) AMG","og_description":"MERCEDES-BENZ CL 600 AMG USA Modell. Mind eszt\u00e9tikailag, mind m\u0171szakilag gy\u00e1rias \u00e1llapotban van, nem volt t\u00e1kolva. M\u0171szakilag m\u0171k\u00f6d\u0151k\u00e9pes, (fut\u00f3m\u0171 stb.)! Az aut\u00f3nak probl\u00e9m\u00e1ja, hogy folyik az olaj a motorb\u00f3l a V k\u00f6z\u00fcl valahonnan! A meghirdetett \u00e1r m\u00e1r Magyarorsz\u00e1gra sz\u00e1ll\u00edtva \u00e9rtend\u0151, tartalmazza az \u00f6sszes v\u00e1mol\u00e1ssal kapcsolatos k\u00f6lts\u00e9get! Ig\u00e9ny eset\u00e9n a k\u00e9s\u0151bbi forgalomba helyez\u00e9sben tudunk seg\u00edteni a [&hellip;]","og_url":"https:\/\/karaiexclusiveracing.hu\/de\/produkt\/mercedes-benz-cl-600-automata-amg\/","og_site_name":"K\u00e1rai Exclusive","article_publisher":"https:\/\/www.facebook.com\/karaiexclusiveracing.hu","article_modified_time":"2026-01-22T08:10:26+00:00","og_image":[{"width":1600,"height":1200,"url":"https:\/\/karaiexclusiveracing.hu\/wp-content\/uploads\/2026\/01\/viber_kep_2026-01-22_07-38-06-088.jpg","type":"image\/jpeg"}],"twitter_card":"summary_large_image","twitter_misc":{"Gesch\u00e4tzte Lesezeit":"2\u00a0Minuten"},"schema":{"@context":"https:\/\/schema.org","@graph":[{"@type":"WebPage","@id":"https:\/\/karaiexclusiveracing.hu\/termek\/mercedes-benz-cl-600-automata-amg\/","url":"https:\/\/karaiexclusiveracing.hu\/termek\/mercedes-benz-cl-600-automata-amg\/","name":"Mercedes-Benz CL 600 (Automata) AMG - K\u00e1rai Exclusive","isPartOf":{"@id":"https:\/\/karaiexclusiveracing.hu\/#website"},"primaryImageOfPage":{"@id":"https:\/\/karaiexclusiveracing.hu\/termek\/mercedes-benz-cl-600-automata-amg\/#primaryimage"},"image":{"@id":"https:\/\/karaiexclusiveracing.hu\/termek\/mercedes-benz-cl-600-automata-amg\/#primaryimage"},"thumbnailUrl":"https:\/\/karaiexclusiveracing.hu\/wp-content\/uploads\/2026\/01\/viber_kep_2026-01-22_07-38-06-088.jpg","datePublished":"2026-01-22T08:10:25+00:00","dateModified":"2026-01-22T08:10:26+00:00","breadcrumb":{"@id":"https:\/\/karaiexclusiveracing.hu\/termek\/mercedes-benz-cl-600-automata-amg\/#breadcrumb"},"inLanguage":"de","potentialAction":[{"@type":"ReadAction","target":["https:\/\/karaiexclusiveracing.hu\/termek\/mercedes-benz-cl-600-automata-amg\/"]}]},{"@type":"ImageObject","inLanguage":"de","@id":"https:\/\/karaiexclusiveracing.hu\/termek\/mercedes-benz-cl-600-automata-amg\/#primaryimage","url":"https:\/\/karaiexclusiveracing.hu\/wp-content\/uploads\/2026\/01\/viber_kep_2026-01-22_07-38-06-088.jpg","contentUrl":"https:\/\/karaiexclusiveracing.hu\/wp-content\/uploads\/2026\/01\/viber_kep_2026-01-22_07-38-06-088.jpg","width":1600,"height":1200},{"@type":"BreadcrumbList","@id":"https:\/\/karaiexclusiveracing.hu\/termek\/mercedes-benz-cl-600-automata-amg\/#breadcrumb","itemListElement":[{"@type":"ListItem","position":1,"name":"Kezd\u0151lap","item":"https:\/\/karaiexclusiveracing.hu\/"},{"@type":"ListItem","position":2,"name":"Elad\u00f3 aut\u00f3k","item":"https:\/\/karaiexclusiveracing.hu\/elado-autok\/"},{"@type":"ListItem","position":3,"name":"Mercedes-Benz CL 600 (Automata) AMG"}]},{"@type":"WebSite","@id":"https:\/\/karaiexclusiveracing.hu\/#website","url":"https:\/\/karaiexclusiveracing.hu\/","name":"K\u00e1rai Exclusive Racing","description":"","publisher":{"@id":"https:\/\/karaiexclusiveracing.hu\/#organization"},"potentialAction":[{"@type":"SearchAction","target":{"@type":"EntryPoint","urlTemplate":"https:\/\/karaiexclusiveracing.hu\/?s={search_term_string}"},"query-input":{"@type":"PropertyValueSpecification","valueRequired":true,"valueName":"search_term_string"}}],"inLanguage":"de"},{"@type":"Organization","@id":"https:\/\/karaiexclusiveracing.hu\/#organization","name":"K\u00e1rai Exclusive Racing","url":"https:\/\/karaiexclusiveracing.hu\/","logo":{"@type":"ImageObject","inLanguage":"de","@id":"https:\/\/karaiexclusiveracing.hu\/#\/schema\/logo\/image\/","url":"https:\/\/www.karaiexclusiveracing.hu\/wp-content\/uploads\/2023\/10\/karai_exclusive_logo-1-1.png","contentUrl":"https:\/\/www.karaiexclusiveracing.hu\/wp-content\/uploads\/2023\/10\/karai_exclusive_logo-1-1.png","width":1575,"height":435,"caption":"K\u00e1rai Exclusive Racing"},"image":{"@id":"https:\/\/karaiexclusiveracing.hu\/#\/schema\/logo\/image\/"},"sameAs":["https:\/\/www.facebook.com\/karaiexclusiveracing.hu","https:\/\/www.instagram.com\/karaiexclusiveracing\/"]}]}},"_links":{"self":[{"href":"http:\/\/karaiexclusiveracing.hu\/de\/wp-json\/wp\/v2\/product\/23937","targetHints":{"allow":["GET"]}}],"collection":[{"href":"http:\/\/karaiexclusiveracing.hu\/de\/wp-json\/wp\/v2\/product"}],"about":[{"href":"http:\/\/karaiexclusiveracing.hu\/de\/wp-json\/wp\/v2\/types\/product"}],"wp:featuredmedia":[{"embeddable":true,"href":"http:\/\/karaiexclusiveracing.hu\/de\/wp-json\/wp\/v2\/media\/23940"}],"wp:attachment":[{"href":"http:\/\/karaiexclusiveracing.hu\/de\/wp-json\/wp\/v2\/media?parent=23937"}],"wp:term":[{"taxonomy":"manufactures","embeddable":true,"href":"http:\/\/karaiexclusiveracing.hu\/de\/wp-json\/wp\/v2\/manufactures?post=23937"},{"taxonomy":"product_brand","embeddable":true,"href":"http:\/\/karaiexclusiveracing.hu\/de\/wp-json\/wp\/v2\/product_brand?post=23937"},{"taxonomy":"product_cat","embeddable":true,"href":"http:\/\/karaiexclusiveracing.hu\/de\/wp-json\/wp\/v2\/product_cat?post=23937"},{"taxonomy":"product_tag","embeddable":true,"href":"http:\/\/karaiexclusiveracing.hu\/de\/wp-json\/wp\/v2\/product_tag?post=23937"}],"curies":[{"name":"wp","href":"https:\/\/api.w.org\/{rel}","templated":true}]}}