{"id":23832,"date":"2025-12-16T13:43:22","date_gmt":"2025-12-16T12:43:22","guid":{"rendered":"http:\/\/www.karaiexclusiveracing.hu\/?post_type=product&#038;p=23832"},"modified":"2026-03-04T18:06:36","modified_gmt":"2026-03-04T17:06:36","slug":"bmw-750i","status":"publish","type":"product","link":"http:\/\/karaiexclusiveracing.hu\/de\/termek\/bmw-750i\/","title":{"rendered":"BMW 750i- SOLD!"},"content":{"rendered":"<p>Elad\u00e1sra k\u00edn\u00e1lunk egy besz\u00e1m\u00edtott aut\u00f3nkat! Amit \u00e9rdemes r\u00f3la tudni! Fel\u00faj\u00edtott motor, f\u00e9k, \u00faj gumik, stb<br \/>\nAz aut\u00f3ra sz\u00e1ml\u00e1kkal igazolhat\u00f3an sokkal t\u00f6bb lett r\u00e1k\u00f6ltve mint amennyire van h\u00edrdetve.<br \/>\nB\u0151vebb inform\u00e1ci\u00f3t telefonon tudunk adni.<br \/>\n<strong>Megtekint\u00e9shez el\u0151zetes telefonos egyeztet\u00e9sre van sz\u00fcks\u00e9g!<\/strong><\/p>\n<div>\n<div class=\"mb-3 fw-bold\">Belt\u00e9r<\/div>\n<ul class=\"grid ps-4 gap-0 column-gap-4\">\n<li class=\"g-col-12 g-col-sm-6 g-col-md-4\">b\u0151r bels\u0151<\/li>\n<li class=\"g-col-12 g-col-sm-6 g-col-md-4\">mem\u00f3ri\u00e1s vezet\u0151\u00fcl\u00e9s<\/li>\n<li class=\"g-col-12 g-col-sm-6 g-col-md-4\">\u00fcl\u00e9smagass\u00e1g \u00e1ll\u00edt\u00e1s<\/li>\n<li class=\"g-col-12 g-col-sm-6 g-col-md-4\">k\u00f6z\u00e9ps\u0151 kart\u00e1masz<\/li>\n<li class=\"g-col-12 g-col-sm-6 g-col-md-4\">multifunkci\u00f3s korm\u00e1nyker\u00e9k<\/li>\n<li class=\"g-col-12 g-col-sm-6 g-col-md-4\">\u00e1ll\u00edthat\u00f3 combt\u00e1masz<\/li>\n<li class=\"g-col-12 g-col-sm-6 g-col-md-4\">der\u00e9kt\u00e1masz<\/li>\n<li class=\"g-col-12 g-col-sm-6 g-col-md-4\">b\u0151rkorm\u00e1ny<\/li>\n<li class=\"g-col-12 g-col-sm-6 g-col-md-4\">f\u00fcgg\u00f6nyl\u00e9gzs\u00e1k<\/li>\n<li class=\"g-col-12 g-col-sm-6 g-col-md-4\">h\u00e1ts\u00f3 oldal l\u00e9gzs\u00e1k<\/li>\n<li class=\"g-col-12 g-col-sm-6 g-col-md-4\">\u00e1ll\u00edthat\u00f3 korm\u00e1ny<\/li>\n<li class=\"g-col-12 g-col-sm-6 g-col-md-4\">fed\u00e9lzeti komputer<\/li>\n<li class=\"g-col-12 g-col-sm-6 g-col-md-4\">sport\u00fcl\u00e9sek<\/li>\n<\/ul>\n<div class=\"border-bottom border-secondary-subtle mt-3\"><\/div>\n<\/div>\n<div>\n<div class=\"mb-3 fw-bold\">M\u0171szaki<\/div>\n<ul class=\"grid ps-4 gap-0 column-gap-4\">\n<li class=\"g-col-12 g-col-sm-6 g-col-md-4\">els\u0151-h\u00e1ts\u00f3 parkol\u00f3radar<\/li>\n<li class=\"g-col-12 g-col-sm-6 g-col-md-4\">ABS (blokkol\u00e1sg\u00e1tl\u00f3)<\/li>\n<li class=\"g-col-12 g-col-sm-6 g-col-md-4\">ESP (menetstabiliz\u00e1tor)<\/li>\n<li class=\"g-col-12 g-col-sm-6 g-col-md-4\">centr\u00e1lz\u00e1r<\/li>\n<li class=\"g-col-12 g-col-sm-6 g-col-md-4\">szervokorm\u00e1ny<\/li>\n<li class=\"g-col-12 g-col-sm-6 g-col-md-4\">sebess\u00e9gf\u00fcgg\u0151 szerv\u00f3korm\u00e1ny<\/li>\n<\/ul>\n<div class=\"border-bottom border-secondary-subtle mt-3\"><\/div>\n<\/div>\n<div>\n<div class=\"mb-3 fw-bold\">K\u00fclt\u00e9r<\/div>\n<ul class=\"grid ps-4 gap-0 column-gap-4\">\n<li class=\"g-col-12 g-col-sm-6 g-col-md-4\">xenon f\u00e9nysz\u00f3r\u00f3<\/li>\n<li class=\"g-col-12 g-col-sm-6 g-col-md-4\">es\u0151szenzor<\/li>\n<li class=\"g-col-12 g-col-sm-6 g-col-md-4\">elektromos ablak el\u00f6l<\/li>\n<li class=\"g-col-12 g-col-sm-6 g-col-md-4\">elektromos ablak h\u00e1tul<\/li>\n<li class=\"g-col-12 g-col-sm-6 g-col-md-4\">elektromos t\u00fck\u00f6r<\/li>\n<li class=\"g-col-12 g-col-sm-6 g-col-md-4\">f\u0171thet\u0151 t\u00fck\u00f6r<\/li>\n<li class=\"g-col-12 g-col-sm-6 g-col-md-4\">k\u00f6nny\u0171f\u00e9m felni<\/li>\n<li class=\"g-col-12 g-col-sm-6 g-col-md-4\">sz\u00ednezett \u00fcveg<\/li>\n<li class=\"g-col-12 g-col-sm-6 g-col-md-4\">tol\u00f3tet\u0151 (napf\u00e9nytet\u0151)<\/li>\n<li class=\"g-col-12 g-col-sm-6 g-col-md-4\">tol\u00f3tet\u0151 &#8211; elektromos<\/li>\n<\/ul>\n<div class=\"border-bottom border-secondary-subtle mt-3\"><\/div>\n<\/div>\n<div>\n<div class=\"mb-3 fw-bold\">Egy\u00e9b inform\u00e1ci\u00f3<\/div>\n<ul class=\"grid ps-4 gap-0 column-gap-4\">\n<li class=\"g-col-12 g-col-sm-6 g-col-md-4\">frissen szervizelt<\/li>\n<\/ul>\n<\/div>","protected":false},"excerpt":{"rendered":"<p>Elad\u00e1sra k\u00edn\u00e1lunk egy besz\u00e1m\u00edtott aut\u00f3nkat! Amit \u00e9rdemes r\u00f3la tudni! Fel\u00faj\u00edtott motor, f\u00e9k, \u00faj gumik, stb Az aut\u00f3ra sz\u00e1ml\u00e1kkal igazolhat\u00f3an sokkal t\u00f6bb lett r\u00e1k\u00f6ltve mint amennyire van h\u00edrdetve. B\u0151vebb inform\u00e1ci\u00f3t telefonon tudunk adni. Megtekint\u00e9shez el\u0151zetes telefonos egyeztet\u00e9sre van sz\u00fcks\u00e9g! Belt\u00e9r b\u0151r bels\u0151 mem\u00f3ri\u00e1s vezet\u0151\u00fcl\u00e9s \u00fcl\u00e9smagass\u00e1g \u00e1ll\u00edt\u00e1s k\u00f6z\u00e9ps\u0151 kart\u00e1masz multifunkci\u00f3s korm\u00e1nyker\u00e9k \u00e1ll\u00edthat\u00f3 combt\u00e1masz der\u00e9kt\u00e1masz b\u0151rkorm\u00e1ny f\u00fcgg\u00f6nyl\u00e9gzs\u00e1k h\u00e1ts\u00f3 [&hellip;]<\/p>\n","protected":false},"featured_media":23927,"template":"","meta":{"_acf_changed":false},"manufactures":[],"product_brand":[165],"product_cat":[25],"product_tag":[109],"class_list":{"0":"post-23832","1":"product","2":"type-product","3":"status-publish","4":"has-post-thumbnail","6":"product_brand-bmw","7":"product_cat-streetcar","8":"product_tag-sold","10":"first","11":"instock","12":"taxable","13":"shipping-taxable","14":"purchasable","15":"product-type-simple"},"exclude_global_add_ons":[],"addons":[],"acf":[],"yoast_head":"<!-- This site is optimized with the Yoast SEO Premium plugin v27.1 (Yoast SEO v27.2) - https:\/\/yoast.com\/product\/yoast-seo-premium-wordpress\/ -->\n<title>BMW 750i- SOLD! - K\u00e1rai Exclusive<\/title>\n<meta name=\"robots\" content=\"index, follow, max-snippet:-1, max-image-preview:large, max-video-preview:-1\" \/>\n<link rel=\"canonical\" href=\"https:\/\/karaiexclusiveracing.hu\/de\/produkt\/bmw-750i\/\" \/>\n<meta property=\"og:locale\" content=\"de_DE\" \/>\n<meta property=\"og:type\" content=\"article\" \/>\n<meta property=\"og:title\" content=\"BMW 750i- SOLD!\" \/>\n<meta property=\"og:description\" content=\"Elad\u00e1sra k\u00edn\u00e1lunk egy besz\u00e1m\u00edtott aut\u00f3nkat! Amit \u00e9rdemes r\u00f3la tudni! Fel\u00faj\u00edtott motor, f\u00e9k, \u00faj gumik, stb Az aut\u00f3ra sz\u00e1ml\u00e1kkal igazolhat\u00f3an sokkal t\u00f6bb lett r\u00e1k\u00f6ltve mint amennyire van h\u00edrdetve. B\u0151vebb inform\u00e1ci\u00f3t telefonon tudunk adni. Megtekint\u00e9shez el\u0151zetes telefonos egyeztet\u00e9sre van sz\u00fcks\u00e9g! Belt\u00e9r b\u0151r bels\u0151 mem\u00f3ri\u00e1s vezet\u0151\u00fcl\u00e9s \u00fcl\u00e9smagass\u00e1g \u00e1ll\u00edt\u00e1s k\u00f6z\u00e9ps\u0151 kart\u00e1masz multifunkci\u00f3s korm\u00e1nyker\u00e9k \u00e1ll\u00edthat\u00f3 combt\u00e1masz der\u00e9kt\u00e1masz b\u0151rkorm\u00e1ny f\u00fcgg\u00f6nyl\u00e9gzs\u00e1k h\u00e1ts\u00f3 [&hellip;]\" \/>\n<meta property=\"og:url\" content=\"https:\/\/karaiexclusiveracing.hu\/de\/produkt\/bmw-750i\/\" \/>\n<meta property=\"og:site_name\" content=\"K\u00e1rai Exclusive\" \/>\n<meta property=\"article:publisher\" content=\"https:\/\/www.facebook.com\/karaiexclusiveracing.hu\" \/>\n<meta property=\"article:modified_time\" content=\"2026-03-04T17:06:36+00:00\" \/>\n<meta property=\"og:image\" content=\"https:\/\/karaiexclusiveracing.hu\/wp-content\/uploads\/2025\/12\/Cimsor-hozzaadasa-25.png\" \/>\n\t<meta property=\"og:image:width\" content=\"995\" \/>\n\t<meta property=\"og:image:height\" content=\"768\" \/>\n\t<meta property=\"og:image:type\" content=\"image\/png\" \/>\n<meta name=\"twitter:card\" content=\"summary_large_image\" \/>\n<meta name=\"twitter:label1\" content=\"Gesch\u00e4tzte Lesezeit\" \/>\n\t<meta name=\"twitter:data1\" content=\"1\u00a0Minute\" \/>\n<script type=\"application\/ld+json\" class=\"yoast-schema-graph\">{\"@context\":\"https:\/\/schema.org\",\"@graph\":[{\"@type\":\"WebPage\",\"@id\":\"https:\/\/karaiexclusiveracing.hu\/termek\/bmw-750i\/\",\"url\":\"https:\/\/karaiexclusiveracing.hu\/termek\/bmw-750i\/\",\"name\":\"BMW 750i- SOLD! - K\u00e1rai Exclusive\",\"isPartOf\":{\"@id\":\"https:\/\/karaiexclusiveracing.hu\/#website\"},\"primaryImageOfPage\":{\"@id\":\"https:\/\/karaiexclusiveracing.hu\/termek\/bmw-750i\/#primaryimage\"},\"image\":{\"@id\":\"https:\/\/karaiexclusiveracing.hu\/termek\/bmw-750i\/#primaryimage\"},\"thumbnailUrl\":\"https:\/\/karaiexclusiveracing.hu\/wp-content\/uploads\/2025\/12\/Cimsor-hozzaadasa-25.png\",\"datePublished\":\"2025-12-16T12:43:22+00:00\",\"dateModified\":\"2026-03-04T17:06:36+00:00\",\"breadcrumb\":{\"@id\":\"https:\/\/karaiexclusiveracing.hu\/termek\/bmw-750i\/#breadcrumb\"},\"inLanguage\":\"de\",\"potentialAction\":[{\"@type\":\"ReadAction\",\"target\":[\"https:\/\/karaiexclusiveracing.hu\/termek\/bmw-750i\/\"]}]},{\"@type\":\"ImageObject\",\"inLanguage\":\"de\",\"@id\":\"https:\/\/karaiexclusiveracing.hu\/termek\/bmw-750i\/#primaryimage\",\"url\":\"https:\/\/karaiexclusiveracing.hu\/wp-content\/uploads\/2025\/12\/Cimsor-hozzaadasa-25.png\",\"contentUrl\":\"https:\/\/karaiexclusiveracing.hu\/wp-content\/uploads\/2025\/12\/Cimsor-hozzaadasa-25.png\",\"width\":995,\"height\":768},{\"@type\":\"BreadcrumbList\",\"@id\":\"https:\/\/karaiexclusiveracing.hu\/termek\/bmw-750i\/#breadcrumb\",\"itemListElement\":[{\"@type\":\"ListItem\",\"position\":1,\"name\":\"Kezd\u0151lap\",\"item\":\"https:\/\/karaiexclusiveracing.hu\/\"},{\"@type\":\"ListItem\",\"position\":2,\"name\":\"Elad\u00f3 aut\u00f3k\",\"item\":\"https:\/\/karaiexclusiveracing.hu\/elado-autok\/\"},{\"@type\":\"ListItem\",\"position\":3,\"name\":\"BMW 750i- SOLD!\"}]},{\"@type\":\"WebSite\",\"@id\":\"https:\/\/karaiexclusiveracing.hu\/#website\",\"url\":\"https:\/\/karaiexclusiveracing.hu\/\",\"name\":\"K\u00e1rai Exclusive Racing\",\"description\":\"\",\"publisher\":{\"@id\":\"https:\/\/karaiexclusiveracing.hu\/#organization\"},\"potentialAction\":[{\"@type\":\"SearchAction\",\"target\":{\"@type\":\"EntryPoint\",\"urlTemplate\":\"https:\/\/karaiexclusiveracing.hu\/?s={search_term_string}\"},\"query-input\":{\"@type\":\"PropertyValueSpecification\",\"valueRequired\":true,\"valueName\":\"search_term_string\"}}],\"inLanguage\":\"de\"},{\"@type\":\"Organization\",\"@id\":\"https:\/\/karaiexclusiveracing.hu\/#organization\",\"name\":\"K\u00e1rai Exclusive Racing\",\"url\":\"https:\/\/karaiexclusiveracing.hu\/\",\"logo\":{\"@type\":\"ImageObject\",\"inLanguage\":\"de\",\"@id\":\"https:\/\/karaiexclusiveracing.hu\/#\/schema\/logo\/image\/\",\"url\":\"https:\/\/www.karaiexclusiveracing.hu\/wp-content\/uploads\/2023\/10\/karai_exclusive_logo-1-1.png\",\"contentUrl\":\"https:\/\/www.karaiexclusiveracing.hu\/wp-content\/uploads\/2023\/10\/karai_exclusive_logo-1-1.png\",\"width\":1575,\"height\":435,\"caption\":\"K\u00e1rai Exclusive Racing\"},\"image\":{\"@id\":\"https:\/\/karaiexclusiveracing.hu\/#\/schema\/logo\/image\/\"},\"sameAs\":[\"https:\/\/www.facebook.com\/karaiexclusiveracing.hu\",\"https:\/\/www.instagram.com\/karaiexclusiveracing\/\"]}]}<\/script>\n<!-- \/ Yoast SEO Premium plugin. -->","yoast_head_json":{"title":"BMW 750i- SOLD! - K\u00e1rai Exclusive","robots":{"index":"index","follow":"follow","max-snippet":"max-snippet:-1","max-image-preview":"max-image-preview:large","max-video-preview":"max-video-preview:-1"},"canonical":"https:\/\/karaiexclusiveracing.hu\/de\/produkt\/bmw-750i\/","og_locale":"de_DE","og_type":"article","og_title":"BMW 750i- SOLD!","og_description":"Elad\u00e1sra k\u00edn\u00e1lunk egy besz\u00e1m\u00edtott aut\u00f3nkat! Amit \u00e9rdemes r\u00f3la tudni! Fel\u00faj\u00edtott motor, f\u00e9k, \u00faj gumik, stb Az aut\u00f3ra sz\u00e1ml\u00e1kkal igazolhat\u00f3an sokkal t\u00f6bb lett r\u00e1k\u00f6ltve mint amennyire van h\u00edrdetve. B\u0151vebb inform\u00e1ci\u00f3t telefonon tudunk adni. Megtekint\u00e9shez el\u0151zetes telefonos egyeztet\u00e9sre van sz\u00fcks\u00e9g! Belt\u00e9r b\u0151r bels\u0151 mem\u00f3ri\u00e1s vezet\u0151\u00fcl\u00e9s \u00fcl\u00e9smagass\u00e1g \u00e1ll\u00edt\u00e1s k\u00f6z\u00e9ps\u0151 kart\u00e1masz multifunkci\u00f3s korm\u00e1nyker\u00e9k \u00e1ll\u00edthat\u00f3 combt\u00e1masz der\u00e9kt\u00e1masz b\u0151rkorm\u00e1ny f\u00fcgg\u00f6nyl\u00e9gzs\u00e1k h\u00e1ts\u00f3 [&hellip;]","og_url":"https:\/\/karaiexclusiveracing.hu\/de\/produkt\/bmw-750i\/","og_site_name":"K\u00e1rai Exclusive","article_publisher":"https:\/\/www.facebook.com\/karaiexclusiveracing.hu","article_modified_time":"2026-03-04T17:06:36+00:00","og_image":[{"width":995,"height":768,"url":"https:\/\/karaiexclusiveracing.hu\/wp-content\/uploads\/2025\/12\/Cimsor-hozzaadasa-25.png","type":"image\/png"}],"twitter_card":"summary_large_image","twitter_misc":{"Gesch\u00e4tzte Lesezeit":"1\u00a0Minute"},"schema":{"@context":"https:\/\/schema.org","@graph":[{"@type":"WebPage","@id":"https:\/\/karaiexclusiveracing.hu\/termek\/bmw-750i\/","url":"https:\/\/karaiexclusiveracing.hu\/termek\/bmw-750i\/","name":"BMW 750i- SOLD! - K\u00e1rai Exclusive","isPartOf":{"@id":"https:\/\/karaiexclusiveracing.hu\/#website"},"primaryImageOfPage":{"@id":"https:\/\/karaiexclusiveracing.hu\/termek\/bmw-750i\/#primaryimage"},"image":{"@id":"https:\/\/karaiexclusiveracing.hu\/termek\/bmw-750i\/#primaryimage"},"thumbnailUrl":"https:\/\/karaiexclusiveracing.hu\/wp-content\/uploads\/2025\/12\/Cimsor-hozzaadasa-25.png","datePublished":"2025-12-16T12:43:22+00:00","dateModified":"2026-03-04T17:06:36+00:00","breadcrumb":{"@id":"https:\/\/karaiexclusiveracing.hu\/termek\/bmw-750i\/#breadcrumb"},"inLanguage":"de","potentialAction":[{"@type":"ReadAction","target":["https:\/\/karaiexclusiveracing.hu\/termek\/bmw-750i\/"]}]},{"@type":"ImageObject","inLanguage":"de","@id":"https:\/\/karaiexclusiveracing.hu\/termek\/bmw-750i\/#primaryimage","url":"https:\/\/karaiexclusiveracing.hu\/wp-content\/uploads\/2025\/12\/Cimsor-hozzaadasa-25.png","contentUrl":"https:\/\/karaiexclusiveracing.hu\/wp-content\/uploads\/2025\/12\/Cimsor-hozzaadasa-25.png","width":995,"height":768},{"@type":"BreadcrumbList","@id":"https:\/\/karaiexclusiveracing.hu\/termek\/bmw-750i\/#breadcrumb","itemListElement":[{"@type":"ListItem","position":1,"name":"Kezd\u0151lap","item":"https:\/\/karaiexclusiveracing.hu\/"},{"@type":"ListItem","position":2,"name":"Elad\u00f3 aut\u00f3k","item":"https:\/\/karaiexclusiveracing.hu\/elado-autok\/"},{"@type":"ListItem","position":3,"name":"BMW 750i- SOLD!"}]},{"@type":"WebSite","@id":"https:\/\/karaiexclusiveracing.hu\/#website","url":"https:\/\/karaiexclusiveracing.hu\/","name":"K\u00e1rai Exclusive Racing","description":"","publisher":{"@id":"https:\/\/karaiexclusiveracing.hu\/#organization"},"potentialAction":[{"@type":"SearchAction","target":{"@type":"EntryPoint","urlTemplate":"https:\/\/karaiexclusiveracing.hu\/?s={search_term_string}"},"query-input":{"@type":"PropertyValueSpecification","valueRequired":true,"valueName":"search_term_string"}}],"inLanguage":"de"},{"@type":"Organization","@id":"https:\/\/karaiexclusiveracing.hu\/#organization","name":"K\u00e1rai Exclusive Racing","url":"https:\/\/karaiexclusiveracing.hu\/","logo":{"@type":"ImageObject","inLanguage":"de","@id":"https:\/\/karaiexclusiveracing.hu\/#\/schema\/logo\/image\/","url":"https:\/\/www.karaiexclusiveracing.hu\/wp-content\/uploads\/2023\/10\/karai_exclusive_logo-1-1.png","contentUrl":"https:\/\/www.karaiexclusiveracing.hu\/wp-content\/uploads\/2023\/10\/karai_exclusive_logo-1-1.png","width":1575,"height":435,"caption":"K\u00e1rai Exclusive Racing"},"image":{"@id":"https:\/\/karaiexclusiveracing.hu\/#\/schema\/logo\/image\/"},"sameAs":["https:\/\/www.facebook.com\/karaiexclusiveracing.hu","https:\/\/www.instagram.com\/karaiexclusiveracing\/"]}]}},"_links":{"self":[{"href":"http:\/\/karaiexclusiveracing.hu\/de\/wp-json\/wp\/v2\/product\/23832","targetHints":{"allow":["GET"]}}],"collection":[{"href":"http:\/\/karaiexclusiveracing.hu\/de\/wp-json\/wp\/v2\/product"}],"about":[{"href":"http:\/\/karaiexclusiveracing.hu\/de\/wp-json\/wp\/v2\/types\/product"}],"wp:featuredmedia":[{"embeddable":true,"href":"http:\/\/karaiexclusiveracing.hu\/de\/wp-json\/wp\/v2\/media\/23927"}],"wp:attachment":[{"href":"http:\/\/karaiexclusiveracing.hu\/de\/wp-json\/wp\/v2\/media?parent=23832"}],"wp:term":[{"taxonomy":"manufactures","embeddable":true,"href":"http:\/\/karaiexclusiveracing.hu\/de\/wp-json\/wp\/v2\/manufactures?post=23832"},{"taxonomy":"product_brand","embeddable":true,"href":"http:\/\/karaiexclusiveracing.hu\/de\/wp-json\/wp\/v2\/product_brand?post=23832"},{"taxonomy":"product_cat","embeddable":true,"href":"http:\/\/karaiexclusiveracing.hu\/de\/wp-json\/wp\/v2\/product_cat?post=23832"},{"taxonomy":"product_tag","embeddable":true,"href":"http:\/\/karaiexclusiveracing.hu\/de\/wp-json\/wp\/v2\/product_tag?post=23832"}],"curies":[{"name":"wp","href":"https:\/\/api.w.org\/{rel}","templated":true}]}}