{"id":23504,"date":"2025-10-22T13:42:36","date_gmt":"2025-10-22T11:42:36","guid":{"rendered":"https:\/\/www.karaiexclusiveracing.hu\/?post_type=product&#038;p=23504"},"modified":"2025-12-22T13:35:14","modified_gmt":"2025-12-22T12:35:14","slug":"bmw-318i-touring","status":"publish","type":"product","link":"http:\/\/karaiexclusiveracing.hu\/de\/termek\/bmw-318i-touring\/","title":{"rendered":"BMW 318i Touring"},"content":{"rendered":"<p>BMW E36 318i Touring. Kiv\u00e1l\u00f3 aut\u00f3 t\u00e9lre! K\u00f6zel 20 \u00e9vig egy tulaja volt! Az aut\u00f3n jelenleg nincs m\u0171szaki vizsga de egy pici t\u00f6r\u0151d\u00e9ssel le lehet vizsg\u00e1ztatni!(ig\u00e9ny eset\u00e9n plusz p\u00e9nz\u00e9rt megoldjuk) Az aut\u00f3n a k\u00e9t k\u00fcsz\u00f6b m\u00e1r volt cser\u00e9lve! Nem esel ki az alj\u00e1n! K\u00e9t els\u0151 leng\u0151kar als\u00f3 t\u00e1mcsap \u00faj, h\u00e1ts\u00f3 f\u00e9k \u00faj, v\u00edzpumpa \u00faj stb. J\u00f3 \u00e1llapot\u00fa t\u00e9ligumival! B\u0151vebb inform\u00e1ci\u00f3 telefonon k\u00e9rhet\u0151!<br \/>\nA g\u00e9pj\u00e1rm\u0171 el\u0151zetes egyeztet\u00e9st k\u00f6vet\u0151en megtekinthet\u0151 Nagytarcs\u00e1n a Fels\u0151 Ipari K\u00f6r\u00fat 2\/C c\u00edmen.<\/p>\n<p><strong>Belt\u00e9r:<\/strong><\/p>\n<p>\u00c1ll\u00edthat\u00f3 korm\u00e1ny<\/p>\n<p><strong>K\u00fclt\u00e9r<\/strong><\/p>\n<p>elektromos ablak el\u0151l<\/p>\n<p>elektromos t\u00fck\u00f6r<\/p>\n<p>f\u0171thet\u0151 t\u00fck\u00f6r<\/p>\n<p>k\u00f6nny\u0171f\u00e9m felni<\/p>\n<p>sz\u00ednezett \u00fcveg<\/p>\n<p><strong>M\u0171szaki<\/strong><\/p>\n<p>Centr\u00e1lz\u00e1r<\/p>\n<p>szervokorm\u00e1ny<\/p>\n<p>Von\u00f3horog &#8211; levehet\u0151 fejjel<\/p>","protected":false},"excerpt":{"rendered":"<p>BMW E36 318i Touring. Kiv\u00e1l\u00f3 aut\u00f3 t\u00e9lre! K\u00f6zel 20 \u00e9vig egy tulaja volt! Az aut\u00f3n jelenleg nincs m\u0171szaki vizsga de egy pici t\u00f6r\u0151d\u00e9ssel le lehet vizsg\u00e1ztatni!(ig\u00e9ny eset\u00e9n plusz p\u00e9nz\u00e9rt megoldjuk) Az aut\u00f3n a k\u00e9t k\u00fcsz\u00f6b m\u00e1r volt cser\u00e9lve! Nem esel ki az alj\u00e1n! K\u00e9t els\u0151 leng\u0151kar als\u00f3 t\u00e1mcsap \u00faj, h\u00e1ts\u00f3 f\u00e9k \u00faj, v\u00edzpumpa \u00faj stb. [&hellip;]<\/p>\n","protected":false},"featured_media":23550,"template":"","meta":{"_acf_changed":false},"manufactures":[],"product_brand":[165],"product_cat":[25],"product_tag":[109],"class_list":{"0":"post-23504","1":"product","2":"type-product","3":"status-publish","4":"has-post-thumbnail","6":"product_brand-bmw","7":"product_cat-streetcar","8":"product_tag-sold","10":"first","11":"instock","12":"taxable","13":"shipping-taxable","14":"purchasable","15":"product-type-simple"},"exclude_global_add_ons":[],"addons":[],"acf":[],"yoast_head":"<!-- This site is optimized with the Yoast SEO Premium plugin v27.1 (Yoast SEO v27.2) - https:\/\/yoast.com\/product\/yoast-seo-premium-wordpress\/ -->\n<title>BMW 318i Touring - K\u00e1rai Exclusive<\/title>\n<meta name=\"robots\" content=\"index, follow, max-snippet:-1, max-image-preview:large, max-video-preview:-1\" \/>\n<link rel=\"canonical\" href=\"https:\/\/karaiexclusiveracing.hu\/de\/produkt\/bmw-318i-touring\/\" \/>\n<meta property=\"og:locale\" content=\"de_DE\" \/>\n<meta property=\"og:type\" content=\"article\" \/>\n<meta property=\"og:title\" content=\"BMW 318i Touring\" \/>\n<meta property=\"og:description\" content=\"BMW E36 318i Touring. Kiv\u00e1l\u00f3 aut\u00f3 t\u00e9lre! K\u00f6zel 20 \u00e9vig egy tulaja volt! Az aut\u00f3n jelenleg nincs m\u0171szaki vizsga de egy pici t\u00f6r\u0151d\u00e9ssel le lehet vizsg\u00e1ztatni!(ig\u00e9ny eset\u00e9n plusz p\u00e9nz\u00e9rt megoldjuk) Az aut\u00f3n a k\u00e9t k\u00fcsz\u00f6b m\u00e1r volt cser\u00e9lve! Nem esel ki az alj\u00e1n! K\u00e9t els\u0151 leng\u0151kar als\u00f3 t\u00e1mcsap \u00faj, h\u00e1ts\u00f3 f\u00e9k \u00faj, v\u00edzpumpa \u00faj stb. [&hellip;]\" \/>\n<meta property=\"og:url\" content=\"https:\/\/karaiexclusiveracing.hu\/de\/produkt\/bmw-318i-touring\/\" \/>\n<meta property=\"og:site_name\" content=\"K\u00e1rai Exclusive\" \/>\n<meta property=\"article:publisher\" content=\"https:\/\/www.facebook.com\/karaiexclusiveracing.hu\" \/>\n<meta property=\"article:modified_time\" content=\"2025-12-22T12:35:14+00:00\" \/>\n<meta property=\"og:image\" content=\"https:\/\/karaiexclusiveracing.hu\/wp-content\/uploads\/2025\/10\/BMW318i.png\" \/>\n\t<meta property=\"og:image:width\" content=\"1000\" \/>\n\t<meta property=\"og:image:height\" content=\"574\" \/>\n\t<meta property=\"og:image:type\" content=\"image\/png\" \/>\n<meta name=\"twitter:card\" content=\"summary_large_image\" \/>\n<meta name=\"twitter:label1\" content=\"Gesch\u00e4tzte Lesezeit\" \/>\n\t<meta name=\"twitter:data1\" content=\"1\u00a0Minute\" \/>\n<script type=\"application\/ld+json\" class=\"yoast-schema-graph\">{\"@context\":\"https:\/\/schema.org\",\"@graph\":[{\"@type\":\"WebPage\",\"@id\":\"https:\/\/karaiexclusiveracing.hu\/en\/product\/bmw-318i-touring\/\",\"url\":\"https:\/\/karaiexclusiveracing.hu\/en\/product\/bmw-318i-touring\/\",\"name\":\"BMW 318i Touring - K\u00e1rai Exclusive\",\"isPartOf\":{\"@id\":\"https:\/\/karaiexclusiveracing.hu\/#website\"},\"primaryImageOfPage\":{\"@id\":\"https:\/\/karaiexclusiveracing.hu\/en\/product\/bmw-318i-touring\/#primaryimage\"},\"image\":{\"@id\":\"https:\/\/karaiexclusiveracing.hu\/en\/product\/bmw-318i-touring\/#primaryimage\"},\"thumbnailUrl\":\"https:\/\/karaiexclusiveracing.hu\/wp-content\/uploads\/2025\/10\/BMW318i.png\",\"datePublished\":\"2025-10-22T11:42:36+00:00\",\"dateModified\":\"2025-12-22T12:35:14+00:00\",\"breadcrumb\":{\"@id\":\"https:\/\/karaiexclusiveracing.hu\/en\/product\/bmw-318i-touring\/#breadcrumb\"},\"inLanguage\":\"de\",\"potentialAction\":[{\"@type\":\"ReadAction\",\"target\":[\"https:\/\/karaiexclusiveracing.hu\/en\/product\/bmw-318i-touring\/\"]}]},{\"@type\":\"ImageObject\",\"inLanguage\":\"de\",\"@id\":\"https:\/\/karaiexclusiveracing.hu\/en\/product\/bmw-318i-touring\/#primaryimage\",\"url\":\"https:\/\/karaiexclusiveracing.hu\/wp-content\/uploads\/2025\/10\/BMW318i.png\",\"contentUrl\":\"https:\/\/karaiexclusiveracing.hu\/wp-content\/uploads\/2025\/10\/BMW318i.png\",\"width\":1000,\"height\":574},{\"@type\":\"BreadcrumbList\",\"@id\":\"https:\/\/karaiexclusiveracing.hu\/en\/product\/bmw-318i-touring\/#breadcrumb\",\"itemListElement\":[{\"@type\":\"ListItem\",\"position\":1,\"name\":\"Kezd\u0151lap\",\"item\":\"https:\/\/karaiexclusiveracing.hu\/\"},{\"@type\":\"ListItem\",\"position\":2,\"name\":\"Elad\u00f3 aut\u00f3k\",\"item\":\"https:\/\/karaiexclusiveracing.hu\/elado-autok\/\"},{\"@type\":\"ListItem\",\"position\":3,\"name\":\"BMW 318i Touring\"}]},{\"@type\":\"WebSite\",\"@id\":\"https:\/\/karaiexclusiveracing.hu\/#website\",\"url\":\"https:\/\/karaiexclusiveracing.hu\/\",\"name\":\"K\u00e1rai Exclusive Racing\",\"description\":\"\",\"publisher\":{\"@id\":\"https:\/\/karaiexclusiveracing.hu\/#organization\"},\"potentialAction\":[{\"@type\":\"SearchAction\",\"target\":{\"@type\":\"EntryPoint\",\"urlTemplate\":\"https:\/\/karaiexclusiveracing.hu\/?s={search_term_string}\"},\"query-input\":{\"@type\":\"PropertyValueSpecification\",\"valueRequired\":true,\"valueName\":\"search_term_string\"}}],\"inLanguage\":\"de\"},{\"@type\":\"Organization\",\"@id\":\"https:\/\/karaiexclusiveracing.hu\/#organization\",\"name\":\"K\u00e1rai Exclusive Racing\",\"url\":\"https:\/\/karaiexclusiveracing.hu\/\",\"logo\":{\"@type\":\"ImageObject\",\"inLanguage\":\"de\",\"@id\":\"https:\/\/karaiexclusiveracing.hu\/#\/schema\/logo\/image\/\",\"url\":\"https:\/\/www.karaiexclusiveracing.hu\/wp-content\/uploads\/2023\/10\/karai_exclusive_logo-1-1.png\",\"contentUrl\":\"https:\/\/www.karaiexclusiveracing.hu\/wp-content\/uploads\/2023\/10\/karai_exclusive_logo-1-1.png\",\"width\":1575,\"height\":435,\"caption\":\"K\u00e1rai Exclusive Racing\"},\"image\":{\"@id\":\"https:\/\/karaiexclusiveracing.hu\/#\/schema\/logo\/image\/\"},\"sameAs\":[\"https:\/\/www.facebook.com\/karaiexclusiveracing.hu\",\"https:\/\/www.instagram.com\/karaiexclusiveracing\/\"]}]}<\/script>\n<!-- \/ Yoast SEO Premium plugin. -->","yoast_head_json":{"title":"BMW 318i Touring - K\u00e1rai Exclusive","robots":{"index":"index","follow":"follow","max-snippet":"max-snippet:-1","max-image-preview":"max-image-preview:large","max-video-preview":"max-video-preview:-1"},"canonical":"https:\/\/karaiexclusiveracing.hu\/de\/produkt\/bmw-318i-touring\/","og_locale":"de_DE","og_type":"article","og_title":"BMW 318i Touring","og_description":"BMW E36 318i Touring. Kiv\u00e1l\u00f3 aut\u00f3 t\u00e9lre! K\u00f6zel 20 \u00e9vig egy tulaja volt! Az aut\u00f3n jelenleg nincs m\u0171szaki vizsga de egy pici t\u00f6r\u0151d\u00e9ssel le lehet vizsg\u00e1ztatni!(ig\u00e9ny eset\u00e9n plusz p\u00e9nz\u00e9rt megoldjuk) Az aut\u00f3n a k\u00e9t k\u00fcsz\u00f6b m\u00e1r volt cser\u00e9lve! Nem esel ki az alj\u00e1n! K\u00e9t els\u0151 leng\u0151kar als\u00f3 t\u00e1mcsap \u00faj, h\u00e1ts\u00f3 f\u00e9k \u00faj, v\u00edzpumpa \u00faj stb. [&hellip;]","og_url":"https:\/\/karaiexclusiveracing.hu\/de\/produkt\/bmw-318i-touring\/","og_site_name":"K\u00e1rai Exclusive","article_publisher":"https:\/\/www.facebook.com\/karaiexclusiveracing.hu","article_modified_time":"2025-12-22T12:35:14+00:00","og_image":[{"width":1000,"height":574,"url":"https:\/\/karaiexclusiveracing.hu\/wp-content\/uploads\/2025\/10\/BMW318i.png","type":"image\/png"}],"twitter_card":"summary_large_image","twitter_misc":{"Gesch\u00e4tzte Lesezeit":"1\u00a0Minute"},"schema":{"@context":"https:\/\/schema.org","@graph":[{"@type":"WebPage","@id":"https:\/\/karaiexclusiveracing.hu\/en\/product\/bmw-318i-touring\/","url":"https:\/\/karaiexclusiveracing.hu\/en\/product\/bmw-318i-touring\/","name":"BMW 318i Touring - K\u00e1rai Exclusive","isPartOf":{"@id":"https:\/\/karaiexclusiveracing.hu\/#website"},"primaryImageOfPage":{"@id":"https:\/\/karaiexclusiveracing.hu\/en\/product\/bmw-318i-touring\/#primaryimage"},"image":{"@id":"https:\/\/karaiexclusiveracing.hu\/en\/product\/bmw-318i-touring\/#primaryimage"},"thumbnailUrl":"https:\/\/karaiexclusiveracing.hu\/wp-content\/uploads\/2025\/10\/BMW318i.png","datePublished":"2025-10-22T11:42:36+00:00","dateModified":"2025-12-22T12:35:14+00:00","breadcrumb":{"@id":"https:\/\/karaiexclusiveracing.hu\/en\/product\/bmw-318i-touring\/#breadcrumb"},"inLanguage":"de","potentialAction":[{"@type":"ReadAction","target":["https:\/\/karaiexclusiveracing.hu\/en\/product\/bmw-318i-touring\/"]}]},{"@type":"ImageObject","inLanguage":"de","@id":"https:\/\/karaiexclusiveracing.hu\/en\/product\/bmw-318i-touring\/#primaryimage","url":"https:\/\/karaiexclusiveracing.hu\/wp-content\/uploads\/2025\/10\/BMW318i.png","contentUrl":"https:\/\/karaiexclusiveracing.hu\/wp-content\/uploads\/2025\/10\/BMW318i.png","width":1000,"height":574},{"@type":"BreadcrumbList","@id":"https:\/\/karaiexclusiveracing.hu\/en\/product\/bmw-318i-touring\/#breadcrumb","itemListElement":[{"@type":"ListItem","position":1,"name":"Kezd\u0151lap","item":"https:\/\/karaiexclusiveracing.hu\/"},{"@type":"ListItem","position":2,"name":"Elad\u00f3 aut\u00f3k","item":"https:\/\/karaiexclusiveracing.hu\/elado-autok\/"},{"@type":"ListItem","position":3,"name":"BMW 318i Touring"}]},{"@type":"WebSite","@id":"https:\/\/karaiexclusiveracing.hu\/#website","url":"https:\/\/karaiexclusiveracing.hu\/","name":"K\u00e1rai Exclusive Racing","description":"","publisher":{"@id":"https:\/\/karaiexclusiveracing.hu\/#organization"},"potentialAction":[{"@type":"SearchAction","target":{"@type":"EntryPoint","urlTemplate":"https:\/\/karaiexclusiveracing.hu\/?s={search_term_string}"},"query-input":{"@type":"PropertyValueSpecification","valueRequired":true,"valueName":"search_term_string"}}],"inLanguage":"de"},{"@type":"Organization","@id":"https:\/\/karaiexclusiveracing.hu\/#organization","name":"K\u00e1rai Exclusive Racing","url":"https:\/\/karaiexclusiveracing.hu\/","logo":{"@type":"ImageObject","inLanguage":"de","@id":"https:\/\/karaiexclusiveracing.hu\/#\/schema\/logo\/image\/","url":"https:\/\/www.karaiexclusiveracing.hu\/wp-content\/uploads\/2023\/10\/karai_exclusive_logo-1-1.png","contentUrl":"https:\/\/www.karaiexclusiveracing.hu\/wp-content\/uploads\/2023\/10\/karai_exclusive_logo-1-1.png","width":1575,"height":435,"caption":"K\u00e1rai Exclusive Racing"},"image":{"@id":"https:\/\/karaiexclusiveracing.hu\/#\/schema\/logo\/image\/"},"sameAs":["https:\/\/www.facebook.com\/karaiexclusiveracing.hu","https:\/\/www.instagram.com\/karaiexclusiveracing\/"]}]}},"_links":{"self":[{"href":"http:\/\/karaiexclusiveracing.hu\/de\/wp-json\/wp\/v2\/product\/23504","targetHints":{"allow":["GET"]}}],"collection":[{"href":"http:\/\/karaiexclusiveracing.hu\/de\/wp-json\/wp\/v2\/product"}],"about":[{"href":"http:\/\/karaiexclusiveracing.hu\/de\/wp-json\/wp\/v2\/types\/product"}],"wp:featuredmedia":[{"embeddable":true,"href":"http:\/\/karaiexclusiveracing.hu\/de\/wp-json\/wp\/v2\/media\/23550"}],"wp:attachment":[{"href":"http:\/\/karaiexclusiveracing.hu\/de\/wp-json\/wp\/v2\/media?parent=23504"}],"wp:term":[{"taxonomy":"manufactures","embeddable":true,"href":"http:\/\/karaiexclusiveracing.hu\/de\/wp-json\/wp\/v2\/manufactures?post=23504"},{"taxonomy":"product_brand","embeddable":true,"href":"http:\/\/karaiexclusiveracing.hu\/de\/wp-json\/wp\/v2\/product_brand?post=23504"},{"taxonomy":"product_cat","embeddable":true,"href":"http:\/\/karaiexclusiveracing.hu\/de\/wp-json\/wp\/v2\/product_cat?post=23504"},{"taxonomy":"product_tag","embeddable":true,"href":"http:\/\/karaiexclusiveracing.hu\/de\/wp-json\/wp\/v2\/product_tag?post=23504"}],"curies":[{"name":"wp","href":"https:\/\/api.w.org\/{rel}","templated":true}]}}