{"id":22702,"date":"2025-03-21T07:50:36","date_gmt":"2025-03-21T06:50:36","guid":{"rendered":"https:\/\/www.karaiexclusiveracing.hu\/?post_type=product&#038;p=22702"},"modified":"2025-09-15T15:39:31","modified_gmt":"2025-09-15T13:39:31","slug":"vw-golf-r32","status":"publish","type":"product","link":"http:\/\/karaiexclusiveracing.hu\/de\/termek\/vw-golf-r32\/","title":{"rendered":"VW GOLF R32 &#8211; SOLD!"},"content":{"rendered":"<p>Elad\u00e1sra k\u00edn\u00e1lunk egy <strong>VW Golf R32<\/strong> megk\u00edm\u00e9lt, <strong>gy\u00e1rias \u00e1llapotban<\/strong>. <strong>Els\u0151 tulajdonost\u00f3l<\/strong> v\u00e1s\u00e1rolt aut\u00f3, amely a magasabb fut\u00e1steljes\u00edtm\u00e9ny ellen\u00e9re is <strong>kiemelked\u0151en j\u00f3 \u00e1llapot\u00fa<\/strong>. Karossz\u00e9ri\u00e1ja rozsdamentes, a nyugat-eur\u00f3pai \u00e1tlaghoz k\u00e9pest is kiemelked\u0151 \u00e1llapot\u00fa. Ritka, eredeti p\u00e9ld\u00e1ny a sportos Golf-modellek rajong\u00f3inak!<\/p>\n<p><strong>Extr\u00e1k:<\/strong><\/p>\n<ul>\n<li>Szervokorm\u00e1ny<\/li>\n<li>K\u00f6zponti z\u00e1r<\/li>\n<li>Digit\u00e1lis kl\u00edma<\/li>\n<li>\u00dcl\u00e9sf\u0171t\u00e9s<\/li>\n<li>Tempomat<\/li>\n<li>Sport \u00fcl\u00e9sek<\/li>\n<\/ul>\n<p><strong>Tov\u00e1bbi inform\u00e1ci\u00f3k\u00e9rt \u00e9rdekl\u0151dj telefonon!\u00a0<\/strong><\/p>","protected":false},"excerpt":{"rendered":"<p>Elad\u00e1sra k\u00edn\u00e1lunk egy VW Golf R32 megk\u00edm\u00e9lt, gy\u00e1rias \u00e1llapotban. Els\u0151 tulajdonost\u00f3l v\u00e1s\u00e1rolt aut\u00f3, amely a magasabb fut\u00e1steljes\u00edtm\u00e9ny ellen\u00e9re is kiemelked\u0151en j\u00f3 \u00e1llapot\u00fa. Karossz\u00e9ri\u00e1ja rozsdamentes, a nyugat-eur\u00f3pai \u00e1tlaghoz k\u00e9pest is kiemelked\u0151 \u00e1llapot\u00fa. Ritka, eredeti p\u00e9ld\u00e1ny a sportos Golf-modellek rajong\u00f3inak! Extr\u00e1k: Szervokorm\u00e1ny K\u00f6zponti z\u00e1r Digit\u00e1lis kl\u00edma \u00dcl\u00e9sf\u0171t\u00e9s Tempomat Sport \u00fcl\u00e9sek Tov\u00e1bbi inform\u00e1ci\u00f3k\u00e9rt \u00e9rdekl\u0151dj telefonon!\u00a0<\/p>","protected":false},"featured_media":23388,"template":"","meta":{"_acf_changed":false},"manufactures":[],"product_brand":[],"product_cat":[25],"product_tag":[],"class_list":{"0":"post-22702","1":"product","2":"type-product","3":"status-publish","4":"has-post-thumbnail","6":"product_cat-streetcar","8":"first","9":"instock","10":"taxable","11":"shipping-taxable","12":"purchasable","13":"product-type-simple"},"exclude_global_add_ons":[],"addons":[],"acf":[],"yoast_head":"<!-- This site is optimized with the Yoast SEO Premium plugin v27.1 (Yoast SEO v27.2) - https:\/\/yoast.com\/product\/yoast-seo-premium-wordpress\/ -->\n<title>VW GOLF R32 - SOLD! - K\u00e1rai Exclusive<\/title>\n<meta name=\"description\" content=\"VW Golf R32, gy\u00e1rihoz k\u00f6zeli, meg\u0151rz\u00f6tt \u00e1llapotban, els\u0151 tulajdonost\u00f3l. Kiv\u00e1l\u00f3 karossz\u00e9ria-\u00e1llapot, val\u00f3di ritkas\u00e1g a kateg\u00f3ri\u00e1j\u00e1ban\" \/>\n<meta name=\"robots\" content=\"index, follow, max-snippet:-1, max-image-preview:large, max-video-preview:-1\" \/>\n<link rel=\"canonical\" href=\"https:\/\/karaiexclusiveracing.hu\/de\/produkt\/vw-golf-r32\/\" \/>\n<meta property=\"og:locale\" content=\"de_DE\" \/>\n<meta property=\"og:type\" content=\"article\" \/>\n<meta property=\"og:title\" content=\"VW GOLF R32 - SOLD!\" \/>\n<meta property=\"og:description\" content=\"VW Golf R32, gy\u00e1rihoz k\u00f6zeli, meg\u0151rz\u00f6tt \u00e1llapotban, els\u0151 tulajdonost\u00f3l. Kiv\u00e1l\u00f3 karossz\u00e9ria-\u00e1llapot, val\u00f3di ritkas\u00e1g a kateg\u00f3ri\u00e1j\u00e1ban\" \/>\n<meta property=\"og:url\" content=\"https:\/\/karaiexclusiveracing.hu\/de\/produkt\/vw-golf-r32\/\" \/>\n<meta property=\"og:site_name\" content=\"K\u00e1rai Exclusive\" \/>\n<meta property=\"article:publisher\" content=\"https:\/\/www.facebook.com\/karaiexclusiveracing.hu\" \/>\n<meta property=\"article:modified_time\" content=\"2025-09-15T13:39:31+00:00\" \/>\n<meta property=\"og:image\" content=\"https:\/\/karaiexclusiveracing.hu\/wp-content\/uploads\/2025\/03\/Cimsor-hozzaadasa-6.png\" \/>\n\t<meta property=\"og:image:width\" content=\"969\" \/>\n\t<meta property=\"og:image:height\" content=\"622\" \/>\n\t<meta property=\"og:image:type\" content=\"image\/png\" \/>\n<meta name=\"twitter:card\" content=\"summary_large_image\" \/>\n<meta name=\"twitter:label1\" content=\"Gesch\u00e4tzte Lesezeit\" \/>\n\t<meta name=\"twitter:data1\" content=\"1\u00a0Minute\" \/>\n<script type=\"application\/ld+json\" class=\"yoast-schema-graph\">{\"@context\":\"https:\/\/schema.org\",\"@graph\":[{\"@type\":\"WebPage\",\"@id\":\"https:\/\/karaiexclusiveracing.hu\/termek\/vw-golf-r32\/\",\"url\":\"https:\/\/karaiexclusiveracing.hu\/termek\/vw-golf-r32\/\",\"name\":\"VW GOLF R32 - SOLD! - K\u00e1rai Exclusive\",\"isPartOf\":{\"@id\":\"https:\/\/karaiexclusiveracing.hu\/#website\"},\"primaryImageOfPage\":{\"@id\":\"https:\/\/karaiexclusiveracing.hu\/termek\/vw-golf-r32\/#primaryimage\"},\"image\":{\"@id\":\"https:\/\/karaiexclusiveracing.hu\/termek\/vw-golf-r32\/#primaryimage\"},\"thumbnailUrl\":\"https:\/\/karaiexclusiveracing.hu\/wp-content\/uploads\/2025\/03\/Cimsor-hozzaadasa-6.png\",\"datePublished\":\"2025-03-21T06:50:36+00:00\",\"dateModified\":\"2025-09-15T13:39:31+00:00\",\"description\":\"VW Golf R32, gy\u00e1rihoz k\u00f6zeli, meg\u0151rz\u00f6tt \u00e1llapotban, els\u0151 tulajdonost\u00f3l. Kiv\u00e1l\u00f3 karossz\u00e9ria-\u00e1llapot, val\u00f3di ritkas\u00e1g a kateg\u00f3ri\u00e1j\u00e1ban\",\"breadcrumb\":{\"@id\":\"https:\/\/karaiexclusiveracing.hu\/termek\/vw-golf-r32\/#breadcrumb\"},\"inLanguage\":\"de\",\"potentialAction\":[{\"@type\":\"ReadAction\",\"target\":[\"https:\/\/karaiexclusiveracing.hu\/termek\/vw-golf-r32\/\"]}]},{\"@type\":\"ImageObject\",\"inLanguage\":\"de\",\"@id\":\"https:\/\/karaiexclusiveracing.hu\/termek\/vw-golf-r32\/#primaryimage\",\"url\":\"https:\/\/karaiexclusiveracing.hu\/wp-content\/uploads\/2025\/03\/Cimsor-hozzaadasa-6.png\",\"contentUrl\":\"https:\/\/karaiexclusiveracing.hu\/wp-content\/uploads\/2025\/03\/Cimsor-hozzaadasa-6.png\",\"width\":969,\"height\":622},{\"@type\":\"BreadcrumbList\",\"@id\":\"https:\/\/karaiexclusiveracing.hu\/termek\/vw-golf-r32\/#breadcrumb\",\"itemListElement\":[{\"@type\":\"ListItem\",\"position\":1,\"name\":\"Kezd\u0151lap\",\"item\":\"https:\/\/karaiexclusiveracing.hu\/\"},{\"@type\":\"ListItem\",\"position\":2,\"name\":\"Elad\u00f3 aut\u00f3k\",\"item\":\"https:\/\/karaiexclusiveracing.hu\/elado-autok\/\"},{\"@type\":\"ListItem\",\"position\":3,\"name\":\"VW GOLF R32 &#8211; SOLD!\"}]},{\"@type\":\"WebSite\",\"@id\":\"https:\/\/karaiexclusiveracing.hu\/#website\",\"url\":\"https:\/\/karaiexclusiveracing.hu\/\",\"name\":\"K\u00e1rai Exclusive Racing\",\"description\":\"\",\"publisher\":{\"@id\":\"https:\/\/karaiexclusiveracing.hu\/#organization\"},\"potentialAction\":[{\"@type\":\"SearchAction\",\"target\":{\"@type\":\"EntryPoint\",\"urlTemplate\":\"https:\/\/karaiexclusiveracing.hu\/?s={search_term_string}\"},\"query-input\":{\"@type\":\"PropertyValueSpecification\",\"valueRequired\":true,\"valueName\":\"search_term_string\"}}],\"inLanguage\":\"de\"},{\"@type\":\"Organization\",\"@id\":\"https:\/\/karaiexclusiveracing.hu\/#organization\",\"name\":\"K\u00e1rai Exclusive Racing\",\"url\":\"https:\/\/karaiexclusiveracing.hu\/\",\"logo\":{\"@type\":\"ImageObject\",\"inLanguage\":\"de\",\"@id\":\"https:\/\/karaiexclusiveracing.hu\/#\/schema\/logo\/image\/\",\"url\":\"https:\/\/www.karaiexclusiveracing.hu\/wp-content\/uploads\/2023\/10\/karai_exclusive_logo-1-1.png\",\"contentUrl\":\"https:\/\/www.karaiexclusiveracing.hu\/wp-content\/uploads\/2023\/10\/karai_exclusive_logo-1-1.png\",\"width\":1575,\"height\":435,\"caption\":\"K\u00e1rai Exclusive Racing\"},\"image\":{\"@id\":\"https:\/\/karaiexclusiveracing.hu\/#\/schema\/logo\/image\/\"},\"sameAs\":[\"https:\/\/www.facebook.com\/karaiexclusiveracing.hu\",\"https:\/\/www.instagram.com\/karaiexclusiveracing\/\"]}]}<\/script>\n<!-- \/ Yoast SEO Premium plugin. -->","yoast_head_json":{"title":"VW GOLF R32 - SOLD! - K\u00e1rai Exclusive","description":"VW Golf R32, gy\u00e1rihoz k\u00f6zeli, meg\u0151rz\u00f6tt \u00e1llapotban, els\u0151 tulajdonost\u00f3l. Kiv\u00e1l\u00f3 karossz\u00e9ria-\u00e1llapot, val\u00f3di ritkas\u00e1g a kateg\u00f3ri\u00e1j\u00e1ban","robots":{"index":"index","follow":"follow","max-snippet":"max-snippet:-1","max-image-preview":"max-image-preview:large","max-video-preview":"max-video-preview:-1"},"canonical":"https:\/\/karaiexclusiveracing.hu\/de\/produkt\/vw-golf-r32\/","og_locale":"de_DE","og_type":"article","og_title":"VW GOLF R32 - SOLD!","og_description":"VW Golf R32, gy\u00e1rihoz k\u00f6zeli, meg\u0151rz\u00f6tt \u00e1llapotban, els\u0151 tulajdonost\u00f3l. Kiv\u00e1l\u00f3 karossz\u00e9ria-\u00e1llapot, val\u00f3di ritkas\u00e1g a kateg\u00f3ri\u00e1j\u00e1ban","og_url":"https:\/\/karaiexclusiveracing.hu\/de\/produkt\/vw-golf-r32\/","og_site_name":"K\u00e1rai Exclusive","article_publisher":"https:\/\/www.facebook.com\/karaiexclusiveracing.hu","article_modified_time":"2025-09-15T13:39:31+00:00","og_image":[{"width":969,"height":622,"url":"https:\/\/karaiexclusiveracing.hu\/wp-content\/uploads\/2025\/03\/Cimsor-hozzaadasa-6.png","type":"image\/png"}],"twitter_card":"summary_large_image","twitter_misc":{"Gesch\u00e4tzte Lesezeit":"1\u00a0Minute"},"schema":{"@context":"https:\/\/schema.org","@graph":[{"@type":"WebPage","@id":"https:\/\/karaiexclusiveracing.hu\/termek\/vw-golf-r32\/","url":"https:\/\/karaiexclusiveracing.hu\/termek\/vw-golf-r32\/","name":"VW GOLF R32 - SOLD! - K\u00e1rai Exclusive","isPartOf":{"@id":"https:\/\/karaiexclusiveracing.hu\/#website"},"primaryImageOfPage":{"@id":"https:\/\/karaiexclusiveracing.hu\/termek\/vw-golf-r32\/#primaryimage"},"image":{"@id":"https:\/\/karaiexclusiveracing.hu\/termek\/vw-golf-r32\/#primaryimage"},"thumbnailUrl":"https:\/\/karaiexclusiveracing.hu\/wp-content\/uploads\/2025\/03\/Cimsor-hozzaadasa-6.png","datePublished":"2025-03-21T06:50:36+00:00","dateModified":"2025-09-15T13:39:31+00:00","description":"VW Golf R32, gy\u00e1rihoz k\u00f6zeli, meg\u0151rz\u00f6tt \u00e1llapotban, els\u0151 tulajdonost\u00f3l. Kiv\u00e1l\u00f3 karossz\u00e9ria-\u00e1llapot, val\u00f3di ritkas\u00e1g a kateg\u00f3ri\u00e1j\u00e1ban","breadcrumb":{"@id":"https:\/\/karaiexclusiveracing.hu\/termek\/vw-golf-r32\/#breadcrumb"},"inLanguage":"de","potentialAction":[{"@type":"ReadAction","target":["https:\/\/karaiexclusiveracing.hu\/termek\/vw-golf-r32\/"]}]},{"@type":"ImageObject","inLanguage":"de","@id":"https:\/\/karaiexclusiveracing.hu\/termek\/vw-golf-r32\/#primaryimage","url":"https:\/\/karaiexclusiveracing.hu\/wp-content\/uploads\/2025\/03\/Cimsor-hozzaadasa-6.png","contentUrl":"https:\/\/karaiexclusiveracing.hu\/wp-content\/uploads\/2025\/03\/Cimsor-hozzaadasa-6.png","width":969,"height":622},{"@type":"BreadcrumbList","@id":"https:\/\/karaiexclusiveracing.hu\/termek\/vw-golf-r32\/#breadcrumb","itemListElement":[{"@type":"ListItem","position":1,"name":"Kezd\u0151lap","item":"https:\/\/karaiexclusiveracing.hu\/"},{"@type":"ListItem","position":2,"name":"Elad\u00f3 aut\u00f3k","item":"https:\/\/karaiexclusiveracing.hu\/elado-autok\/"},{"@type":"ListItem","position":3,"name":"VW GOLF R32 &#8211; SOLD!"}]},{"@type":"WebSite","@id":"https:\/\/karaiexclusiveracing.hu\/#website","url":"https:\/\/karaiexclusiveracing.hu\/","name":"K\u00e1rai Exclusive Racing","description":"","publisher":{"@id":"https:\/\/karaiexclusiveracing.hu\/#organization"},"potentialAction":[{"@type":"SearchAction","target":{"@type":"EntryPoint","urlTemplate":"https:\/\/karaiexclusiveracing.hu\/?s={search_term_string}"},"query-input":{"@type":"PropertyValueSpecification","valueRequired":true,"valueName":"search_term_string"}}],"inLanguage":"de"},{"@type":"Organization","@id":"https:\/\/karaiexclusiveracing.hu\/#organization","name":"K\u00e1rai Exclusive Racing","url":"https:\/\/karaiexclusiveracing.hu\/","logo":{"@type":"ImageObject","inLanguage":"de","@id":"https:\/\/karaiexclusiveracing.hu\/#\/schema\/logo\/image\/","url":"https:\/\/www.karaiexclusiveracing.hu\/wp-content\/uploads\/2023\/10\/karai_exclusive_logo-1-1.png","contentUrl":"https:\/\/www.karaiexclusiveracing.hu\/wp-content\/uploads\/2023\/10\/karai_exclusive_logo-1-1.png","width":1575,"height":435,"caption":"K\u00e1rai Exclusive Racing"},"image":{"@id":"https:\/\/karaiexclusiveracing.hu\/#\/schema\/logo\/image\/"},"sameAs":["https:\/\/www.facebook.com\/karaiexclusiveracing.hu","https:\/\/www.instagram.com\/karaiexclusiveracing\/"]}]}},"_links":{"self":[{"href":"http:\/\/karaiexclusiveracing.hu\/de\/wp-json\/wp\/v2\/product\/22702","targetHints":{"allow":["GET"]}}],"collection":[{"href":"http:\/\/karaiexclusiveracing.hu\/de\/wp-json\/wp\/v2\/product"}],"about":[{"href":"http:\/\/karaiexclusiveracing.hu\/de\/wp-json\/wp\/v2\/types\/product"}],"wp:featuredmedia":[{"embeddable":true,"href":"http:\/\/karaiexclusiveracing.hu\/de\/wp-json\/wp\/v2\/media\/23388"}],"wp:attachment":[{"href":"http:\/\/karaiexclusiveracing.hu\/de\/wp-json\/wp\/v2\/media?parent=22702"}],"wp:term":[{"taxonomy":"manufactures","embeddable":true,"href":"http:\/\/karaiexclusiveracing.hu\/de\/wp-json\/wp\/v2\/manufactures?post=22702"},{"taxonomy":"product_brand","embeddable":true,"href":"http:\/\/karaiexclusiveracing.hu\/de\/wp-json\/wp\/v2\/product_brand?post=22702"},{"taxonomy":"product_cat","embeddable":true,"href":"http:\/\/karaiexclusiveracing.hu\/de\/wp-json\/wp\/v2\/product_cat?post=22702"},{"taxonomy":"product_tag","embeddable":true,"href":"http:\/\/karaiexclusiveracing.hu\/de\/wp-json\/wp\/v2\/product_tag?post=22702"}],"curies":[{"name":"wp","href":"https:\/\/api.w.org\/{rel}","templated":true}]}}