{"id":22296,"date":"2025-01-23T19:12:28","date_gmt":"2025-01-23T18:12:28","guid":{"rendered":"https:\/\/www.karaiexclusiveracing.hu\/?post_type=product&#038;p=22296"},"modified":"2025-12-15T12:51:30","modified_gmt":"2025-12-15T11:51:30","slug":"bmw-e30-320i-2","status":"publish","type":"product","link":"http:\/\/karaiexclusiveracing.hu\/de\/termek\/bmw-e30-320i-2\/","title":{"rendered":"BMW E30 320i"},"content":{"rendered":"<p>Elad\u00f3 egy <strong>BMW E30 320i<\/strong>, amely kor\u00e1bban versenyaut\u00f3nak k\u00e9sz\u00fclt, \u00e9s remek alapot k\u00edn\u00e1l motorsport projektekhez vagy restaur\u00e1l\u00e1shoz. Az aut\u00f3 <strong>buk\u00f3cs\u00f6ves karossz\u00e9ri\u00e1val<\/strong> rendelkezik, \u00e9s t\u00f6bb motorsport c\u00e9l\u00fa m\u00f3dos\u00edt\u00e1ssal lett felszerelve, bele\u00e9rtve az <strong>\u00e1ll\u00edthat\u00f3 kem\u00e9nys\u00e9g\u0171 els\u0151 g\u00e1tl\u00f3kat<\/strong> \u00e9s a <strong>sperrdifferenci\u00e1lm\u0171vet<\/strong>.<\/p>\n<p>Fontos megjegyezni, hogy az aut\u00f3 \u00e9vek \u00f3ta nem volt ind\u00edtva, ez\u00e9rt n\u00e9mi m\u0171szaki fel\u00faj\u00edt\u00e1st ig\u00e9nyel. Az aut\u00f3 <strong>okm\u00e1nyok n\u00e9lk\u00fcl<\/strong> elad\u00f3.<\/p>\n<p>Ez a ritka modell motorsport-kompatibilis elemeivel, kiv\u00e1l\u00f3 v\u00e1laszt\u00e1s lehet azoknak, akik egy egyedi \u00e9s k\u00fcl\u00f6nleges aut\u00f3t szeretn\u00e9nek fel\u00faj\u00edtani. Ig\u00e9ny szerint a fel\u00faj\u00edt\u00e1sban mi is tudunk seg\u00edteni.<\/p>\n<p><strong>Tov\u00e1bbi inform\u00e1ci\u00f3\u00e9rt \u00e9rdekl\u0151dj telefonon!<\/strong><\/p>","protected":false},"excerpt":{"rendered":"<p>Elad\u00f3 egy BMW E30 320i, amely kor\u00e1bban versenyaut\u00f3nak k\u00e9sz\u00fclt, \u00e9s remek alapot k\u00edn\u00e1l motorsport projektekhez vagy restaur\u00e1l\u00e1shoz. Az aut\u00f3 buk\u00f3cs\u00f6ves karossz\u00e9ri\u00e1val rendelkezik, \u00e9s t\u00f6bb motorsport c\u00e9l\u00fa m\u00f3dos\u00edt\u00e1ssal lett felszerelve, bele\u00e9rtve az \u00e1ll\u00edthat\u00f3 kem\u00e9nys\u00e9g\u0171 els\u0151 g\u00e1tl\u00f3kat \u00e9s a sperrdifferenci\u00e1lm\u0171vet. Fontos megjegyezni, hogy az aut\u00f3 \u00e9vek \u00f3ta nem volt ind\u00edtva, ez\u00e9rt n\u00e9mi m\u0171szaki fel\u00faj\u00edt\u00e1st ig\u00e9nyel. Az aut\u00f3 [&hellip;]<\/p>\n","protected":false},"featured_media":22297,"template":"","meta":{"_acf_changed":false},"manufactures":[],"product_brand":[],"product_cat":[15],"product_tag":[],"class_list":{"0":"post-22296","1":"product","2":"type-product","3":"status-publish","4":"has-post-thumbnail","6":"product_cat-egyeb","8":"first","9":"instock","10":"taxable","11":"shipping-taxable","12":"purchasable","13":"product-type-simple"},"exclude_global_add_ons":[],"addons":[],"acf":[],"yoast_head":"<!-- This site is optimized with the Yoast SEO Premium plugin v27.1 (Yoast SEO v27.2) - https:\/\/yoast.com\/product\/yoast-seo-premium-wordpress\/ -->\n<title>BMW E30 320i - K\u00e1rai Exclusive<\/title>\n<meta name=\"description\" content=\"BMW E30 318i Touring, \u00e1ll\u00edthat\u00f3 g\u00e1tl\u00f3kkal \u00e9s sperrdiffivel.\" \/>\n<meta name=\"robots\" content=\"index, follow, max-snippet:-1, max-image-preview:large, max-video-preview:-1\" \/>\n<link rel=\"canonical\" href=\"https:\/\/karaiexclusiveracing.hu\/de\/produkt\/bmw-e30-320i-2\/\" \/>\n<meta property=\"og:locale\" content=\"de_DE\" \/>\n<meta property=\"og:type\" content=\"article\" \/>\n<meta property=\"og:title\" content=\"BMW E30 320i\" \/>\n<meta property=\"og:description\" content=\"BMW E30 318i Touring, \u00e1ll\u00edthat\u00f3 g\u00e1tl\u00f3kkal \u00e9s sperrdiffivel.\" \/>\n<meta property=\"og:url\" content=\"https:\/\/karaiexclusiveracing.hu\/de\/produkt\/bmw-e30-320i-2\/\" \/>\n<meta property=\"og:site_name\" content=\"K\u00e1rai Exclusive\" \/>\n<meta property=\"article:publisher\" content=\"https:\/\/www.facebook.com\/karaiexclusiveracing.hu\" \/>\n<meta property=\"article:modified_time\" content=\"2025-12-15T11:51:30+00:00\" \/>\n<meta property=\"og:image\" content=\"https:\/\/karaiexclusiveracing.hu\/wp-content\/uploads\/2025\/01\/viber_kep_2025-01-21_22-41-05-807.jpg\" \/>\n\t<meta property=\"og:image:width\" content=\"1600\" \/>\n\t<meta property=\"og:image:height\" content=\"1200\" \/>\n\t<meta property=\"og:image:type\" content=\"image\/jpeg\" \/>\n<meta name=\"twitter:card\" content=\"summary_large_image\" \/>\n<meta name=\"twitter:label1\" content=\"Gesch\u00e4tzte Lesezeit\" \/>\n\t<meta name=\"twitter:data1\" content=\"1\u00a0Minute\" \/>\n<script type=\"application\/ld+json\" class=\"yoast-schema-graph\">{\"@context\":\"https:\/\/schema.org\",\"@graph\":[{\"@type\":\"WebPage\",\"@id\":\"https:\/\/karaiexclusiveracing.hu\/termek\/bmw-e30-320i-2\/\",\"url\":\"https:\/\/karaiexclusiveracing.hu\/termek\/bmw-e30-320i-2\/\",\"name\":\"BMW E30 320i - K\u00e1rai Exclusive\",\"isPartOf\":{\"@id\":\"https:\/\/karaiexclusiveracing.hu\/#website\"},\"primaryImageOfPage\":{\"@id\":\"https:\/\/karaiexclusiveracing.hu\/termek\/bmw-e30-320i-2\/#primaryimage\"},\"image\":{\"@id\":\"https:\/\/karaiexclusiveracing.hu\/termek\/bmw-e30-320i-2\/#primaryimage\"},\"thumbnailUrl\":\"https:\/\/karaiexclusiveracing.hu\/wp-content\/uploads\/2025\/01\/viber_kep_2025-01-21_22-41-05-807.jpg\",\"datePublished\":\"2025-01-23T18:12:28+00:00\",\"dateModified\":\"2025-12-15T11:51:30+00:00\",\"description\":\"BMW E30 318i Touring, \u00e1ll\u00edthat\u00f3 g\u00e1tl\u00f3kkal \u00e9s sperrdiffivel.\",\"breadcrumb\":{\"@id\":\"https:\/\/karaiexclusiveracing.hu\/termek\/bmw-e30-320i-2\/#breadcrumb\"},\"inLanguage\":\"de\",\"potentialAction\":[{\"@type\":\"ReadAction\",\"target\":[\"https:\/\/karaiexclusiveracing.hu\/termek\/bmw-e30-320i-2\/\"]}]},{\"@type\":\"ImageObject\",\"inLanguage\":\"de\",\"@id\":\"https:\/\/karaiexclusiveracing.hu\/termek\/bmw-e30-320i-2\/#primaryimage\",\"url\":\"https:\/\/karaiexclusiveracing.hu\/wp-content\/uploads\/2025\/01\/viber_kep_2025-01-21_22-41-05-807.jpg\",\"contentUrl\":\"https:\/\/karaiexclusiveracing.hu\/wp-content\/uploads\/2025\/01\/viber_kep_2025-01-21_22-41-05-807.jpg\",\"width\":1600,\"height\":1200},{\"@type\":\"BreadcrumbList\",\"@id\":\"https:\/\/karaiexclusiveracing.hu\/termek\/bmw-e30-320i-2\/#breadcrumb\",\"itemListElement\":[{\"@type\":\"ListItem\",\"position\":1,\"name\":\"Kezd\u0151lap\",\"item\":\"https:\/\/karaiexclusiveracing.hu\/\"},{\"@type\":\"ListItem\",\"position\":2,\"name\":\"Elad\u00f3 aut\u00f3k\",\"item\":\"https:\/\/karaiexclusiveracing.hu\/elado-autok\/\"},{\"@type\":\"ListItem\",\"position\":3,\"name\":\"BMW E30 320i\"}]},{\"@type\":\"WebSite\",\"@id\":\"https:\/\/karaiexclusiveracing.hu\/#website\",\"url\":\"https:\/\/karaiexclusiveracing.hu\/\",\"name\":\"K\u00e1rai Exclusive Racing\",\"description\":\"\",\"publisher\":{\"@id\":\"https:\/\/karaiexclusiveracing.hu\/#organization\"},\"potentialAction\":[{\"@type\":\"SearchAction\",\"target\":{\"@type\":\"EntryPoint\",\"urlTemplate\":\"https:\/\/karaiexclusiveracing.hu\/?s={search_term_string}\"},\"query-input\":{\"@type\":\"PropertyValueSpecification\",\"valueRequired\":true,\"valueName\":\"search_term_string\"}}],\"inLanguage\":\"de\"},{\"@type\":\"Organization\",\"@id\":\"https:\/\/karaiexclusiveracing.hu\/#organization\",\"name\":\"K\u00e1rai Exclusive Racing\",\"url\":\"https:\/\/karaiexclusiveracing.hu\/\",\"logo\":{\"@type\":\"ImageObject\",\"inLanguage\":\"de\",\"@id\":\"https:\/\/karaiexclusiveracing.hu\/#\/schema\/logo\/image\/\",\"url\":\"https:\/\/www.karaiexclusiveracing.hu\/wp-content\/uploads\/2023\/10\/karai_exclusive_logo-1-1.png\",\"contentUrl\":\"https:\/\/www.karaiexclusiveracing.hu\/wp-content\/uploads\/2023\/10\/karai_exclusive_logo-1-1.png\",\"width\":1575,\"height\":435,\"caption\":\"K\u00e1rai Exclusive Racing\"},\"image\":{\"@id\":\"https:\/\/karaiexclusiveracing.hu\/#\/schema\/logo\/image\/\"},\"sameAs\":[\"https:\/\/www.facebook.com\/karaiexclusiveracing.hu\",\"https:\/\/www.instagram.com\/karaiexclusiveracing\/\"]}]}<\/script>\n<!-- \/ Yoast SEO Premium plugin. -->","yoast_head_json":{"title":"BMW E30 320i - K\u00e1rai Exclusive","description":"BMW E30 318i Touring, \u00e1ll\u00edthat\u00f3 g\u00e1tl\u00f3kkal \u00e9s sperrdiffivel.","robots":{"index":"index","follow":"follow","max-snippet":"max-snippet:-1","max-image-preview":"max-image-preview:large","max-video-preview":"max-video-preview:-1"},"canonical":"https:\/\/karaiexclusiveracing.hu\/de\/produkt\/bmw-e30-320i-2\/","og_locale":"de_DE","og_type":"article","og_title":"BMW E30 320i","og_description":"BMW E30 318i Touring, \u00e1ll\u00edthat\u00f3 g\u00e1tl\u00f3kkal \u00e9s sperrdiffivel.","og_url":"https:\/\/karaiexclusiveracing.hu\/de\/produkt\/bmw-e30-320i-2\/","og_site_name":"K\u00e1rai Exclusive","article_publisher":"https:\/\/www.facebook.com\/karaiexclusiveracing.hu","article_modified_time":"2025-12-15T11:51:30+00:00","og_image":[{"width":1600,"height":1200,"url":"https:\/\/karaiexclusiveracing.hu\/wp-content\/uploads\/2025\/01\/viber_kep_2025-01-21_22-41-05-807.jpg","type":"image\/jpeg"}],"twitter_card":"summary_large_image","twitter_misc":{"Gesch\u00e4tzte Lesezeit":"1\u00a0Minute"},"schema":{"@context":"https:\/\/schema.org","@graph":[{"@type":"WebPage","@id":"https:\/\/karaiexclusiveracing.hu\/termek\/bmw-e30-320i-2\/","url":"https:\/\/karaiexclusiveracing.hu\/termek\/bmw-e30-320i-2\/","name":"BMW E30 320i - K\u00e1rai Exclusive","isPartOf":{"@id":"https:\/\/karaiexclusiveracing.hu\/#website"},"primaryImageOfPage":{"@id":"https:\/\/karaiexclusiveracing.hu\/termek\/bmw-e30-320i-2\/#primaryimage"},"image":{"@id":"https:\/\/karaiexclusiveracing.hu\/termek\/bmw-e30-320i-2\/#primaryimage"},"thumbnailUrl":"https:\/\/karaiexclusiveracing.hu\/wp-content\/uploads\/2025\/01\/viber_kep_2025-01-21_22-41-05-807.jpg","datePublished":"2025-01-23T18:12:28+00:00","dateModified":"2025-12-15T11:51:30+00:00","description":"BMW E30 318i Touring, \u00e1ll\u00edthat\u00f3 g\u00e1tl\u00f3kkal \u00e9s sperrdiffivel.","breadcrumb":{"@id":"https:\/\/karaiexclusiveracing.hu\/termek\/bmw-e30-320i-2\/#breadcrumb"},"inLanguage":"de","potentialAction":[{"@type":"ReadAction","target":["https:\/\/karaiexclusiveracing.hu\/termek\/bmw-e30-320i-2\/"]}]},{"@type":"ImageObject","inLanguage":"de","@id":"https:\/\/karaiexclusiveracing.hu\/termek\/bmw-e30-320i-2\/#primaryimage","url":"https:\/\/karaiexclusiveracing.hu\/wp-content\/uploads\/2025\/01\/viber_kep_2025-01-21_22-41-05-807.jpg","contentUrl":"https:\/\/karaiexclusiveracing.hu\/wp-content\/uploads\/2025\/01\/viber_kep_2025-01-21_22-41-05-807.jpg","width":1600,"height":1200},{"@type":"BreadcrumbList","@id":"https:\/\/karaiexclusiveracing.hu\/termek\/bmw-e30-320i-2\/#breadcrumb","itemListElement":[{"@type":"ListItem","position":1,"name":"Kezd\u0151lap","item":"https:\/\/karaiexclusiveracing.hu\/"},{"@type":"ListItem","position":2,"name":"Elad\u00f3 aut\u00f3k","item":"https:\/\/karaiexclusiveracing.hu\/elado-autok\/"},{"@type":"ListItem","position":3,"name":"BMW E30 320i"}]},{"@type":"WebSite","@id":"https:\/\/karaiexclusiveracing.hu\/#website","url":"https:\/\/karaiexclusiveracing.hu\/","name":"K\u00e1rai Exclusive Racing","description":"","publisher":{"@id":"https:\/\/karaiexclusiveracing.hu\/#organization"},"potentialAction":[{"@type":"SearchAction","target":{"@type":"EntryPoint","urlTemplate":"https:\/\/karaiexclusiveracing.hu\/?s={search_term_string}"},"query-input":{"@type":"PropertyValueSpecification","valueRequired":true,"valueName":"search_term_string"}}],"inLanguage":"de"},{"@type":"Organization","@id":"https:\/\/karaiexclusiveracing.hu\/#organization","name":"K\u00e1rai Exclusive Racing","url":"https:\/\/karaiexclusiveracing.hu\/","logo":{"@type":"ImageObject","inLanguage":"de","@id":"https:\/\/karaiexclusiveracing.hu\/#\/schema\/logo\/image\/","url":"https:\/\/www.karaiexclusiveracing.hu\/wp-content\/uploads\/2023\/10\/karai_exclusive_logo-1-1.png","contentUrl":"https:\/\/www.karaiexclusiveracing.hu\/wp-content\/uploads\/2023\/10\/karai_exclusive_logo-1-1.png","width":1575,"height":435,"caption":"K\u00e1rai Exclusive Racing"},"image":{"@id":"https:\/\/karaiexclusiveracing.hu\/#\/schema\/logo\/image\/"},"sameAs":["https:\/\/www.facebook.com\/karaiexclusiveracing.hu","https:\/\/www.instagram.com\/karaiexclusiveracing\/"]}]}},"_links":{"self":[{"href":"http:\/\/karaiexclusiveracing.hu\/de\/wp-json\/wp\/v2\/product\/22296","targetHints":{"allow":["GET"]}}],"collection":[{"href":"http:\/\/karaiexclusiveracing.hu\/de\/wp-json\/wp\/v2\/product"}],"about":[{"href":"http:\/\/karaiexclusiveracing.hu\/de\/wp-json\/wp\/v2\/types\/product"}],"wp:featuredmedia":[{"embeddable":true,"href":"http:\/\/karaiexclusiveracing.hu\/de\/wp-json\/wp\/v2\/media\/22297"}],"wp:attachment":[{"href":"http:\/\/karaiexclusiveracing.hu\/de\/wp-json\/wp\/v2\/media?parent=22296"}],"wp:term":[{"taxonomy":"manufactures","embeddable":true,"href":"http:\/\/karaiexclusiveracing.hu\/de\/wp-json\/wp\/v2\/manufactures?post=22296"},{"taxonomy":"product_brand","embeddable":true,"href":"http:\/\/karaiexclusiveracing.hu\/de\/wp-json\/wp\/v2\/product_brand?post=22296"},{"taxonomy":"product_cat","embeddable":true,"href":"http:\/\/karaiexclusiveracing.hu\/de\/wp-json\/wp\/v2\/product_cat?post=22296"},{"taxonomy":"product_tag","embeddable":true,"href":"http:\/\/karaiexclusiveracing.hu\/de\/wp-json\/wp\/v2\/product_tag?post=22296"}],"curies":[{"name":"wp","href":"https:\/\/api.w.org\/{rel}","templated":true}]}}