{"id":22292,"date":"2025-01-23T19:06:46","date_gmt":"2025-01-23T18:06:46","guid":{"rendered":"https:\/\/www.karaiexclusiveracing.hu\/?post_type=product&#038;p=22292"},"modified":"2025-01-24T09:52:48","modified_gmt":"2025-01-24T08:52:48","slug":"bmw-e30-318i-touring","status":"publish","type":"product","link":"http:\/\/karaiexclusiveracing.hu\/de\/termek\/bmw-e30-318i-touring\/","title":{"rendered":"BMW E30 318i Touring"},"content":{"rendered":"<p>Elad\u00f3 egy <strong>BMW E30 318i Touring<\/strong>, amely kiv\u00e1l\u00f3 alapot ny\u00fajt b\u00e1rmilyen motorsport vagy projekt c\u00e9l\u00fa felhaszn\u00e1l\u00e1sra. Az aut\u00f3 <strong>kb. 10-12 \u00e9vvel ezel\u0151tt kapott buk\u00f3cs\u00f6vez\u00e9st<\/strong>, amelyet S\u00e1rai Pityu k\u00e9sz\u00edtett, \u00e9s <strong>sorsz\u00e1mozott cs\u00f6vekkel rendelkezik<\/strong>. A karossz\u00e9ria szenz\u00e1ci\u00f3s \u00e1llapotban van, ami kiemelked\u0151 lehet\u0151s\u00e9g az E30 szerelmesei sz\u00e1m\u00e1ra.<\/p>\n<p>Az aut\u00f3 jelenleg <strong>lemezfelniken \u00e1ll<\/strong>, de ig\u00e9ny eset\u00e9n <strong>okm\u00e1nyokat is tudunk biztos\u00edtani hozz\u00e1<\/strong>. Az 1.000.000 Ft-os v\u00e9tel\u00e1r igaz\u00e1n kedvez\u0151 egy ilyen potenci\u00e1llal rendelkez\u0151 buk\u00f3cs\u00f6ves BMW E30 projekt aut\u00f3 eset\u00e9ben.<\/p>\n<p><strong>Tov\u00e1bbi inform\u00e1ci\u00f3\u00e9rt \u00e9rdekl\u0151dj telefonon!<\/strong><\/p>","protected":false},"excerpt":{"rendered":"<p>Elad\u00f3 egy BMW E30 318i Touring, amely kiv\u00e1l\u00f3 alapot ny\u00fajt b\u00e1rmilyen motorsport vagy projekt c\u00e9l\u00fa felhaszn\u00e1l\u00e1sra. Az aut\u00f3 kb. 10-12 \u00e9vvel ezel\u0151tt kapott buk\u00f3cs\u00f6vez\u00e9st, amelyet S\u00e1rai Pityu k\u00e9sz\u00edtett, \u00e9s sorsz\u00e1mozott cs\u00f6vekkel rendelkezik. A karossz\u00e9ria szenz\u00e1ci\u00f3s \u00e1llapotban van, ami kiemelked\u0151 lehet\u0151s\u00e9g az E30 szerelmesei sz\u00e1m\u00e1ra. Az aut\u00f3 jelenleg lemezfelniken \u00e1ll, de ig\u00e9ny eset\u00e9n okm\u00e1nyokat is tudunk [&hellip;]<\/p>\n","protected":false},"featured_media":22293,"template":"","meta":{"_acf_changed":false},"manufactures":[],"product_brand":[],"product_cat":[15],"product_tag":[],"class_list":{"0":"post-22292","1":"product","2":"type-product","3":"status-publish","4":"has-post-thumbnail","6":"product_cat-egyeb","8":"first","9":"instock","10":"taxable","11":"shipping-taxable","12":"purchasable","13":"product-type-simple"},"exclude_global_add_ons":[],"addons":[],"acf":[],"yoast_head":"<!-- This site is optimized with the Yoast SEO Premium plugin v27.1 (Yoast SEO v27.2) - https:\/\/yoast.com\/product\/yoast-seo-premium-wordpress\/ -->\n<title>BMW E30 318i Touring - K\u00e1rai Exclusive<\/title>\n<meta name=\"description\" content=\"BMW E30 318i Touring projekt aut\u00f3 buk\u00f3cs\u00f6vezett karossz\u00e9ri\u00e1val, kiv\u00e1l\u00f3 \u00e1llapotban. Sorsz\u00e1mozott cs\u0151, ig\u00e9ny eset\u00e9n okm\u00e1nyokkal. Elad\u00f3 1.000.000 Ft-\u00e9rt!\" \/>\n<meta name=\"robots\" content=\"index, follow, max-snippet:-1, max-image-preview:large, max-video-preview:-1\" \/>\n<link rel=\"canonical\" href=\"http:\/\/karaiexclusiveracing.hu\/de\/produkt\/bmw-e30-318i-touring\/\" \/>\n<meta property=\"og:locale\" content=\"de_DE\" \/>\n<meta property=\"og:type\" content=\"article\" \/>\n<meta property=\"og:title\" content=\"BMW E30 318i Touring\" \/>\n<meta property=\"og:description\" content=\"BMW E30 318i Touring projekt aut\u00f3 buk\u00f3cs\u00f6vezett karossz\u00e9ri\u00e1val, kiv\u00e1l\u00f3 \u00e1llapotban. Sorsz\u00e1mozott cs\u0151, ig\u00e9ny eset\u00e9n okm\u00e1nyokkal. Elad\u00f3 1.000.000 Ft-\u00e9rt!\" \/>\n<meta property=\"og:url\" content=\"http:\/\/karaiexclusiveracing.hu\/de\/produkt\/bmw-e30-318i-touring\/\" \/>\n<meta property=\"og:site_name\" content=\"K\u00e1rai Exclusive\" \/>\n<meta property=\"article:publisher\" content=\"https:\/\/www.facebook.com\/karaiexclusiveracing.hu\" \/>\n<meta property=\"article:modified_time\" content=\"2025-01-24T08:52:48+00:00\" \/>\n<meta property=\"og:image\" content=\"https:\/\/karaiexclusiveracing.hu\/wp-content\/uploads\/2025\/01\/viber_kep_2025-01-21_22-33-18-263.jpg\" \/>\n\t<meta property=\"og:image:width\" content=\"960\" \/>\n\t<meta property=\"og:image:height\" content=\"720\" \/>\n\t<meta property=\"og:image:type\" content=\"image\/jpeg\" \/>\n<meta name=\"twitter:card\" content=\"summary_large_image\" \/>\n<meta name=\"twitter:label1\" content=\"Gesch\u00e4tzte Lesezeit\" \/>\n\t<meta name=\"twitter:data1\" content=\"1\u00a0Minute\" \/>\n<script type=\"application\/ld+json\" class=\"yoast-schema-graph\">{\"@context\":\"https:\/\/schema.org\",\"@graph\":[{\"@type\":\"WebPage\",\"@id\":\"http:\/\/karaiexclusiveracing.hu\/en\/product\/bmw-e30-318i-touring\/\",\"url\":\"http:\/\/karaiexclusiveracing.hu\/en\/product\/bmw-e30-318i-touring\/\",\"name\":\"BMW E30 318i Touring - K\u00e1rai Exclusive\",\"isPartOf\":{\"@id\":\"https:\/\/karaiexclusiveracing.hu\/#website\"},\"primaryImageOfPage\":{\"@id\":\"http:\/\/karaiexclusiveracing.hu\/en\/product\/bmw-e30-318i-touring\/#primaryimage\"},\"image\":{\"@id\":\"http:\/\/karaiexclusiveracing.hu\/en\/product\/bmw-e30-318i-touring\/#primaryimage\"},\"thumbnailUrl\":\"https:\/\/karaiexclusiveracing.hu\/wp-content\/uploads\/2025\/01\/viber_kep_2025-01-21_22-33-18-263.jpg\",\"datePublished\":\"2025-01-23T18:06:46+00:00\",\"dateModified\":\"2025-01-24T08:52:48+00:00\",\"description\":\"BMW E30 318i Touring projekt aut\u00f3 buk\u00f3cs\u00f6vezett karossz\u00e9ri\u00e1val, kiv\u00e1l\u00f3 \u00e1llapotban. Sorsz\u00e1mozott cs\u0151, ig\u00e9ny eset\u00e9n okm\u00e1nyokkal. Elad\u00f3 1.000.000 Ft-\u00e9rt!\",\"breadcrumb\":{\"@id\":\"http:\/\/karaiexclusiveracing.hu\/en\/product\/bmw-e30-318i-touring\/#breadcrumb\"},\"inLanguage\":\"de\",\"potentialAction\":[{\"@type\":\"ReadAction\",\"target\":[\"http:\/\/karaiexclusiveracing.hu\/en\/product\/bmw-e30-318i-touring\/\"]}]},{\"@type\":\"ImageObject\",\"inLanguage\":\"de\",\"@id\":\"http:\/\/karaiexclusiveracing.hu\/en\/product\/bmw-e30-318i-touring\/#primaryimage\",\"url\":\"https:\/\/karaiexclusiveracing.hu\/wp-content\/uploads\/2025\/01\/viber_kep_2025-01-21_22-33-18-263.jpg\",\"contentUrl\":\"https:\/\/karaiexclusiveracing.hu\/wp-content\/uploads\/2025\/01\/viber_kep_2025-01-21_22-33-18-263.jpg\",\"width\":960,\"height\":720},{\"@type\":\"BreadcrumbList\",\"@id\":\"http:\/\/karaiexclusiveracing.hu\/en\/product\/bmw-e30-318i-touring\/#breadcrumb\",\"itemListElement\":[{\"@type\":\"ListItem\",\"position\":1,\"name\":\"Kezd\u0151lap\",\"item\":\"https:\/\/karaiexclusiveracing.hu\/\"},{\"@type\":\"ListItem\",\"position\":2,\"name\":\"Elad\u00f3 aut\u00f3k\",\"item\":\"https:\/\/karaiexclusiveracing.hu\/elado-autok\/\"},{\"@type\":\"ListItem\",\"position\":3,\"name\":\"BMW E30 318i Touring\"}]},{\"@type\":\"WebSite\",\"@id\":\"https:\/\/karaiexclusiveracing.hu\/#website\",\"url\":\"https:\/\/karaiexclusiveracing.hu\/\",\"name\":\"K\u00e1rai Exclusive Racing\",\"description\":\"\",\"publisher\":{\"@id\":\"https:\/\/karaiexclusiveracing.hu\/#organization\"},\"potentialAction\":[{\"@type\":\"SearchAction\",\"target\":{\"@type\":\"EntryPoint\",\"urlTemplate\":\"https:\/\/karaiexclusiveracing.hu\/?s={search_term_string}\"},\"query-input\":{\"@type\":\"PropertyValueSpecification\",\"valueRequired\":true,\"valueName\":\"search_term_string\"}}],\"inLanguage\":\"de\"},{\"@type\":\"Organization\",\"@id\":\"https:\/\/karaiexclusiveracing.hu\/#organization\",\"name\":\"K\u00e1rai Exclusive Racing\",\"url\":\"https:\/\/karaiexclusiveracing.hu\/\",\"logo\":{\"@type\":\"ImageObject\",\"inLanguage\":\"de\",\"@id\":\"https:\/\/karaiexclusiveracing.hu\/#\/schema\/logo\/image\/\",\"url\":\"https:\/\/www.karaiexclusiveracing.hu\/wp-content\/uploads\/2023\/10\/karai_exclusive_logo-1-1.png\",\"contentUrl\":\"https:\/\/www.karaiexclusiveracing.hu\/wp-content\/uploads\/2023\/10\/karai_exclusive_logo-1-1.png\",\"width\":1575,\"height\":435,\"caption\":\"K\u00e1rai Exclusive Racing\"},\"image\":{\"@id\":\"https:\/\/karaiexclusiveracing.hu\/#\/schema\/logo\/image\/\"},\"sameAs\":[\"https:\/\/www.facebook.com\/karaiexclusiveracing.hu\",\"https:\/\/www.instagram.com\/karaiexclusiveracing\/\"]}]}<\/script>\n<!-- \/ Yoast SEO Premium plugin. -->","yoast_head_json":{"title":"BMW E30 318i Touring - K\u00e1rai Exclusive","description":"BMW E30 318i Touring projekt aut\u00f3 buk\u00f3cs\u00f6vezett karossz\u00e9ri\u00e1val, kiv\u00e1l\u00f3 \u00e1llapotban. Sorsz\u00e1mozott cs\u0151, ig\u00e9ny eset\u00e9n okm\u00e1nyokkal. Elad\u00f3 1.000.000 Ft-\u00e9rt!","robots":{"index":"index","follow":"follow","max-snippet":"max-snippet:-1","max-image-preview":"max-image-preview:large","max-video-preview":"max-video-preview:-1"},"canonical":"http:\/\/karaiexclusiveracing.hu\/de\/produkt\/bmw-e30-318i-touring\/","og_locale":"de_DE","og_type":"article","og_title":"BMW E30 318i Touring","og_description":"BMW E30 318i Touring projekt aut\u00f3 buk\u00f3cs\u00f6vezett karossz\u00e9ri\u00e1val, kiv\u00e1l\u00f3 \u00e1llapotban. Sorsz\u00e1mozott cs\u0151, ig\u00e9ny eset\u00e9n okm\u00e1nyokkal. Elad\u00f3 1.000.000 Ft-\u00e9rt!","og_url":"http:\/\/karaiexclusiveracing.hu\/de\/produkt\/bmw-e30-318i-touring\/","og_site_name":"K\u00e1rai Exclusive","article_publisher":"https:\/\/www.facebook.com\/karaiexclusiveracing.hu","article_modified_time":"2025-01-24T08:52:48+00:00","og_image":[{"width":960,"height":720,"url":"https:\/\/karaiexclusiveracing.hu\/wp-content\/uploads\/2025\/01\/viber_kep_2025-01-21_22-33-18-263.jpg","type":"image\/jpeg"}],"twitter_card":"summary_large_image","twitter_misc":{"Gesch\u00e4tzte Lesezeit":"1\u00a0Minute"},"schema":{"@context":"https:\/\/schema.org","@graph":[{"@type":"WebPage","@id":"http:\/\/karaiexclusiveracing.hu\/en\/product\/bmw-e30-318i-touring\/","url":"http:\/\/karaiexclusiveracing.hu\/en\/product\/bmw-e30-318i-touring\/","name":"BMW E30 318i Touring - K\u00e1rai Exclusive","isPartOf":{"@id":"https:\/\/karaiexclusiveracing.hu\/#website"},"primaryImageOfPage":{"@id":"http:\/\/karaiexclusiveracing.hu\/en\/product\/bmw-e30-318i-touring\/#primaryimage"},"image":{"@id":"http:\/\/karaiexclusiveracing.hu\/en\/product\/bmw-e30-318i-touring\/#primaryimage"},"thumbnailUrl":"https:\/\/karaiexclusiveracing.hu\/wp-content\/uploads\/2025\/01\/viber_kep_2025-01-21_22-33-18-263.jpg","datePublished":"2025-01-23T18:06:46+00:00","dateModified":"2025-01-24T08:52:48+00:00","description":"BMW E30 318i Touring projekt aut\u00f3 buk\u00f3cs\u00f6vezett karossz\u00e9ri\u00e1val, kiv\u00e1l\u00f3 \u00e1llapotban. Sorsz\u00e1mozott cs\u0151, ig\u00e9ny eset\u00e9n okm\u00e1nyokkal. Elad\u00f3 1.000.000 Ft-\u00e9rt!","breadcrumb":{"@id":"http:\/\/karaiexclusiveracing.hu\/en\/product\/bmw-e30-318i-touring\/#breadcrumb"},"inLanguage":"de","potentialAction":[{"@type":"ReadAction","target":["http:\/\/karaiexclusiveracing.hu\/en\/product\/bmw-e30-318i-touring\/"]}]},{"@type":"ImageObject","inLanguage":"de","@id":"http:\/\/karaiexclusiveracing.hu\/en\/product\/bmw-e30-318i-touring\/#primaryimage","url":"https:\/\/karaiexclusiveracing.hu\/wp-content\/uploads\/2025\/01\/viber_kep_2025-01-21_22-33-18-263.jpg","contentUrl":"https:\/\/karaiexclusiveracing.hu\/wp-content\/uploads\/2025\/01\/viber_kep_2025-01-21_22-33-18-263.jpg","width":960,"height":720},{"@type":"BreadcrumbList","@id":"http:\/\/karaiexclusiveracing.hu\/en\/product\/bmw-e30-318i-touring\/#breadcrumb","itemListElement":[{"@type":"ListItem","position":1,"name":"Kezd\u0151lap","item":"https:\/\/karaiexclusiveracing.hu\/"},{"@type":"ListItem","position":2,"name":"Elad\u00f3 aut\u00f3k","item":"https:\/\/karaiexclusiveracing.hu\/elado-autok\/"},{"@type":"ListItem","position":3,"name":"BMW E30 318i Touring"}]},{"@type":"WebSite","@id":"https:\/\/karaiexclusiveracing.hu\/#website","url":"https:\/\/karaiexclusiveracing.hu\/","name":"K\u00e1rai Exclusive Racing","description":"","publisher":{"@id":"https:\/\/karaiexclusiveracing.hu\/#organization"},"potentialAction":[{"@type":"SearchAction","target":{"@type":"EntryPoint","urlTemplate":"https:\/\/karaiexclusiveracing.hu\/?s={search_term_string}"},"query-input":{"@type":"PropertyValueSpecification","valueRequired":true,"valueName":"search_term_string"}}],"inLanguage":"de"},{"@type":"Organization","@id":"https:\/\/karaiexclusiveracing.hu\/#organization","name":"K\u00e1rai Exclusive Racing","url":"https:\/\/karaiexclusiveracing.hu\/","logo":{"@type":"ImageObject","inLanguage":"de","@id":"https:\/\/karaiexclusiveracing.hu\/#\/schema\/logo\/image\/","url":"https:\/\/www.karaiexclusiveracing.hu\/wp-content\/uploads\/2023\/10\/karai_exclusive_logo-1-1.png","contentUrl":"https:\/\/www.karaiexclusiveracing.hu\/wp-content\/uploads\/2023\/10\/karai_exclusive_logo-1-1.png","width":1575,"height":435,"caption":"K\u00e1rai Exclusive Racing"},"image":{"@id":"https:\/\/karaiexclusiveracing.hu\/#\/schema\/logo\/image\/"},"sameAs":["https:\/\/www.facebook.com\/karaiexclusiveracing.hu","https:\/\/www.instagram.com\/karaiexclusiveracing\/"]}]}},"_links":{"self":[{"href":"http:\/\/karaiexclusiveracing.hu\/de\/wp-json\/wp\/v2\/product\/22292","targetHints":{"allow":["GET"]}}],"collection":[{"href":"http:\/\/karaiexclusiveracing.hu\/de\/wp-json\/wp\/v2\/product"}],"about":[{"href":"http:\/\/karaiexclusiveracing.hu\/de\/wp-json\/wp\/v2\/types\/product"}],"wp:featuredmedia":[{"embeddable":true,"href":"http:\/\/karaiexclusiveracing.hu\/de\/wp-json\/wp\/v2\/media\/22293"}],"wp:attachment":[{"href":"http:\/\/karaiexclusiveracing.hu\/de\/wp-json\/wp\/v2\/media?parent=22292"}],"wp:term":[{"taxonomy":"manufactures","embeddable":true,"href":"http:\/\/karaiexclusiveracing.hu\/de\/wp-json\/wp\/v2\/manufactures?post=22292"},{"taxonomy":"product_brand","embeddable":true,"href":"http:\/\/karaiexclusiveracing.hu\/de\/wp-json\/wp\/v2\/product_brand?post=22292"},{"taxonomy":"product_cat","embeddable":true,"href":"http:\/\/karaiexclusiveracing.hu\/de\/wp-json\/wp\/v2\/product_cat?post=22292"},{"taxonomy":"product_tag","embeddable":true,"href":"http:\/\/karaiexclusiveracing.hu\/de\/wp-json\/wp\/v2\/product_tag?post=22292"}],"curies":[{"name":"wp","href":"https:\/\/api.w.org\/{rel}","templated":true}]}}