{"id":22283,"date":"2025-01-23T18:47:01","date_gmt":"2025-01-23T17:47:01","guid":{"rendered":"https:\/\/www.karaiexclusiveracing.hu\/?post_type=product&#038;p=22283"},"modified":"2025-03-21T07:22:55","modified_gmt":"2025-03-21T06:22:55","slug":"bmw-e30-320i-1984","status":"publish","type":"product","link":"http:\/\/karaiexclusiveracing.hu\/de\/termek\/bmw-e30-320i-1984\/","title":{"rendered":"BMW E30 320i (1984)"},"content":{"rendered":"<p>Elad\u00f3 egy <strong>1984.12.31 gy\u00e1rt\u00e1si \u00e9v\u0171 BMW E30 320i<\/strong>, amely egy \u00e9vek \u00f3ta \u0151rizgetett <strong>project aut\u00f3<\/strong>. Az aut\u00f3 <strong>motor \u00e9s v\u00e1lt\u00f3 n\u00e9lk\u00fcl<\/strong> elad\u00f3, \u00e9s a kor\u00e1bbi tulajdonos\u00e1t\u00f3l lakatol\u00e1st kapott, \u00edgy a karossz\u00e9ria megfelel\u0151 alapot ny\u00fajt tov\u00e1bbi fel\u00faj\u00edt\u00e1shoz vagy egyedi \u00e1talak\u00edt\u00e1shoz.<\/p>\n<p>Az aut\u00f3 <strong>lej\u00e1rt magyar okm\u00e1nyokkal rendelkezik<\/strong>, ami a dokument\u00e1ci\u00f3s folyamatok szempontj\u00e1b\u00f3l el\u0151nyt jelenthet. Az 1.300.000 Ft-os v\u00e9tel\u00e1r az aktu\u00e1lis eur\u00f3 \u00e1rfolyamhoz igazodik (kb. 409 HUF\/EUR).<\/p>\n<p>Ez a ritka E30-as modell ide\u00e1lis projektalap gy\u0171jt\u0151k vagy BMW-rajong\u00f3k sz\u00e1m\u00e1ra, akik egy klasszikus 3-as sz\u00e9ri\u00e1t szeretn\u00e9nek \u00fajj\u00e1\u00e9p\u00edteni vagy saj\u00e1t \u00edzl\u00e9s\u00fck szerint \u00e1talak\u00edtani. A fel\u00fajj\u00edt\u00e1sban ig\u00e9ny szerint mi is tudunk seg\u00edteni.<\/p>\n<p><strong>Tov\u00e1bbi inform\u00e1ci\u00f3\u00e9rt \u00e9rdekl\u0151dj telefonon!<\/strong><\/p>","protected":false},"excerpt":{"rendered":"<p>Elad\u00f3 egy 1984.12.31 gy\u00e1rt\u00e1si \u00e9v\u0171 BMW E30 320i, amely egy \u00e9vek \u00f3ta \u0151rizgetett project aut\u00f3. Az aut\u00f3 motor \u00e9s v\u00e1lt\u00f3 n\u00e9lk\u00fcl elad\u00f3, \u00e9s a kor\u00e1bbi tulajdonos\u00e1t\u00f3l lakatol\u00e1st kapott, \u00edgy a karossz\u00e9ria megfelel\u0151 alapot ny\u00fajt tov\u00e1bbi fel\u00faj\u00edt\u00e1shoz vagy egyedi \u00e1talak\u00edt\u00e1shoz. Az aut\u00f3 lej\u00e1rt magyar okm\u00e1nyokkal rendelkezik, ami a dokument\u00e1ci\u00f3s folyamatok szempontj\u00e1b\u00f3l el\u0151nyt jelenthet. Az 1.300.000 Ft-os [&hellip;]<\/p>\n","protected":false},"featured_media":22700,"template":"","meta":{"_acf_changed":false},"manufactures":[],"product_brand":[],"product_cat":[24],"product_tag":[],"class_list":{"0":"post-22283","1":"product","2":"type-product","3":"status-publish","4":"has-post-thumbnail","6":"product_cat-classic-car","8":"first","9":"instock","10":"taxable","11":"shipping-taxable","12":"purchasable","13":"product-type-simple"},"exclude_global_add_ons":[],"addons":[],"acf":[],"yoast_head":"<!-- This site is optimized with the Yoast SEO Premium plugin v27.1 (Yoast SEO v27.2) - https:\/\/yoast.com\/product\/yoast-seo-premium-wordpress\/ -->\n<title>BMW E30 320i (1984) - K\u00e1rai Exclusive<\/title>\n<meta name=\"description\" content=\"BMW E30 320i elad\u00f3 motor \u00e9s v\u00e1lt\u00f3 n\u00e9lk\u00fcl, kor\u00e1bbi lakatol\u00e1ssal. Lej\u00e1rt magyar okm\u00e1nyokkal, ide\u00e1lis projekt aut\u00f3 gy\u0171jt\u0151knek.\" \/>\n<meta name=\"robots\" content=\"index, follow, max-snippet:-1, max-image-preview:large, max-video-preview:-1\" \/>\n<link rel=\"canonical\" href=\"https:\/\/karaiexclusiveracing.hu\/de\/produkt\/bmw-e30-320i-1984\/\" \/>\n<meta property=\"og:locale\" content=\"de_DE\" \/>\n<meta property=\"og:type\" content=\"article\" \/>\n<meta property=\"og:title\" content=\"BMW E30 320i (1984)\" \/>\n<meta property=\"og:description\" content=\"BMW E30 320i elad\u00f3 motor \u00e9s v\u00e1lt\u00f3 n\u00e9lk\u00fcl, kor\u00e1bbi lakatol\u00e1ssal. Lej\u00e1rt magyar okm\u00e1nyokkal, ide\u00e1lis projekt aut\u00f3 gy\u0171jt\u0151knek.\" \/>\n<meta property=\"og:url\" content=\"https:\/\/karaiexclusiveracing.hu\/de\/produkt\/bmw-e30-320i-1984\/\" \/>\n<meta property=\"og:site_name\" content=\"K\u00e1rai Exclusive\" \/>\n<meta property=\"article:publisher\" content=\"https:\/\/www.facebook.com\/karaiexclusiveracing.hu\" \/>\n<meta property=\"article:modified_time\" content=\"2025-03-21T06:22:55+00:00\" \/>\n<meta property=\"og:image\" content=\"https:\/\/karaiexclusiveracing.hu\/wp-content\/uploads\/2025\/01\/viber_kep_2025-01-21_22-13-53-949.png\" \/>\n\t<meta property=\"og:image:width\" content=\"1170\" \/>\n\t<meta property=\"og:image:height\" content=\"878\" \/>\n\t<meta property=\"og:image:type\" content=\"image\/png\" \/>\n<meta name=\"twitter:card\" content=\"summary_large_image\" \/>\n<meta name=\"twitter:label1\" content=\"Gesch\u00e4tzte Lesezeit\" \/>\n\t<meta name=\"twitter:data1\" content=\"1\u00a0Minute\" \/>\n<script type=\"application\/ld+json\" class=\"yoast-schema-graph\">{\"@context\":\"https:\/\/schema.org\",\"@graph\":[{\"@type\":\"WebPage\",\"@id\":\"https:\/\/karaiexclusiveracing.hu\/termek\/bmw-e30-320i-1984\/\",\"url\":\"https:\/\/karaiexclusiveracing.hu\/termek\/bmw-e30-320i-1984\/\",\"name\":\"BMW E30 320i (1984) - K\u00e1rai Exclusive\",\"isPartOf\":{\"@id\":\"https:\/\/karaiexclusiveracing.hu\/#website\"},\"primaryImageOfPage\":{\"@id\":\"https:\/\/karaiexclusiveracing.hu\/termek\/bmw-e30-320i-1984\/#primaryimage\"},\"image\":{\"@id\":\"https:\/\/karaiexclusiveracing.hu\/termek\/bmw-e30-320i-1984\/#primaryimage\"},\"thumbnailUrl\":\"https:\/\/karaiexclusiveracing.hu\/wp-content\/uploads\/2025\/01\/viber_kep_2025-01-21_22-13-53-949.png\",\"datePublished\":\"2025-01-23T17:47:01+00:00\",\"dateModified\":\"2025-03-21T06:22:55+00:00\",\"description\":\"BMW E30 320i elad\u00f3 motor \u00e9s v\u00e1lt\u00f3 n\u00e9lk\u00fcl, kor\u00e1bbi lakatol\u00e1ssal. Lej\u00e1rt magyar okm\u00e1nyokkal, ide\u00e1lis projekt aut\u00f3 gy\u0171jt\u0151knek.\",\"breadcrumb\":{\"@id\":\"https:\/\/karaiexclusiveracing.hu\/termek\/bmw-e30-320i-1984\/#breadcrumb\"},\"inLanguage\":\"de\",\"potentialAction\":[{\"@type\":\"ReadAction\",\"target\":[\"https:\/\/karaiexclusiveracing.hu\/termek\/bmw-e30-320i-1984\/\"]}]},{\"@type\":\"ImageObject\",\"inLanguage\":\"de\",\"@id\":\"https:\/\/karaiexclusiveracing.hu\/termek\/bmw-e30-320i-1984\/#primaryimage\",\"url\":\"https:\/\/karaiexclusiveracing.hu\/wp-content\/uploads\/2025\/01\/viber_kep_2025-01-21_22-13-53-949.png\",\"contentUrl\":\"https:\/\/karaiexclusiveracing.hu\/wp-content\/uploads\/2025\/01\/viber_kep_2025-01-21_22-13-53-949.png\",\"width\":1170,\"height\":878},{\"@type\":\"BreadcrumbList\",\"@id\":\"https:\/\/karaiexclusiveracing.hu\/termek\/bmw-e30-320i-1984\/#breadcrumb\",\"itemListElement\":[{\"@type\":\"ListItem\",\"position\":1,\"name\":\"Kezd\u0151lap\",\"item\":\"https:\/\/karaiexclusiveracing.hu\/\"},{\"@type\":\"ListItem\",\"position\":2,\"name\":\"Elad\u00f3 aut\u00f3k\",\"item\":\"https:\/\/karaiexclusiveracing.hu\/elado-autok\/\"},{\"@type\":\"ListItem\",\"position\":3,\"name\":\"BMW E30 320i (1984)\"}]},{\"@type\":\"WebSite\",\"@id\":\"https:\/\/karaiexclusiveracing.hu\/#website\",\"url\":\"https:\/\/karaiexclusiveracing.hu\/\",\"name\":\"K\u00e1rai Exclusive Racing\",\"description\":\"\",\"publisher\":{\"@id\":\"https:\/\/karaiexclusiveracing.hu\/#organization\"},\"potentialAction\":[{\"@type\":\"SearchAction\",\"target\":{\"@type\":\"EntryPoint\",\"urlTemplate\":\"https:\/\/karaiexclusiveracing.hu\/?s={search_term_string}\"},\"query-input\":{\"@type\":\"PropertyValueSpecification\",\"valueRequired\":true,\"valueName\":\"search_term_string\"}}],\"inLanguage\":\"de\"},{\"@type\":\"Organization\",\"@id\":\"https:\/\/karaiexclusiveracing.hu\/#organization\",\"name\":\"K\u00e1rai Exclusive Racing\",\"url\":\"https:\/\/karaiexclusiveracing.hu\/\",\"logo\":{\"@type\":\"ImageObject\",\"inLanguage\":\"de\",\"@id\":\"https:\/\/karaiexclusiveracing.hu\/#\/schema\/logo\/image\/\",\"url\":\"https:\/\/www.karaiexclusiveracing.hu\/wp-content\/uploads\/2023\/10\/karai_exclusive_logo-1-1.png\",\"contentUrl\":\"https:\/\/www.karaiexclusiveracing.hu\/wp-content\/uploads\/2023\/10\/karai_exclusive_logo-1-1.png\",\"width\":1575,\"height\":435,\"caption\":\"K\u00e1rai Exclusive Racing\"},\"image\":{\"@id\":\"https:\/\/karaiexclusiveracing.hu\/#\/schema\/logo\/image\/\"},\"sameAs\":[\"https:\/\/www.facebook.com\/karaiexclusiveracing.hu\",\"https:\/\/www.instagram.com\/karaiexclusiveracing\/\"]}]}<\/script>\n<!-- \/ Yoast SEO Premium plugin. -->","yoast_head_json":{"title":"BMW E30 320i (1984) - K\u00e1rai Exclusive","description":"BMW E30 320i elad\u00f3 motor \u00e9s v\u00e1lt\u00f3 n\u00e9lk\u00fcl, kor\u00e1bbi lakatol\u00e1ssal. Lej\u00e1rt magyar okm\u00e1nyokkal, ide\u00e1lis projekt aut\u00f3 gy\u0171jt\u0151knek.","robots":{"index":"index","follow":"follow","max-snippet":"max-snippet:-1","max-image-preview":"max-image-preview:large","max-video-preview":"max-video-preview:-1"},"canonical":"https:\/\/karaiexclusiveracing.hu\/de\/produkt\/bmw-e30-320i-1984\/","og_locale":"de_DE","og_type":"article","og_title":"BMW E30 320i (1984)","og_description":"BMW E30 320i elad\u00f3 motor \u00e9s v\u00e1lt\u00f3 n\u00e9lk\u00fcl, kor\u00e1bbi lakatol\u00e1ssal. Lej\u00e1rt magyar okm\u00e1nyokkal, ide\u00e1lis projekt aut\u00f3 gy\u0171jt\u0151knek.","og_url":"https:\/\/karaiexclusiveracing.hu\/de\/produkt\/bmw-e30-320i-1984\/","og_site_name":"K\u00e1rai Exclusive","article_publisher":"https:\/\/www.facebook.com\/karaiexclusiveracing.hu","article_modified_time":"2025-03-21T06:22:55+00:00","og_image":[{"width":1170,"height":878,"url":"https:\/\/karaiexclusiveracing.hu\/wp-content\/uploads\/2025\/01\/viber_kep_2025-01-21_22-13-53-949.png","type":"image\/png"}],"twitter_card":"summary_large_image","twitter_misc":{"Gesch\u00e4tzte Lesezeit":"1\u00a0Minute"},"schema":{"@context":"https:\/\/schema.org","@graph":[{"@type":"WebPage","@id":"https:\/\/karaiexclusiveracing.hu\/termek\/bmw-e30-320i-1984\/","url":"https:\/\/karaiexclusiveracing.hu\/termek\/bmw-e30-320i-1984\/","name":"BMW E30 320i (1984) - K\u00e1rai Exclusive","isPartOf":{"@id":"https:\/\/karaiexclusiveracing.hu\/#website"},"primaryImageOfPage":{"@id":"https:\/\/karaiexclusiveracing.hu\/termek\/bmw-e30-320i-1984\/#primaryimage"},"image":{"@id":"https:\/\/karaiexclusiveracing.hu\/termek\/bmw-e30-320i-1984\/#primaryimage"},"thumbnailUrl":"https:\/\/karaiexclusiveracing.hu\/wp-content\/uploads\/2025\/01\/viber_kep_2025-01-21_22-13-53-949.png","datePublished":"2025-01-23T17:47:01+00:00","dateModified":"2025-03-21T06:22:55+00:00","description":"BMW E30 320i elad\u00f3 motor \u00e9s v\u00e1lt\u00f3 n\u00e9lk\u00fcl, kor\u00e1bbi lakatol\u00e1ssal. Lej\u00e1rt magyar okm\u00e1nyokkal, ide\u00e1lis projekt aut\u00f3 gy\u0171jt\u0151knek.","breadcrumb":{"@id":"https:\/\/karaiexclusiveracing.hu\/termek\/bmw-e30-320i-1984\/#breadcrumb"},"inLanguage":"de","potentialAction":[{"@type":"ReadAction","target":["https:\/\/karaiexclusiveracing.hu\/termek\/bmw-e30-320i-1984\/"]}]},{"@type":"ImageObject","inLanguage":"de","@id":"https:\/\/karaiexclusiveracing.hu\/termek\/bmw-e30-320i-1984\/#primaryimage","url":"https:\/\/karaiexclusiveracing.hu\/wp-content\/uploads\/2025\/01\/viber_kep_2025-01-21_22-13-53-949.png","contentUrl":"https:\/\/karaiexclusiveracing.hu\/wp-content\/uploads\/2025\/01\/viber_kep_2025-01-21_22-13-53-949.png","width":1170,"height":878},{"@type":"BreadcrumbList","@id":"https:\/\/karaiexclusiveracing.hu\/termek\/bmw-e30-320i-1984\/#breadcrumb","itemListElement":[{"@type":"ListItem","position":1,"name":"Kezd\u0151lap","item":"https:\/\/karaiexclusiveracing.hu\/"},{"@type":"ListItem","position":2,"name":"Elad\u00f3 aut\u00f3k","item":"https:\/\/karaiexclusiveracing.hu\/elado-autok\/"},{"@type":"ListItem","position":3,"name":"BMW E30 320i (1984)"}]},{"@type":"WebSite","@id":"https:\/\/karaiexclusiveracing.hu\/#website","url":"https:\/\/karaiexclusiveracing.hu\/","name":"K\u00e1rai Exclusive Racing","description":"","publisher":{"@id":"https:\/\/karaiexclusiveracing.hu\/#organization"},"potentialAction":[{"@type":"SearchAction","target":{"@type":"EntryPoint","urlTemplate":"https:\/\/karaiexclusiveracing.hu\/?s={search_term_string}"},"query-input":{"@type":"PropertyValueSpecification","valueRequired":true,"valueName":"search_term_string"}}],"inLanguage":"de"},{"@type":"Organization","@id":"https:\/\/karaiexclusiveracing.hu\/#organization","name":"K\u00e1rai Exclusive Racing","url":"https:\/\/karaiexclusiveracing.hu\/","logo":{"@type":"ImageObject","inLanguage":"de","@id":"https:\/\/karaiexclusiveracing.hu\/#\/schema\/logo\/image\/","url":"https:\/\/www.karaiexclusiveracing.hu\/wp-content\/uploads\/2023\/10\/karai_exclusive_logo-1-1.png","contentUrl":"https:\/\/www.karaiexclusiveracing.hu\/wp-content\/uploads\/2023\/10\/karai_exclusive_logo-1-1.png","width":1575,"height":435,"caption":"K\u00e1rai Exclusive Racing"},"image":{"@id":"https:\/\/karaiexclusiveracing.hu\/#\/schema\/logo\/image\/"},"sameAs":["https:\/\/www.facebook.com\/karaiexclusiveracing.hu","https:\/\/www.instagram.com\/karaiexclusiveracing\/"]}]}},"_links":{"self":[{"href":"http:\/\/karaiexclusiveracing.hu\/de\/wp-json\/wp\/v2\/product\/22283","targetHints":{"allow":["GET"]}}],"collection":[{"href":"http:\/\/karaiexclusiveracing.hu\/de\/wp-json\/wp\/v2\/product"}],"about":[{"href":"http:\/\/karaiexclusiveracing.hu\/de\/wp-json\/wp\/v2\/types\/product"}],"wp:featuredmedia":[{"embeddable":true,"href":"http:\/\/karaiexclusiveracing.hu\/de\/wp-json\/wp\/v2\/media\/22700"}],"wp:attachment":[{"href":"http:\/\/karaiexclusiveracing.hu\/de\/wp-json\/wp\/v2\/media?parent=22283"}],"wp:term":[{"taxonomy":"manufactures","embeddable":true,"href":"http:\/\/karaiexclusiveracing.hu\/de\/wp-json\/wp\/v2\/manufactures?post=22283"},{"taxonomy":"product_brand","embeddable":true,"href":"http:\/\/karaiexclusiveracing.hu\/de\/wp-json\/wp\/v2\/product_brand?post=22283"},{"taxonomy":"product_cat","embeddable":true,"href":"http:\/\/karaiexclusiveracing.hu\/de\/wp-json\/wp\/v2\/product_cat?post=22283"},{"taxonomy":"product_tag","embeddable":true,"href":"http:\/\/karaiexclusiveracing.hu\/de\/wp-json\/wp\/v2\/product_tag?post=22283"}],"curies":[{"name":"wp","href":"https:\/\/api.w.org\/{rel}","templated":true}]}}