{"id":22157,"date":"2024-12-29T14:30:08","date_gmt":"2024-12-29T13:30:08","guid":{"rendered":"https:\/\/www.karaiexclusiveracing.hu\/?post_type=product&#038;p=22157"},"modified":"2025-11-17T14:40:46","modified_gmt":"2025-11-17T13:40:46","slug":"bmw-320i-39-000km","status":"publish","type":"product","link":"http:\/\/karaiexclusiveracing.hu\/de\/termek\/bmw-320i-39-000km\/","title":{"rendered":"BMW 320i (39.000KM)"},"content":{"rendered":"<p>Gy\u0171jtem\u00e9nyb\u0151l elad\u00f3 egy BMW E30 320i Aut.<\/p>\n<p>Az aut\u00f3 \u00e1llapota szinte a hihetetlen kateg\u00f3ria! Az aut\u00f3 rengeteget \u00e1llt az \u00e1ll\u00e1sb\u00f3l fakad\u00f3 el\u00f6regedett alkatr\u00e9szek cser\u00e9lve lettek! (\u00daj tank, t\u00f6m\u00edt\u00e9sek, szimeringek, rengeteg minden) Az aut\u00f3 N\u00e9metorsz\u00e1gb\u00f3l lett behozva hosszas keresg\u00e9l\u00e9s ut\u00e1n! Az aut\u00f3nak az \u00f6sszes jav\u00edt\u00e1si sz\u00e1ml\u00e1ja, tankol\u00e1si sz\u00e1ml\u00e1ja minden lef\u0171zve egy mapp\u00e1ba! 4 db Gy\u00e1ri kulcs! Aki szeretne egy olyan aut\u00f3t amit csak be kell tenni a gar\u00e1zsba \u00e9s letakarni annak itt a lehet\u0151s\u00e9g! B\u0151vebb inf\u00f3 telefonon!<\/p>\n<p>K\u00fclt\u00e9r:<\/p>\n<ul>\n<li>Elektromos t\u00fck\u00f6r<\/li>\n<li>F\u0171thet\u0151 t\u00fck\u00f6r<\/li>\n<li>K\u00f6nny\u0171f\u00e9m felni<\/li>\n<li>Sz\u00ednezett \u00fcveg<\/li>\n<li>Tol\u00f3tet\u0151 &#8211; elektromos<\/li>\n<\/ul>\n<p>M\u0171szaki:<\/p>\n<ul>\n<li>Centr\u00e1lz\u00e1r<\/li>\n<li>Szerv\u00f3korm\u00e1ny<\/li>\n<\/ul>","protected":false},"excerpt":{"rendered":"<p>Gy\u0171jtem\u00e9nyb\u0151l elad\u00f3 egy BMW E30 320i Aut. Az aut\u00f3 \u00e1llapota szinte a hihetetlen kateg\u00f3ria! Az aut\u00f3 rengeteget \u00e1llt az \u00e1ll\u00e1sb\u00f3l fakad\u00f3 el\u00f6regedett alkatr\u00e9szek cser\u00e9lve lettek! (\u00daj tank, t\u00f6m\u00edt\u00e9sek, szimeringek, rengeteg minden) Az aut\u00f3 N\u00e9metorsz\u00e1gb\u00f3l lett behozva hosszas keresg\u00e9l\u00e9s ut\u00e1n! Az aut\u00f3nak az \u00f6sszes jav\u00edt\u00e1si sz\u00e1ml\u00e1ja, tankol\u00e1si sz\u00e1ml\u00e1ja minden lef\u0171zve egy mapp\u00e1ba! 4 db Gy\u00e1ri kulcs! [&hellip;]<\/p>\n","protected":false},"featured_media":22991,"template":"","meta":{"_acf_changed":false},"manufactures":[],"product_brand":[],"product_cat":[24],"product_tag":[],"class_list":{"0":"post-22157","1":"product","2":"type-product","3":"status-publish","4":"has-post-thumbnail","6":"product_cat-classic-car","8":"first","9":"instock","10":"sale","11":"taxable","12":"shipping-taxable","13":"purchasable","14":"product-type-simple"},"exclude_global_add_ons":[],"addons":[],"acf":[],"yoast_head":"<!-- This site is optimized with the Yoast SEO Premium plugin v27.1 (Yoast SEO v27.2) - https:\/\/yoast.com\/product\/yoast-seo-premium-wordpress\/ -->\n<title>BMW 320i (39.000KM) - K\u00e1rai Exclusive<\/title>\n<meta name=\"robots\" content=\"index, follow, max-snippet:-1, max-image-preview:large, max-video-preview:-1\" \/>\n<link rel=\"canonical\" href=\"http:\/\/karaiexclusiveracing.hu\/de\/produkt\/bmw-320i-39-000km\/\" \/>\n<meta property=\"og:locale\" content=\"de_DE\" \/>\n<meta property=\"og:type\" content=\"article\" \/>\n<meta property=\"og:title\" content=\"BMW 320i (39.000KM)\" \/>\n<meta property=\"og:description\" content=\"Gy\u0171jtem\u00e9nyb\u0151l elad\u00f3 egy BMW E30 320i Aut. Az aut\u00f3 \u00e1llapota szinte a hihetetlen kateg\u00f3ria! Az aut\u00f3 rengeteget \u00e1llt az \u00e1ll\u00e1sb\u00f3l fakad\u00f3 el\u00f6regedett alkatr\u00e9szek cser\u00e9lve lettek! (\u00daj tank, t\u00f6m\u00edt\u00e9sek, szimeringek, rengeteg minden) Az aut\u00f3 N\u00e9metorsz\u00e1gb\u00f3l lett behozva hosszas keresg\u00e9l\u00e9s ut\u00e1n! Az aut\u00f3nak az \u00f6sszes jav\u00edt\u00e1si sz\u00e1ml\u00e1ja, tankol\u00e1si sz\u00e1ml\u00e1ja minden lef\u0171zve egy mapp\u00e1ba! 4 db Gy\u00e1ri kulcs! [&hellip;]\" \/>\n<meta property=\"og:url\" content=\"http:\/\/karaiexclusiveracing.hu\/de\/produkt\/bmw-320i-39-000km\/\" \/>\n<meta property=\"og:site_name\" content=\"K\u00e1rai Exclusive\" \/>\n<meta property=\"article:publisher\" content=\"https:\/\/www.facebook.com\/karaiexclusiveracing.hu\" \/>\n<meta property=\"article:modified_time\" content=\"2025-11-17T13:40:46+00:00\" \/>\n<meta property=\"og:image\" content=\"https:\/\/karaiexclusiveracing.hu\/wp-content\/uploads\/2024\/12\/viber_kep_2025-05-29_12-29-22-173.jpg\" \/>\n\t<meta property=\"og:image:width\" content=\"1600\" \/>\n\t<meta property=\"og:image:height\" content=\"1200\" \/>\n\t<meta property=\"og:image:type\" content=\"image\/jpeg\" \/>\n<meta name=\"twitter:card\" content=\"summary_large_image\" \/>\n<meta name=\"twitter:label1\" content=\"Gesch\u00e4tzte Lesezeit\" \/>\n\t<meta name=\"twitter:data1\" content=\"1\u00a0Minute\" \/>\n<script type=\"application\/ld+json\" class=\"yoast-schema-graph\">{\"@context\":\"https:\/\/schema.org\",\"@graph\":[{\"@type\":\"WebPage\",\"@id\":\"http:\/\/karaiexclusiveracing.hu\/en\/product\/bmw-320i-39-000km\/\",\"url\":\"http:\/\/karaiexclusiveracing.hu\/en\/product\/bmw-320i-39-000km\/\",\"name\":\"BMW 320i (39.000KM) - K\u00e1rai Exclusive\",\"isPartOf\":{\"@id\":\"https:\/\/karaiexclusiveracing.hu\/#website\"},\"primaryImageOfPage\":{\"@id\":\"http:\/\/karaiexclusiveracing.hu\/en\/product\/bmw-320i-39-000km\/#primaryimage\"},\"image\":{\"@id\":\"http:\/\/karaiexclusiveracing.hu\/en\/product\/bmw-320i-39-000km\/#primaryimage\"},\"thumbnailUrl\":\"https:\/\/karaiexclusiveracing.hu\/wp-content\/uploads\/2024\/12\/viber_kep_2025-05-29_12-29-22-173.jpg\",\"datePublished\":\"2024-12-29T13:30:08+00:00\",\"dateModified\":\"2025-11-17T13:40:46+00:00\",\"breadcrumb\":{\"@id\":\"http:\/\/karaiexclusiveracing.hu\/en\/product\/bmw-320i-39-000km\/#breadcrumb\"},\"inLanguage\":\"de\",\"potentialAction\":[{\"@type\":\"ReadAction\",\"target\":[\"http:\/\/karaiexclusiveracing.hu\/en\/product\/bmw-320i-39-000km\/\"]}]},{\"@type\":\"ImageObject\",\"inLanguage\":\"de\",\"@id\":\"http:\/\/karaiexclusiveracing.hu\/en\/product\/bmw-320i-39-000km\/#primaryimage\",\"url\":\"https:\/\/karaiexclusiveracing.hu\/wp-content\/uploads\/2024\/12\/viber_kep_2025-05-29_12-29-22-173.jpg\",\"contentUrl\":\"https:\/\/karaiexclusiveracing.hu\/wp-content\/uploads\/2024\/12\/viber_kep_2025-05-29_12-29-22-173.jpg\",\"width\":1600,\"height\":1200},{\"@type\":\"BreadcrumbList\",\"@id\":\"http:\/\/karaiexclusiveracing.hu\/en\/product\/bmw-320i-39-000km\/#breadcrumb\",\"itemListElement\":[{\"@type\":\"ListItem\",\"position\":1,\"name\":\"Kezd\u0151lap\",\"item\":\"https:\/\/karaiexclusiveracing.hu\/\"},{\"@type\":\"ListItem\",\"position\":2,\"name\":\"Elad\u00f3 aut\u00f3k\",\"item\":\"https:\/\/karaiexclusiveracing.hu\/elado-autok\/\"},{\"@type\":\"ListItem\",\"position\":3,\"name\":\"BMW 320i (39.000KM)\"}]},{\"@type\":\"WebSite\",\"@id\":\"https:\/\/karaiexclusiveracing.hu\/#website\",\"url\":\"https:\/\/karaiexclusiveracing.hu\/\",\"name\":\"K\u00e1rai Exclusive Racing\",\"description\":\"\",\"publisher\":{\"@id\":\"https:\/\/karaiexclusiveracing.hu\/#organization\"},\"potentialAction\":[{\"@type\":\"SearchAction\",\"target\":{\"@type\":\"EntryPoint\",\"urlTemplate\":\"https:\/\/karaiexclusiveracing.hu\/?s={search_term_string}\"},\"query-input\":{\"@type\":\"PropertyValueSpecification\",\"valueRequired\":true,\"valueName\":\"search_term_string\"}}],\"inLanguage\":\"de\"},{\"@type\":\"Organization\",\"@id\":\"https:\/\/karaiexclusiveracing.hu\/#organization\",\"name\":\"K\u00e1rai Exclusive Racing\",\"url\":\"https:\/\/karaiexclusiveracing.hu\/\",\"logo\":{\"@type\":\"ImageObject\",\"inLanguage\":\"de\",\"@id\":\"https:\/\/karaiexclusiveracing.hu\/#\/schema\/logo\/image\/\",\"url\":\"https:\/\/www.karaiexclusiveracing.hu\/wp-content\/uploads\/2023\/10\/karai_exclusive_logo-1-1.png\",\"contentUrl\":\"https:\/\/www.karaiexclusiveracing.hu\/wp-content\/uploads\/2023\/10\/karai_exclusive_logo-1-1.png\",\"width\":1575,\"height\":435,\"caption\":\"K\u00e1rai Exclusive Racing\"},\"image\":{\"@id\":\"https:\/\/karaiexclusiveracing.hu\/#\/schema\/logo\/image\/\"},\"sameAs\":[\"https:\/\/www.facebook.com\/karaiexclusiveracing.hu\",\"https:\/\/www.instagram.com\/karaiexclusiveracing\/\"]}]}<\/script>\n<!-- \/ Yoast SEO Premium plugin. -->","yoast_head_json":{"title":"BMW 320i (39.000KM) - K\u00e1rai Exclusive","robots":{"index":"index","follow":"follow","max-snippet":"max-snippet:-1","max-image-preview":"max-image-preview:large","max-video-preview":"max-video-preview:-1"},"canonical":"http:\/\/karaiexclusiveracing.hu\/de\/produkt\/bmw-320i-39-000km\/","og_locale":"de_DE","og_type":"article","og_title":"BMW 320i (39.000KM)","og_description":"Gy\u0171jtem\u00e9nyb\u0151l elad\u00f3 egy BMW E30 320i Aut. Az aut\u00f3 \u00e1llapota szinte a hihetetlen kateg\u00f3ria! Az aut\u00f3 rengeteget \u00e1llt az \u00e1ll\u00e1sb\u00f3l fakad\u00f3 el\u00f6regedett alkatr\u00e9szek cser\u00e9lve lettek! (\u00daj tank, t\u00f6m\u00edt\u00e9sek, szimeringek, rengeteg minden) Az aut\u00f3 N\u00e9metorsz\u00e1gb\u00f3l lett behozva hosszas keresg\u00e9l\u00e9s ut\u00e1n! Az aut\u00f3nak az \u00f6sszes jav\u00edt\u00e1si sz\u00e1ml\u00e1ja, tankol\u00e1si sz\u00e1ml\u00e1ja minden lef\u0171zve egy mapp\u00e1ba! 4 db Gy\u00e1ri kulcs! [&hellip;]","og_url":"http:\/\/karaiexclusiveracing.hu\/de\/produkt\/bmw-320i-39-000km\/","og_site_name":"K\u00e1rai Exclusive","article_publisher":"https:\/\/www.facebook.com\/karaiexclusiveracing.hu","article_modified_time":"2025-11-17T13:40:46+00:00","og_image":[{"width":1600,"height":1200,"url":"https:\/\/karaiexclusiveracing.hu\/wp-content\/uploads\/2024\/12\/viber_kep_2025-05-29_12-29-22-173.jpg","type":"image\/jpeg"}],"twitter_card":"summary_large_image","twitter_misc":{"Gesch\u00e4tzte Lesezeit":"1\u00a0Minute"},"schema":{"@context":"https:\/\/schema.org","@graph":[{"@type":"WebPage","@id":"http:\/\/karaiexclusiveracing.hu\/en\/product\/bmw-320i-39-000km\/","url":"http:\/\/karaiexclusiveracing.hu\/en\/product\/bmw-320i-39-000km\/","name":"BMW 320i (39.000KM) - K\u00e1rai Exclusive","isPartOf":{"@id":"https:\/\/karaiexclusiveracing.hu\/#website"},"primaryImageOfPage":{"@id":"http:\/\/karaiexclusiveracing.hu\/en\/product\/bmw-320i-39-000km\/#primaryimage"},"image":{"@id":"http:\/\/karaiexclusiveracing.hu\/en\/product\/bmw-320i-39-000km\/#primaryimage"},"thumbnailUrl":"https:\/\/karaiexclusiveracing.hu\/wp-content\/uploads\/2024\/12\/viber_kep_2025-05-29_12-29-22-173.jpg","datePublished":"2024-12-29T13:30:08+00:00","dateModified":"2025-11-17T13:40:46+00:00","breadcrumb":{"@id":"http:\/\/karaiexclusiveracing.hu\/en\/product\/bmw-320i-39-000km\/#breadcrumb"},"inLanguage":"de","potentialAction":[{"@type":"ReadAction","target":["http:\/\/karaiexclusiveracing.hu\/en\/product\/bmw-320i-39-000km\/"]}]},{"@type":"ImageObject","inLanguage":"de","@id":"http:\/\/karaiexclusiveracing.hu\/en\/product\/bmw-320i-39-000km\/#primaryimage","url":"https:\/\/karaiexclusiveracing.hu\/wp-content\/uploads\/2024\/12\/viber_kep_2025-05-29_12-29-22-173.jpg","contentUrl":"https:\/\/karaiexclusiveracing.hu\/wp-content\/uploads\/2024\/12\/viber_kep_2025-05-29_12-29-22-173.jpg","width":1600,"height":1200},{"@type":"BreadcrumbList","@id":"http:\/\/karaiexclusiveracing.hu\/en\/product\/bmw-320i-39-000km\/#breadcrumb","itemListElement":[{"@type":"ListItem","position":1,"name":"Kezd\u0151lap","item":"https:\/\/karaiexclusiveracing.hu\/"},{"@type":"ListItem","position":2,"name":"Elad\u00f3 aut\u00f3k","item":"https:\/\/karaiexclusiveracing.hu\/elado-autok\/"},{"@type":"ListItem","position":3,"name":"BMW 320i (39.000KM)"}]},{"@type":"WebSite","@id":"https:\/\/karaiexclusiveracing.hu\/#website","url":"https:\/\/karaiexclusiveracing.hu\/","name":"K\u00e1rai Exclusive Racing","description":"","publisher":{"@id":"https:\/\/karaiexclusiveracing.hu\/#organization"},"potentialAction":[{"@type":"SearchAction","target":{"@type":"EntryPoint","urlTemplate":"https:\/\/karaiexclusiveracing.hu\/?s={search_term_string}"},"query-input":{"@type":"PropertyValueSpecification","valueRequired":true,"valueName":"search_term_string"}}],"inLanguage":"de"},{"@type":"Organization","@id":"https:\/\/karaiexclusiveracing.hu\/#organization","name":"K\u00e1rai Exclusive Racing","url":"https:\/\/karaiexclusiveracing.hu\/","logo":{"@type":"ImageObject","inLanguage":"de","@id":"https:\/\/karaiexclusiveracing.hu\/#\/schema\/logo\/image\/","url":"https:\/\/www.karaiexclusiveracing.hu\/wp-content\/uploads\/2023\/10\/karai_exclusive_logo-1-1.png","contentUrl":"https:\/\/www.karaiexclusiveracing.hu\/wp-content\/uploads\/2023\/10\/karai_exclusive_logo-1-1.png","width":1575,"height":435,"caption":"K\u00e1rai Exclusive Racing"},"image":{"@id":"https:\/\/karaiexclusiveracing.hu\/#\/schema\/logo\/image\/"},"sameAs":["https:\/\/www.facebook.com\/karaiexclusiveracing.hu","https:\/\/www.instagram.com\/karaiexclusiveracing\/"]}]}},"_links":{"self":[{"href":"http:\/\/karaiexclusiveracing.hu\/de\/wp-json\/wp\/v2\/product\/22157","targetHints":{"allow":["GET"]}}],"collection":[{"href":"http:\/\/karaiexclusiveracing.hu\/de\/wp-json\/wp\/v2\/product"}],"about":[{"href":"http:\/\/karaiexclusiveracing.hu\/de\/wp-json\/wp\/v2\/types\/product"}],"wp:featuredmedia":[{"embeddable":true,"href":"http:\/\/karaiexclusiveracing.hu\/de\/wp-json\/wp\/v2\/media\/22991"}],"wp:attachment":[{"href":"http:\/\/karaiexclusiveracing.hu\/de\/wp-json\/wp\/v2\/media?parent=22157"}],"wp:term":[{"taxonomy":"manufactures","embeddable":true,"href":"http:\/\/karaiexclusiveracing.hu\/de\/wp-json\/wp\/v2\/manufactures?post=22157"},{"taxonomy":"product_brand","embeddable":true,"href":"http:\/\/karaiexclusiveracing.hu\/de\/wp-json\/wp\/v2\/product_brand?post=22157"},{"taxonomy":"product_cat","embeddable":true,"href":"http:\/\/karaiexclusiveracing.hu\/de\/wp-json\/wp\/v2\/product_cat?post=22157"},{"taxonomy":"product_tag","embeddable":true,"href":"http:\/\/karaiexclusiveracing.hu\/de\/wp-json\/wp\/v2\/product_tag?post=22157"}],"curies":[{"name":"wp","href":"https:\/\/api.w.org\/{rel}","templated":true}]}}