{"id":20897,"date":"2024-08-30T08:34:25","date_gmt":"2024-08-30T06:34:25","guid":{"rendered":"https:\/\/www.karaiexclusiveracing.hu\/?post_type=product&#038;p=20897"},"modified":"2025-09-02T10:37:50","modified_gmt":"2025-09-02T08:37:50","slug":"bmw-540-i","status":"publish","type":"product","link":"http:\/\/karaiexclusiveracing.hu\/de\/termek\/bmw-540-i\/","title":{"rendered":"BMW 540i &#8211; SOLD"},"content":{"rendered":"<p>BMW 540i MNAUAL 6 DINAMIC &amp;\u00a0 AC SCHNITZER.<\/p>\n<p>Az aut\u00f3 teljesen rozsda mentes! Egy sajn\u00e1latos sz\u00e1ll\u00edt\u00e1si s\u00e9r\u00fcl\u00e9s lett rajta, festve lett rajta 3 elem, ezt el tekintve gy\u00e1ri f\u00e9nyez\u00e9s\u0171. Komplett BILSTEIN fut\u00f3m\u0171. Vez\u00e9rm\u0171l\u00e1nc cser\u00e9lve lett. A fot\u00f3kon l\u00e1that\u00f3 18&#8243; felnik nem k\u00e9pezik a v\u00e9tel\u00e1r r\u00e9sz\u00e9t. Az aut\u00f3 alv\u00e1zsz\u00e1m szerint BBS RT 107 k\u00e9tr\u00e9szes felni szettel lett rendelve, aminek a fel\u00faj\u00edt\u00e1sa jelenleg tart. A p\u00f3tkereke is BBS RT. Az aut\u00f3nak jelenleg amerikai okm\u00e1nyai vannak v\u00e1m+\u00e1fa befizetve, a pap\u00edrjai teljesen rendezettek. Ig\u00e9ny szerint a teljes magyarorsz\u00e1gi forgalomba helyez\u00e9st is v\u00e1llaljuk ami a v\u00e9tel\u00e1ron fel\u00fcli k\u00f6lts\u00e9g. Az aut\u00f3 \u00f6sszess\u00e9g\u00e9ben hihetetlen meg\u0151rz\u00f6tt gy\u00e1ri \u00e1llapotnak \u00f6rvend, kiv\u00e1l\u00f3 befektet\u00e9s!<\/p>\n<p>Okm\u00e1nyok: Lej\u00e1rt k\u00fclf\u00f6ldi okm\u00e1nyokkal<\/p>\n<p>Abroncs: 225\/55 R 16<\/p>\n<p>Belt\u00e9r:<\/p>\n<ul>\n<li>b\u0151r bels\u0151<\/li>\n<li>\u00fcl\u00e9smagass\u00e1g \u00e1ll\u00edt\u00e1s<\/li>\n<li>k\u00f6z\u00e9ps\u0151 kart\u00e1masz<\/li>\n<li>multi.korm\u00e1ny<\/li>\n<li>der\u00e9kt\u00e1masz<\/li>\n<li>b\u0151rkorm\u00e1ny<\/li>\n<li>f\u00fcgg\u00f6nyl\u00e9gzs\u00e1k<\/li>\n<li>stb<\/li>\n<\/ul>\n<p>K\u00fclt\u00e9r:<\/p>\n<ul>\n<li>xenon f\u00e9nysz\u00f3r\u00f3<\/li>\n<li>elektromos ablak el\u00f6l<\/li>\n<li>elektromos ablak h\u00e1tul<\/li>\n<li>elektromos t\u00fck\u00f6r<\/li>\n<li>f\u0171thet\u0151 t\u00fck\u00f6r<\/li>\n<li>k\u00f6nny\u0171f\u00e9m felni<\/li>\n<li>stb.<\/li>\n<\/ul>\n<p>M\u0171szaki:<\/p>\n<ul>\n<li>centr\u00e1lz\u00e1r<\/li>\n<li>szervokorm\u00e1ny<\/li>\n<li>sportfut\u00f3m\u0171<\/li>\n<\/ul>","protected":false},"excerpt":{"rendered":"<p>BMW 540i MNAUAL 6 DINAMIC &amp;\u00a0 AC SCHNITZER. Az aut\u00f3 teljesen rozsda mentes! Egy sajn\u00e1latos sz\u00e1ll\u00edt\u00e1si s\u00e9r\u00fcl\u00e9s lett rajta, festve lett rajta 3 elem, ezt el tekintve gy\u00e1ri f\u00e9nyez\u00e9s\u0171. Komplett BILSTEIN fut\u00f3m\u0171. Vez\u00e9rm\u0171l\u00e1nc cser\u00e9lve lett. A fot\u00f3kon l\u00e1that\u00f3 18&#8243; felnik nem k\u00e9pezik a v\u00e9tel\u00e1r r\u00e9sz\u00e9t. Az aut\u00f3 alv\u00e1zsz\u00e1m szerint BBS RT 107 k\u00e9tr\u00e9szes felni szettel [&hellip;]<\/p>\n","protected":false},"featured_media":22199,"template":"","meta":{"_acf_changed":false},"manufactures":[],"product_brand":[],"product_cat":[25],"product_tag":[109],"class_list":{"0":"post-20897","1":"product","2":"type-product","3":"status-publish","4":"has-post-thumbnail","6":"product_cat-streetcar","7":"product_tag-sold","9":"first","10":"instock","11":"taxable","12":"shipping-taxable","13":"purchasable","14":"product-type-simple"},"exclude_global_add_ons":[],"addons":[],"acf":[],"yoast_head":"<!-- This site is optimized with the Yoast SEO Premium plugin v27.1 (Yoast SEO v27.2) - https:\/\/yoast.com\/product\/yoast-seo-premium-wordpress\/ -->\n<title>BMW 540i - SOLD - K\u00e1rai Exclusive<\/title>\n<meta name=\"robots\" content=\"index, follow, max-snippet:-1, max-image-preview:large, max-video-preview:-1\" \/>\n<link rel=\"canonical\" href=\"https:\/\/karaiexclusiveracing.hu\/de\/produkt\/bmw-540-i\/\" \/>\n<meta property=\"og:locale\" content=\"de_DE\" \/>\n<meta property=\"og:type\" content=\"article\" \/>\n<meta property=\"og:title\" content=\"BMW 540i - SOLD\" \/>\n<meta property=\"og:description\" content=\"BMW 540i MNAUAL 6 DINAMIC &amp;\u00a0 AC SCHNITZER. Az aut\u00f3 teljesen rozsda mentes! Egy sajn\u00e1latos sz\u00e1ll\u00edt\u00e1si s\u00e9r\u00fcl\u00e9s lett rajta, festve lett rajta 3 elem, ezt el tekintve gy\u00e1ri f\u00e9nyez\u00e9s\u0171. Komplett BILSTEIN fut\u00f3m\u0171. Vez\u00e9rm\u0171l\u00e1nc cser\u00e9lve lett. A fot\u00f3kon l\u00e1that\u00f3 18&#8243; felnik nem k\u00e9pezik a v\u00e9tel\u00e1r r\u00e9sz\u00e9t. Az aut\u00f3 alv\u00e1zsz\u00e1m szerint BBS RT 107 k\u00e9tr\u00e9szes felni szettel [&hellip;]\" \/>\n<meta property=\"og:url\" content=\"https:\/\/karaiexclusiveracing.hu\/de\/produkt\/bmw-540-i\/\" \/>\n<meta property=\"og:site_name\" content=\"K\u00e1rai Exclusive\" \/>\n<meta property=\"article:publisher\" content=\"https:\/\/www.facebook.com\/karaiexclusiveracing.hu\" \/>\n<meta property=\"article:modified_time\" content=\"2025-09-02T08:37:50+00:00\" \/>\n<meta property=\"og:image\" content=\"https:\/\/karaiexclusiveracing.hu\/wp-content\/uploads\/2024\/08\/SOLD-4.png\" \/>\n\t<meta property=\"og:image:width\" content=\"2560\" \/>\n\t<meta property=\"og:image:height\" content=\"1515\" \/>\n\t<meta property=\"og:image:type\" content=\"image\/png\" \/>\n<meta name=\"twitter:card\" content=\"summary_large_image\" \/>\n<meta name=\"twitter:label1\" content=\"Gesch\u00e4tzte Lesezeit\" \/>\n\t<meta name=\"twitter:data1\" content=\"1\u00a0Minute\" \/>\n<script type=\"application\/ld+json\" class=\"yoast-schema-graph\">{\"@context\":\"https:\/\/schema.org\",\"@graph\":[{\"@type\":\"WebPage\",\"@id\":\"https:\/\/karaiexclusiveracing.hu\/termek\/bmw-540-i\/\",\"url\":\"https:\/\/karaiexclusiveracing.hu\/termek\/bmw-540-i\/\",\"name\":\"BMW 540i - SOLD - K\u00e1rai Exclusive\",\"isPartOf\":{\"@id\":\"https:\/\/karaiexclusiveracing.hu\/#website\"},\"primaryImageOfPage\":{\"@id\":\"https:\/\/karaiexclusiveracing.hu\/termek\/bmw-540-i\/#primaryimage\"},\"image\":{\"@id\":\"https:\/\/karaiexclusiveracing.hu\/termek\/bmw-540-i\/#primaryimage\"},\"thumbnailUrl\":\"https:\/\/karaiexclusiveracing.hu\/wp-content\/uploads\/2024\/08\/SOLD-4.png\",\"datePublished\":\"2024-08-30T06:34:25+00:00\",\"dateModified\":\"2025-09-02T08:37:50+00:00\",\"breadcrumb\":{\"@id\":\"https:\/\/karaiexclusiveracing.hu\/termek\/bmw-540-i\/#breadcrumb\"},\"inLanguage\":\"de\",\"potentialAction\":[{\"@type\":\"ReadAction\",\"target\":[\"https:\/\/karaiexclusiveracing.hu\/termek\/bmw-540-i\/\"]}]},{\"@type\":\"ImageObject\",\"inLanguage\":\"de\",\"@id\":\"https:\/\/karaiexclusiveracing.hu\/termek\/bmw-540-i\/#primaryimage\",\"url\":\"https:\/\/karaiexclusiveracing.hu\/wp-content\/uploads\/2024\/08\/SOLD-4.png\",\"contentUrl\":\"https:\/\/karaiexclusiveracing.hu\/wp-content\/uploads\/2024\/08\/SOLD-4.png\",\"width\":2560,\"height\":1515},{\"@type\":\"BreadcrumbList\",\"@id\":\"https:\/\/karaiexclusiveracing.hu\/termek\/bmw-540-i\/#breadcrumb\",\"itemListElement\":[{\"@type\":\"ListItem\",\"position\":1,\"name\":\"Kezd\u0151lap\",\"item\":\"https:\/\/karaiexclusiveracing.hu\/\"},{\"@type\":\"ListItem\",\"position\":2,\"name\":\"Elad\u00f3 aut\u00f3k\",\"item\":\"https:\/\/karaiexclusiveracing.hu\/elado-autok\/\"},{\"@type\":\"ListItem\",\"position\":3,\"name\":\"BMW 540i &#8211; SOLD\"}]},{\"@type\":\"WebSite\",\"@id\":\"https:\/\/karaiexclusiveracing.hu\/#website\",\"url\":\"https:\/\/karaiexclusiveracing.hu\/\",\"name\":\"K\u00e1rai Exclusive Racing\",\"description\":\"\",\"publisher\":{\"@id\":\"https:\/\/karaiexclusiveracing.hu\/#organization\"},\"potentialAction\":[{\"@type\":\"SearchAction\",\"target\":{\"@type\":\"EntryPoint\",\"urlTemplate\":\"https:\/\/karaiexclusiveracing.hu\/?s={search_term_string}\"},\"query-input\":{\"@type\":\"PropertyValueSpecification\",\"valueRequired\":true,\"valueName\":\"search_term_string\"}}],\"inLanguage\":\"de\"},{\"@type\":\"Organization\",\"@id\":\"https:\/\/karaiexclusiveracing.hu\/#organization\",\"name\":\"K\u00e1rai Exclusive Racing\",\"url\":\"https:\/\/karaiexclusiveracing.hu\/\",\"logo\":{\"@type\":\"ImageObject\",\"inLanguage\":\"de\",\"@id\":\"https:\/\/karaiexclusiveracing.hu\/#\/schema\/logo\/image\/\",\"url\":\"https:\/\/www.karaiexclusiveracing.hu\/wp-content\/uploads\/2023\/10\/karai_exclusive_logo-1-1.png\",\"contentUrl\":\"https:\/\/www.karaiexclusiveracing.hu\/wp-content\/uploads\/2023\/10\/karai_exclusive_logo-1-1.png\",\"width\":1575,\"height\":435,\"caption\":\"K\u00e1rai Exclusive Racing\"},\"image\":{\"@id\":\"https:\/\/karaiexclusiveracing.hu\/#\/schema\/logo\/image\/\"},\"sameAs\":[\"https:\/\/www.facebook.com\/karaiexclusiveracing.hu\",\"https:\/\/www.instagram.com\/karaiexclusiveracing\/\"]}]}<\/script>\n<!-- \/ Yoast SEO Premium plugin. -->","yoast_head_json":{"title":"BMW 540i - SOLD - K\u00e1rai Exclusive","robots":{"index":"index","follow":"follow","max-snippet":"max-snippet:-1","max-image-preview":"max-image-preview:large","max-video-preview":"max-video-preview:-1"},"canonical":"https:\/\/karaiexclusiveracing.hu\/de\/produkt\/bmw-540-i\/","og_locale":"de_DE","og_type":"article","og_title":"BMW 540i - SOLD","og_description":"BMW 540i MNAUAL 6 DINAMIC &amp;\u00a0 AC SCHNITZER. Az aut\u00f3 teljesen rozsda mentes! Egy sajn\u00e1latos sz\u00e1ll\u00edt\u00e1si s\u00e9r\u00fcl\u00e9s lett rajta, festve lett rajta 3 elem, ezt el tekintve gy\u00e1ri f\u00e9nyez\u00e9s\u0171. Komplett BILSTEIN fut\u00f3m\u0171. Vez\u00e9rm\u0171l\u00e1nc cser\u00e9lve lett. A fot\u00f3kon l\u00e1that\u00f3 18&#8243; felnik nem k\u00e9pezik a v\u00e9tel\u00e1r r\u00e9sz\u00e9t. Az aut\u00f3 alv\u00e1zsz\u00e1m szerint BBS RT 107 k\u00e9tr\u00e9szes felni szettel [&hellip;]","og_url":"https:\/\/karaiexclusiveracing.hu\/de\/produkt\/bmw-540-i\/","og_site_name":"K\u00e1rai Exclusive","article_publisher":"https:\/\/www.facebook.com\/karaiexclusiveracing.hu","article_modified_time":"2025-09-02T08:37:50+00:00","og_image":[{"width":2560,"height":1515,"url":"https:\/\/karaiexclusiveracing.hu\/wp-content\/uploads\/2024\/08\/SOLD-4.png","type":"image\/png"}],"twitter_card":"summary_large_image","twitter_misc":{"Gesch\u00e4tzte Lesezeit":"1\u00a0Minute"},"schema":{"@context":"https:\/\/schema.org","@graph":[{"@type":"WebPage","@id":"https:\/\/karaiexclusiveracing.hu\/termek\/bmw-540-i\/","url":"https:\/\/karaiexclusiveracing.hu\/termek\/bmw-540-i\/","name":"BMW 540i - SOLD - K\u00e1rai Exclusive","isPartOf":{"@id":"https:\/\/karaiexclusiveracing.hu\/#website"},"primaryImageOfPage":{"@id":"https:\/\/karaiexclusiveracing.hu\/termek\/bmw-540-i\/#primaryimage"},"image":{"@id":"https:\/\/karaiexclusiveracing.hu\/termek\/bmw-540-i\/#primaryimage"},"thumbnailUrl":"https:\/\/karaiexclusiveracing.hu\/wp-content\/uploads\/2024\/08\/SOLD-4.png","datePublished":"2024-08-30T06:34:25+00:00","dateModified":"2025-09-02T08:37:50+00:00","breadcrumb":{"@id":"https:\/\/karaiexclusiveracing.hu\/termek\/bmw-540-i\/#breadcrumb"},"inLanguage":"de","potentialAction":[{"@type":"ReadAction","target":["https:\/\/karaiexclusiveracing.hu\/termek\/bmw-540-i\/"]}]},{"@type":"ImageObject","inLanguage":"de","@id":"https:\/\/karaiexclusiveracing.hu\/termek\/bmw-540-i\/#primaryimage","url":"https:\/\/karaiexclusiveracing.hu\/wp-content\/uploads\/2024\/08\/SOLD-4.png","contentUrl":"https:\/\/karaiexclusiveracing.hu\/wp-content\/uploads\/2024\/08\/SOLD-4.png","width":2560,"height":1515},{"@type":"BreadcrumbList","@id":"https:\/\/karaiexclusiveracing.hu\/termek\/bmw-540-i\/#breadcrumb","itemListElement":[{"@type":"ListItem","position":1,"name":"Kezd\u0151lap","item":"https:\/\/karaiexclusiveracing.hu\/"},{"@type":"ListItem","position":2,"name":"Elad\u00f3 aut\u00f3k","item":"https:\/\/karaiexclusiveracing.hu\/elado-autok\/"},{"@type":"ListItem","position":3,"name":"BMW 540i &#8211; SOLD"}]},{"@type":"WebSite","@id":"https:\/\/karaiexclusiveracing.hu\/#website","url":"https:\/\/karaiexclusiveracing.hu\/","name":"K\u00e1rai Exclusive Racing","description":"","publisher":{"@id":"https:\/\/karaiexclusiveracing.hu\/#organization"},"potentialAction":[{"@type":"SearchAction","target":{"@type":"EntryPoint","urlTemplate":"https:\/\/karaiexclusiveracing.hu\/?s={search_term_string}"},"query-input":{"@type":"PropertyValueSpecification","valueRequired":true,"valueName":"search_term_string"}}],"inLanguage":"de"},{"@type":"Organization","@id":"https:\/\/karaiexclusiveracing.hu\/#organization","name":"K\u00e1rai Exclusive Racing","url":"https:\/\/karaiexclusiveracing.hu\/","logo":{"@type":"ImageObject","inLanguage":"de","@id":"https:\/\/karaiexclusiveracing.hu\/#\/schema\/logo\/image\/","url":"https:\/\/www.karaiexclusiveracing.hu\/wp-content\/uploads\/2023\/10\/karai_exclusive_logo-1-1.png","contentUrl":"https:\/\/www.karaiexclusiveracing.hu\/wp-content\/uploads\/2023\/10\/karai_exclusive_logo-1-1.png","width":1575,"height":435,"caption":"K\u00e1rai Exclusive Racing"},"image":{"@id":"https:\/\/karaiexclusiveracing.hu\/#\/schema\/logo\/image\/"},"sameAs":["https:\/\/www.facebook.com\/karaiexclusiveracing.hu","https:\/\/www.instagram.com\/karaiexclusiveracing\/"]}]}},"_links":{"self":[{"href":"http:\/\/karaiexclusiveracing.hu\/de\/wp-json\/wp\/v2\/product\/20897","targetHints":{"allow":["GET"]}}],"collection":[{"href":"http:\/\/karaiexclusiveracing.hu\/de\/wp-json\/wp\/v2\/product"}],"about":[{"href":"http:\/\/karaiexclusiveracing.hu\/de\/wp-json\/wp\/v2\/types\/product"}],"wp:featuredmedia":[{"embeddable":true,"href":"http:\/\/karaiexclusiveracing.hu\/de\/wp-json\/wp\/v2\/media\/22199"}],"wp:attachment":[{"href":"http:\/\/karaiexclusiveracing.hu\/de\/wp-json\/wp\/v2\/media?parent=20897"}],"wp:term":[{"taxonomy":"manufactures","embeddable":true,"href":"http:\/\/karaiexclusiveracing.hu\/de\/wp-json\/wp\/v2\/manufactures?post=20897"},{"taxonomy":"product_brand","embeddable":true,"href":"http:\/\/karaiexclusiveracing.hu\/de\/wp-json\/wp\/v2\/product_brand?post=20897"},{"taxonomy":"product_cat","embeddable":true,"href":"http:\/\/karaiexclusiveracing.hu\/de\/wp-json\/wp\/v2\/product_cat?post=20897"},{"taxonomy":"product_tag","embeddable":true,"href":"http:\/\/karaiexclusiveracing.hu\/de\/wp-json\/wp\/v2\/product_tag?post=20897"}],"curies":[{"name":"wp","href":"https:\/\/api.w.org\/{rel}","templated":true}]}}