{"id":1579,"date":"2023-11-06T09:56:30","date_gmt":"2023-11-06T08:56:30","guid":{"rendered":"https:\/\/www.karaiexclusiveracing.hu\/?post_type=product&#038;p=1579"},"modified":"2025-09-11T20:27:02","modified_gmt":"2025-09-11T18:27:02","slug":"bmw-e38-750i-1995","status":"publish","type":"product","link":"http:\/\/karaiexclusiveracing.hu\/de\/termek\/bmw-e38-750i-1995\/","title":{"rendered":"BMW E38 750i (1995)"},"content":{"rendered":"<div id=\"ut-row-inner-653a2e06d150a\" class=\"vc_row wpb_row vc_inner vc_row-fluid vc_column-gap-10 ut-row-inner-653a2e06d1512\">\n<div class=\"wpb_column vc_column_container vc_col-sm-9\">\n<div id=\"ut-column-inner-653a2e06d18bf\" class=\"vc_column-inner vc_column-inner-nested\">\n<div class=\"wpb_wrapper\">\n<div class=\"wpb_text_column wpb_content_element\">\n<div class=\"wpb_wrapper\">\n<p>Elad\u00f3 egy <strong>BMW E38 750i<\/strong>, amely kiv\u00e1l\u00f3 fel\u00faj\u00edt\u00e1si alapk\u00e9nt indult, de m\u00e1ra teljes k\u00f6r\u0171en fel\u00faj\u00edtott, OT vizsg\u00e1ra alkalmas \u00e1llapotba ker\u00fclt. Az aut\u00f3ra jelent\u0151s \u00f6sszegek \u2013 \u00f6nk\u00f6lts\u00e9gen <strong>milli\u00f3k<\/strong> \u2013 lettek ford\u00edtva, hogy visszanyerje eredeti ragyog\u00e1s\u00e1t \u00e9s megb\u00edzhat\u00f3s\u00e1g\u00e1t.<\/p>\n<p>A j\u00e1rm\u0171 2014 \u00f3ta egy orvos tulajdon\u00e1ban volt, aki mind\u00f6ssze <strong>2000 km-t tett meg vele 8 \u00e9v alatt<\/strong>. A fel\u00faj\u00edt\u00e1s sor\u00e1n az \u00f6sszes ismert <strong>E38 karossz\u00e9ria betegs\u00e9g<\/strong> megold\u00e1sra ker\u00fclt, \u00e9s a r\u00e9szletekre val\u00f3 odafigyel\u00e9s minden elemn\u00e9l megmutatkozik.<\/p>\n<p><strong>Fel\u00faj\u00edt\u00e1s r\u00e9szletei:<\/strong><\/p>\n<ul>\n<li><strong>Karossz\u00e9ria<\/strong>: Teljes k\u00f6r\u0171 fel\u00faj\u00edt\u00e1s, f\u00e9m tiszt\u00e1ra letakar\u00edtva, teljes f\u00e9nyez\u00e9s<\/li>\n<li><strong>Fut\u00f3m\u0171<\/strong>: Els\u0151 \u00e9s h\u00e1ts\u00f3 fut\u00f3m\u0171 teljesen fel\u00faj\u00edtva<\/li>\n<li><strong>Szervizel\u00e9s<\/strong>: Minden olaj \u00e9s sz\u0171r\u0151 kicser\u00e9lve, az \u00f6sszes szilent \u00faj<\/li>\n<li><strong>Egy\u00e9b munk\u00e1k<\/strong>:\n<ul>\n<li>Els\u0151 f\u00e9nysz\u00f3r\u00f3k fel\u00faj\u00edtva<\/li>\n<li>Diferenci\u00e1lm\u0171 teljes k\u00f6r\u0171en fel\u00faj\u00edtva<\/li>\n<li>Ajt\u00f3k alj\u00e1ra \u00faj v\u00edzleh\u00faz\u00f3k<\/li>\n<li>Fel\u00faj\u00edtott \u00fczemanyagtank<\/li>\n<li>\u00daj patentok, d\u00edszl\u00e9cek<\/li>\n<\/ul>\n<\/li>\n<\/ul>\n<p>Az aut\u00f3 fel\u00faj\u00edt\u00e1s\u00e1t alapos dokument\u00e1ci\u00f3 k\u00eds\u00e9ri, <strong>200 db f\u00e9nyk\u00e9ppel<\/strong> \u00e9s r\u00e9szletes alkatr\u00e9szlist\u00e1val. A v\u00e9tel\u00e1r tartalmazza a gy\u00e1ri alufelniket, a fot\u00f3kon szerepl\u0151 felnik nem r\u00e9szei az aj\u00e1nlatnak.<\/p>\n<\/div>\n<p>&nbsp;<\/p>\n<p><strong>Belt\u00e9r:<\/strong><\/p>\n<ul>\n<li>b\u0151r bels\u0151\u0171<\/li>\n<li>f\u0171thet\u0151 els\u0151 \u00fcl\u00e9s<\/li>\n<li>mem\u00f3ri\u00e1s vezet\u0151\u00fcl\u00e9s<\/li>\n<li>\u00fcl\u00e9smagass\u00e1g \u00e1ll\u00edt\u00e1s<\/li>\n<li>h\u0171thet\u0151 kart\u00e1masz<\/li>\n<li>multifunkci\u00f3s korm\u00e1nyker\u00e9k<\/li>\n<li>der\u00e9kt\u00e1masz<\/li>\n<li>b\u0151rkorm\u00e1ny<\/li>\n<li>oldall\u00e9gzs\u00e1k<\/li>\n<li>utasoldali l\u00e9gzs\u00e1k<\/li>\n<li>vezet\u0151oldali l\u00e9gzs\u00e1k<\/li>\n<li>\u00e1ll\u00edthat\u00f3 korm\u00e1ny<\/li>\n<li>fed\u00e9lzeti komputer<\/li>\n<\/ul>\n<p>&nbsp;<\/p>\n<p><strong>K\u00fclt\u00e9r:<\/strong><\/p>\n<ul>\n<li>xenon f\u00e9nysz\u00f3r\u00f3<\/li>\n<li>es\u0151szenzor<\/li>\n<li>elektromos ablak el\u00f6l<\/li>\n<li>elektromos ablak h\u00e1tul<\/li>\n<li>elektromos t\u00fck\u00f6r<\/li>\n<li>f\u0171thet\u0151 t\u00fck\u00f6r<\/li>\n<li>k\u00f6nny\u0171f\u00e9m felni<\/li>\n<li>sz\u00ednezett \u00fcveg<\/li>\n<li>tol\u00f3tet\u0151 (napf\u00e9nytet\u0151)<\/li>\n<li>tol\u00f3tet\u0151 &#8211; elektromos<\/li>\n<\/ul>\n<\/div>\n<\/div>\n<div class=\"wpb_wrapper\">\n<div class=\"wpb_wrapper\">\n<p>&nbsp;<\/p>\n<p><strong>M\u0171szaki:<\/strong><\/p>\n<\/div>\n<ul>\n<li>tolat\u00f3radar<\/li>\n<li>els\u0151-h\u00e1ts\u00f3 parkol\u00f3radar<\/li>\n<li>ABS (blokkol\u00e1sg\u00e1tl\u00f3)<\/li>\n<li>ASR (kip\u00f6rg\u00e9sg\u00e1tl\u00f3)<\/li>\n<li>ESP (menetstabiliz\u00e1tor)<\/li>\n<li>tempomat<\/li>\n<li>centr\u00e1lz\u00e1r<\/li>\n<li>szervokorm\u00e1ny<\/li>\n<\/ul>\n<div class=\"wpb_text_column wpb_content_element\">\n<p>&nbsp;<\/p>\n<p><strong>Tov\u00e1bbi inform\u00e1ci\u00f3\u00e9rt \u00e9rdekl\u0151dj telefonon!<\/strong><\/p>\n<\/div>\n<\/div>\n<\/div>\n<\/div>\n<\/div>","protected":false},"excerpt":{"rendered":"<p>Elad\u00f3 egy BMW E38 750i, amely kiv\u00e1l\u00f3 fel\u00faj\u00edt\u00e1si alapk\u00e9nt indult, de m\u00e1ra teljes k\u00f6r\u0171en fel\u00faj\u00edtott, OT vizsg\u00e1ra alkalmas \u00e1llapotba ker\u00fclt. Az aut\u00f3ra jelent\u0151s \u00f6sszegek \u2013 \u00f6nk\u00f6lts\u00e9gen milli\u00f3k \u2013 lettek ford\u00edtva, hogy visszanyerje eredeti ragyog\u00e1s\u00e1t \u00e9s megb\u00edzhat\u00f3s\u00e1g\u00e1t. A j\u00e1rm\u0171 2014 \u00f3ta egy orvos tulajdon\u00e1ban volt, aki mind\u00f6ssze 2000 km-t tett meg vele 8 \u00e9v alatt. A [&hellip;]<\/p>\n","protected":false},"featured_media":22356,"template":"","meta":{"_acf_changed":false},"manufactures":[52],"product_brand":[],"product_cat":[24],"product_tag":[],"class_list":{"0":"post-1579","1":"product","2":"type-product","3":"status-publish","4":"has-post-thumbnail","6":"manufactures-bmw","7":"product_cat-classic-car","9":"first","10":"instock","11":"taxable","12":"shipping-taxable","13":"purchasable","14":"product-type-simple"},"exclude_global_add_ons":[],"addons":[],"acf":[],"yoast_head":"<!-- This site is optimized with the Yoast SEO Premium plugin v27.1 (Yoast SEO v27.2) - https:\/\/yoast.com\/product\/yoast-seo-premium-wordpress\/ -->\n<title>BMW E38 750i (1995) - K\u00e1rai Exclusive<\/title>\n<meta name=\"description\" content=\"BMW E38 750i fel\u00faj\u00edtott fut\u00f3m\u0171vel, differenci\u00e1lm\u0171vel \u00e9s \u00faj alkatr\u00e9szekkel. Rendezett magyar okm\u00e1nyokkal \u00e9s gy\u00e1ri kulcsokkal elad\u00f3.\" \/>\n<meta name=\"robots\" content=\"index, follow, max-snippet:-1, max-image-preview:large, max-video-preview:-1\" \/>\n<link rel=\"canonical\" href=\"http:\/\/karaiexclusiveracing.hu\/de\/produkt\/bmw-e38-750i-1995\/\" \/>\n<meta property=\"og:locale\" content=\"de_DE\" \/>\n<meta property=\"og:type\" content=\"article\" \/>\n<meta property=\"og:title\" content=\"BMW E38 750i (1995)\" \/>\n<meta property=\"og:description\" content=\"BMW E38 750i fel\u00faj\u00edtott fut\u00f3m\u0171vel, differenci\u00e1lm\u0171vel \u00e9s \u00faj alkatr\u00e9szekkel. Rendezett magyar okm\u00e1nyokkal \u00e9s gy\u00e1ri kulcsokkal elad\u00f3.\" \/>\n<meta property=\"og:url\" content=\"http:\/\/karaiexclusiveracing.hu\/de\/produkt\/bmw-e38-750i-1995\/\" \/>\n<meta property=\"og:site_name\" content=\"K\u00e1rai Exclusive\" \/>\n<meta property=\"article:publisher\" content=\"https:\/\/www.facebook.com\/karaiexclusiveracing.hu\" \/>\n<meta property=\"article:modified_time\" content=\"2025-09-11T18:27:02+00:00\" \/>\n<meta property=\"og:image\" content=\"https:\/\/karaiexclusiveracing.hu\/wp-content\/uploads\/2023\/11\/viber_kep_2025-01-27_12-48-16-453.jpg\" \/>\n\t<meta property=\"og:image:width\" content=\"1600\" \/>\n\t<meta property=\"og:image:height\" content=\"1128\" \/>\n\t<meta property=\"og:image:type\" content=\"image\/jpeg\" \/>\n<meta name=\"twitter:card\" content=\"summary_large_image\" \/>\n<meta name=\"twitter:label1\" content=\"Gesch\u00e4tzte Lesezeit\" \/>\n\t<meta name=\"twitter:data1\" content=\"2\u00a0Minuten\" \/>\n<script type=\"application\/ld+json\" class=\"yoast-schema-graph\">{\"@context\":\"https:\/\/schema.org\",\"@graph\":[{\"@type\":\"WebPage\",\"@id\":\"http:\/\/karaiexclusiveracing.hu\/en\/product\/bmw-e38-750i-1995\/\",\"url\":\"http:\/\/karaiexclusiveracing.hu\/en\/product\/bmw-e38-750i-1995\/\",\"name\":\"BMW E38 750i (1995) - K\u00e1rai Exclusive\",\"isPartOf\":{\"@id\":\"https:\/\/karaiexclusiveracing.hu\/#website\"},\"primaryImageOfPage\":{\"@id\":\"http:\/\/karaiexclusiveracing.hu\/en\/product\/bmw-e38-750i-1995\/#primaryimage\"},\"image\":{\"@id\":\"http:\/\/karaiexclusiveracing.hu\/en\/product\/bmw-e38-750i-1995\/#primaryimage\"},\"thumbnailUrl\":\"https:\/\/karaiexclusiveracing.hu\/wp-content\/uploads\/2023\/11\/viber_kep_2025-01-27_12-48-16-453.jpg\",\"datePublished\":\"2023-11-06T08:56:30+00:00\",\"dateModified\":\"2025-09-11T18:27:02+00:00\",\"description\":\"BMW E38 750i fel\u00faj\u00edtott fut\u00f3m\u0171vel, differenci\u00e1lm\u0171vel \u00e9s \u00faj alkatr\u00e9szekkel. Rendezett magyar okm\u00e1nyokkal \u00e9s gy\u00e1ri kulcsokkal elad\u00f3.\",\"breadcrumb\":{\"@id\":\"http:\/\/karaiexclusiveracing.hu\/en\/product\/bmw-e38-750i-1995\/#breadcrumb\"},\"inLanguage\":\"de\",\"potentialAction\":[{\"@type\":\"ReadAction\",\"target\":[\"http:\/\/karaiexclusiveracing.hu\/en\/product\/bmw-e38-750i-1995\/\"]}]},{\"@type\":\"ImageObject\",\"inLanguage\":\"de\",\"@id\":\"http:\/\/karaiexclusiveracing.hu\/en\/product\/bmw-e38-750i-1995\/#primaryimage\",\"url\":\"https:\/\/karaiexclusiveracing.hu\/wp-content\/uploads\/2023\/11\/viber_kep_2025-01-27_12-48-16-453.jpg\",\"contentUrl\":\"https:\/\/karaiexclusiveracing.hu\/wp-content\/uploads\/2023\/11\/viber_kep_2025-01-27_12-48-16-453.jpg\",\"width\":1600,\"height\":1128},{\"@type\":\"BreadcrumbList\",\"@id\":\"http:\/\/karaiexclusiveracing.hu\/en\/product\/bmw-e38-750i-1995\/#breadcrumb\",\"itemListElement\":[{\"@type\":\"ListItem\",\"position\":1,\"name\":\"Kezd\u0151lap\",\"item\":\"https:\/\/karaiexclusiveracing.hu\/\"},{\"@type\":\"ListItem\",\"position\":2,\"name\":\"Elad\u00f3 aut\u00f3k\",\"item\":\"https:\/\/karaiexclusiveracing.hu\/elado-autok\/\"},{\"@type\":\"ListItem\",\"position\":3,\"name\":\"BMW E38 750i (1995)\"}]},{\"@type\":\"WebSite\",\"@id\":\"https:\/\/karaiexclusiveracing.hu\/#website\",\"url\":\"https:\/\/karaiexclusiveracing.hu\/\",\"name\":\"K\u00e1rai Exclusive Racing\",\"description\":\"\",\"publisher\":{\"@id\":\"https:\/\/karaiexclusiveracing.hu\/#organization\"},\"potentialAction\":[{\"@type\":\"SearchAction\",\"target\":{\"@type\":\"EntryPoint\",\"urlTemplate\":\"https:\/\/karaiexclusiveracing.hu\/?s={search_term_string}\"},\"query-input\":{\"@type\":\"PropertyValueSpecification\",\"valueRequired\":true,\"valueName\":\"search_term_string\"}}],\"inLanguage\":\"de\"},{\"@type\":\"Organization\",\"@id\":\"https:\/\/karaiexclusiveracing.hu\/#organization\",\"name\":\"K\u00e1rai Exclusive Racing\",\"url\":\"https:\/\/karaiexclusiveracing.hu\/\",\"logo\":{\"@type\":\"ImageObject\",\"inLanguage\":\"de\",\"@id\":\"https:\/\/karaiexclusiveracing.hu\/#\/schema\/logo\/image\/\",\"url\":\"https:\/\/www.karaiexclusiveracing.hu\/wp-content\/uploads\/2023\/10\/karai_exclusive_logo-1-1.png\",\"contentUrl\":\"https:\/\/www.karaiexclusiveracing.hu\/wp-content\/uploads\/2023\/10\/karai_exclusive_logo-1-1.png\",\"width\":1575,\"height\":435,\"caption\":\"K\u00e1rai Exclusive Racing\"},\"image\":{\"@id\":\"https:\/\/karaiexclusiveracing.hu\/#\/schema\/logo\/image\/\"},\"sameAs\":[\"https:\/\/www.facebook.com\/karaiexclusiveracing.hu\",\"https:\/\/www.instagram.com\/karaiexclusiveracing\/\"]}]}<\/script>\n<!-- \/ Yoast SEO Premium plugin. -->","yoast_head_json":{"title":"BMW E38 750i (1995) - K\u00e1rai Exclusive","description":"BMW E38 750i fel\u00faj\u00edtott fut\u00f3m\u0171vel, differenci\u00e1lm\u0171vel \u00e9s \u00faj alkatr\u00e9szekkel. Rendezett magyar okm\u00e1nyokkal \u00e9s gy\u00e1ri kulcsokkal elad\u00f3.","robots":{"index":"index","follow":"follow","max-snippet":"max-snippet:-1","max-image-preview":"max-image-preview:large","max-video-preview":"max-video-preview:-1"},"canonical":"http:\/\/karaiexclusiveracing.hu\/de\/produkt\/bmw-e38-750i-1995\/","og_locale":"de_DE","og_type":"article","og_title":"BMW E38 750i (1995)","og_description":"BMW E38 750i fel\u00faj\u00edtott fut\u00f3m\u0171vel, differenci\u00e1lm\u0171vel \u00e9s \u00faj alkatr\u00e9szekkel. Rendezett magyar okm\u00e1nyokkal \u00e9s gy\u00e1ri kulcsokkal elad\u00f3.","og_url":"http:\/\/karaiexclusiveracing.hu\/de\/produkt\/bmw-e38-750i-1995\/","og_site_name":"K\u00e1rai Exclusive","article_publisher":"https:\/\/www.facebook.com\/karaiexclusiveracing.hu","article_modified_time":"2025-09-11T18:27:02+00:00","og_image":[{"width":1600,"height":1128,"url":"https:\/\/karaiexclusiveracing.hu\/wp-content\/uploads\/2023\/11\/viber_kep_2025-01-27_12-48-16-453.jpg","type":"image\/jpeg"}],"twitter_card":"summary_large_image","twitter_misc":{"Gesch\u00e4tzte Lesezeit":"2\u00a0Minuten"},"schema":{"@context":"https:\/\/schema.org","@graph":[{"@type":"WebPage","@id":"http:\/\/karaiexclusiveracing.hu\/en\/product\/bmw-e38-750i-1995\/","url":"http:\/\/karaiexclusiveracing.hu\/en\/product\/bmw-e38-750i-1995\/","name":"BMW E38 750i (1995) - K\u00e1rai Exclusive","isPartOf":{"@id":"https:\/\/karaiexclusiveracing.hu\/#website"},"primaryImageOfPage":{"@id":"http:\/\/karaiexclusiveracing.hu\/en\/product\/bmw-e38-750i-1995\/#primaryimage"},"image":{"@id":"http:\/\/karaiexclusiveracing.hu\/en\/product\/bmw-e38-750i-1995\/#primaryimage"},"thumbnailUrl":"https:\/\/karaiexclusiveracing.hu\/wp-content\/uploads\/2023\/11\/viber_kep_2025-01-27_12-48-16-453.jpg","datePublished":"2023-11-06T08:56:30+00:00","dateModified":"2025-09-11T18:27:02+00:00","description":"BMW E38 750i fel\u00faj\u00edtott fut\u00f3m\u0171vel, differenci\u00e1lm\u0171vel \u00e9s \u00faj alkatr\u00e9szekkel. Rendezett magyar okm\u00e1nyokkal \u00e9s gy\u00e1ri kulcsokkal elad\u00f3.","breadcrumb":{"@id":"http:\/\/karaiexclusiveracing.hu\/en\/product\/bmw-e38-750i-1995\/#breadcrumb"},"inLanguage":"de","potentialAction":[{"@type":"ReadAction","target":["http:\/\/karaiexclusiveracing.hu\/en\/product\/bmw-e38-750i-1995\/"]}]},{"@type":"ImageObject","inLanguage":"de","@id":"http:\/\/karaiexclusiveracing.hu\/en\/product\/bmw-e38-750i-1995\/#primaryimage","url":"https:\/\/karaiexclusiveracing.hu\/wp-content\/uploads\/2023\/11\/viber_kep_2025-01-27_12-48-16-453.jpg","contentUrl":"https:\/\/karaiexclusiveracing.hu\/wp-content\/uploads\/2023\/11\/viber_kep_2025-01-27_12-48-16-453.jpg","width":1600,"height":1128},{"@type":"BreadcrumbList","@id":"http:\/\/karaiexclusiveracing.hu\/en\/product\/bmw-e38-750i-1995\/#breadcrumb","itemListElement":[{"@type":"ListItem","position":1,"name":"Kezd\u0151lap","item":"https:\/\/karaiexclusiveracing.hu\/"},{"@type":"ListItem","position":2,"name":"Elad\u00f3 aut\u00f3k","item":"https:\/\/karaiexclusiveracing.hu\/elado-autok\/"},{"@type":"ListItem","position":3,"name":"BMW E38 750i (1995)"}]},{"@type":"WebSite","@id":"https:\/\/karaiexclusiveracing.hu\/#website","url":"https:\/\/karaiexclusiveracing.hu\/","name":"K\u00e1rai Exclusive Racing","description":"","publisher":{"@id":"https:\/\/karaiexclusiveracing.hu\/#organization"},"potentialAction":[{"@type":"SearchAction","target":{"@type":"EntryPoint","urlTemplate":"https:\/\/karaiexclusiveracing.hu\/?s={search_term_string}"},"query-input":{"@type":"PropertyValueSpecification","valueRequired":true,"valueName":"search_term_string"}}],"inLanguage":"de"},{"@type":"Organization","@id":"https:\/\/karaiexclusiveracing.hu\/#organization","name":"K\u00e1rai Exclusive Racing","url":"https:\/\/karaiexclusiveracing.hu\/","logo":{"@type":"ImageObject","inLanguage":"de","@id":"https:\/\/karaiexclusiveracing.hu\/#\/schema\/logo\/image\/","url":"https:\/\/www.karaiexclusiveracing.hu\/wp-content\/uploads\/2023\/10\/karai_exclusive_logo-1-1.png","contentUrl":"https:\/\/www.karaiexclusiveracing.hu\/wp-content\/uploads\/2023\/10\/karai_exclusive_logo-1-1.png","width":1575,"height":435,"caption":"K\u00e1rai Exclusive Racing"},"image":{"@id":"https:\/\/karaiexclusiveracing.hu\/#\/schema\/logo\/image\/"},"sameAs":["https:\/\/www.facebook.com\/karaiexclusiveracing.hu","https:\/\/www.instagram.com\/karaiexclusiveracing\/"]}]}},"_links":{"self":[{"href":"http:\/\/karaiexclusiveracing.hu\/de\/wp-json\/wp\/v2\/product\/1579","targetHints":{"allow":["GET"]}}],"collection":[{"href":"http:\/\/karaiexclusiveracing.hu\/de\/wp-json\/wp\/v2\/product"}],"about":[{"href":"http:\/\/karaiexclusiveracing.hu\/de\/wp-json\/wp\/v2\/types\/product"}],"wp:featuredmedia":[{"embeddable":true,"href":"http:\/\/karaiexclusiveracing.hu\/de\/wp-json\/wp\/v2\/media\/22356"}],"wp:attachment":[{"href":"http:\/\/karaiexclusiveracing.hu\/de\/wp-json\/wp\/v2\/media?parent=1579"}],"wp:term":[{"taxonomy":"manufactures","embeddable":true,"href":"http:\/\/karaiexclusiveracing.hu\/de\/wp-json\/wp\/v2\/manufactures?post=1579"},{"taxonomy":"product_brand","embeddable":true,"href":"http:\/\/karaiexclusiveracing.hu\/de\/wp-json\/wp\/v2\/product_brand?post=1579"},{"taxonomy":"product_cat","embeddable":true,"href":"http:\/\/karaiexclusiveracing.hu\/de\/wp-json\/wp\/v2\/product_cat?post=1579"},{"taxonomy":"product_tag","embeddable":true,"href":"http:\/\/karaiexclusiveracing.hu\/de\/wp-json\/wp\/v2\/product_tag?post=1579"}],"curies":[{"name":"wp","href":"https:\/\/api.w.org\/{rel}","templated":true}]}}