{"id":1560,"date":"2023-11-06T09:45:58","date_gmt":"2023-11-06T08:45:58","guid":{"rendered":"https:\/\/www.karaiexclusiveracing.hu\/?post_type=product&#038;p=1560"},"modified":"2025-09-11T19:57:41","modified_gmt":"2025-09-11T17:57:41","slug":"audi-100-2","status":"publish","type":"product","link":"http:\/\/karaiexclusiveracing.hu\/de\/termek\/audi-100-2\/","title":{"rendered":"AUDI 100"},"content":{"rendered":"<div id=\"ut-row-inner-653a2e06d150a\" class=\"vc_row wpb_row vc_inner vc_row-fluid vc_column-gap-10 ut-row-inner-653a2e06d1512\">\n<div class=\"wpb_column vc_column_container vc_col-sm-9\">\n<div id=\"ut-column-inner-653a2e06d18bf\" class=\"vc_column-inner vc_column-inner-nested\">\n<div class=\"wpb_wrapper\">\n<div class=\"wpb_text_column wpb_content_element\">\n<div class=\"wpb_wrapper\">\n<p>Elad\u00e1sra k\u00edn\u00e1lunk egy <strong>remek \u00e1llapot\u00fa Audi 100-as modellt<\/strong>, amely igazi ritkas\u00e1gnak sz\u00e1m\u00edt. Az aut\u00f3 15 \u00e9vig egy <strong>fedett pajt\u00e1ban \u00e1llt lez\u00e1rva<\/strong>, ennek k\u00f6sz\u00f6nhet\u0151en bels\u0151 tere <strong>az \u00faj\u00e9val vetekszik<\/strong>, f\u00e9nyez\u00e9se pedig <strong>gy\u00e1ri \u00e9s t\u00f6r\u00e9smentes<\/strong>.<\/p>\n<p>Az Audi jelenleg <strong>jav\u00edt\u00e1st\u00f3l mentes \u00e1llapotban van<\/strong>, f\u00e9nyez\u00e9se gy\u00e1ri, t\u00f6r\u00e9smentes, ami k\u00fcl\u00f6nleges lehet\u0151s\u00e9get k\u00edn\u00e1l azoknak, akik egy eredeti \u00e1llapot\u00fa, gy\u0171jtem\u00e9nybe ill\u0151 aut\u00f3t keresnek. B\u00e1r a dokumentumok nem ker\u00fcltek el\u0151, az aut\u00f3 <strong>OT vizsg\u00e1ra t\u00f6k\u00e9letesen alkalmas<\/strong>, \u00edgy m\u00faze\u00e1lis min\u0151s\u00edt\u00e9ssel is haszn\u00e1lhat\u00f3 lehet. Az aut\u00f3 \u00f6t hengeres motorja pedig a rajong\u00f3k sz\u00e1m\u00e1ra k\u00fcl\u00f6nleges \u00e9lm\u00e9nyt \u00e9s egyedi karaktert biztos\u00edt.<\/p>\n<p><strong>Tov\u00e1bbi inform\u00e1ci\u00f3\u00e9rt \u00e9rdekl\u0151dj telefonon!<\/strong><\/p>\n<\/div>\n<\/div>\n<\/div>\n<\/div>\n<\/div>\n<\/div>","protected":false},"excerpt":{"rendered":"<p>Elad\u00e1sra k\u00edn\u00e1lunk egy remek \u00e1llapot\u00fa Audi 100-as modellt, amely igazi ritkas\u00e1gnak sz\u00e1m\u00edt. Az aut\u00f3 15 \u00e9vig egy fedett pajt\u00e1ban \u00e1llt lez\u00e1rva, ennek k\u00f6sz\u00f6nhet\u0151en bels\u0151 tere az \u00faj\u00e9val vetekszik, f\u00e9nyez\u00e9se pedig gy\u00e1ri \u00e9s t\u00f6r\u00e9smentes. Az Audi jelenleg jav\u00edt\u00e1st\u00f3l mentes \u00e1llapotban van, f\u00e9nyez\u00e9se gy\u00e1ri, t\u00f6r\u00e9smentes, ami k\u00fcl\u00f6nleges lehet\u0151s\u00e9get k\u00edn\u00e1l azoknak, akik egy eredeti \u00e1llapot\u00fa, gy\u0171jtem\u00e9nybe ill\u0151 aut\u00f3t [&hellip;]<\/p>\n","protected":false},"featured_media":1510,"template":"","meta":{"_acf_changed":false},"manufactures":[56],"product_brand":[],"product_cat":[24],"product_tag":[],"class_list":{"0":"post-1560","1":"product","2":"type-product","3":"status-publish","4":"has-post-thumbnail","6":"manufactures-audi","7":"product_cat-classic-car","9":"first","10":"instock","11":"taxable","12":"shipping-taxable","13":"purchasable","14":"product-type-simple"},"exclude_global_add_ons":[],"addons":[],"acf":[],"yoast_head":"<!-- This site is optimized with the Yoast SEO Premium plugin v27.1 (Yoast SEO v27.2) - https:\/\/yoast.com\/product\/yoast-seo-premium-wordpress\/ -->\n<title>AUDI 100 - K\u00e1rai Exclusive<\/title>\n<meta name=\"description\" content=\"Ritka Audi 100 gy\u00e1ri f\u00e9nyez\u00e9ssel, t\u00f6r\u00e9smentes karossz\u00e9ri\u00e1val \u00e9s \u00f6t hengeres motorral. OT vizsg\u00e1ra alkalmas, az \u00faj\u00e9val veteked\u0151 bels\u0151 t\u00e9rrel.\" \/>\n<meta name=\"robots\" content=\"index, follow, max-snippet:-1, max-image-preview:large, max-video-preview:-1\" \/>\n<link rel=\"canonical\" href=\"https:\/\/karaiexclusiveracing.hu\/de\/produkt\/audi-100-2\/\" \/>\n<meta property=\"og:locale\" content=\"de_DE\" \/>\n<meta property=\"og:type\" content=\"article\" \/>\n<meta property=\"og:title\" content=\"AUDI 100\" \/>\n<meta property=\"og:description\" content=\"Ritka Audi 100 gy\u00e1ri f\u00e9nyez\u00e9ssel, t\u00f6r\u00e9smentes karossz\u00e9ri\u00e1val \u00e9s \u00f6t hengeres motorral. OT vizsg\u00e1ra alkalmas, az \u00faj\u00e9val veteked\u0151 bels\u0151 t\u00e9rrel.\" \/>\n<meta property=\"og:url\" content=\"https:\/\/karaiexclusiveracing.hu\/de\/produkt\/audi-100-2\/\" \/>\n<meta property=\"og:site_name\" content=\"K\u00e1rai Exclusive\" \/>\n<meta property=\"article:publisher\" content=\"https:\/\/www.facebook.com\/karaiexclusiveracing.hu\" \/>\n<meta property=\"article:modified_time\" content=\"2025-09-11T17:57:41+00:00\" \/>\n<meta property=\"og:image\" content=\"https:\/\/karaiexclusiveracing.hu\/wp-content\/uploads\/2023\/11\/DSC06331-scaled.jpg\" \/>\n\t<meta property=\"og:image:width\" content=\"2560\" \/>\n\t<meta property=\"og:image:height\" content=\"1440\" \/>\n\t<meta property=\"og:image:type\" content=\"image\/jpeg\" \/>\n<meta name=\"twitter:card\" content=\"summary_large_image\" \/>\n<meta name=\"twitter:label1\" content=\"Gesch\u00e4tzte Lesezeit\" \/>\n\t<meta name=\"twitter:data1\" content=\"1\u00a0Minute\" \/>\n<script type=\"application\/ld+json\" class=\"yoast-schema-graph\">{\"@context\":\"https:\/\/schema.org\",\"@graph\":[{\"@type\":\"WebPage\",\"@id\":\"https:\/\/karaiexclusiveracing.hu\/de\/produkt\/audi-100-2\/\",\"url\":\"https:\/\/karaiexclusiveracing.hu\/de\/produkt\/audi-100-2\/\",\"name\":\"AUDI 100 - K\u00e1rai Exclusive\",\"isPartOf\":{\"@id\":\"https:\/\/karaiexclusiveracing.hu\/#website\"},\"primaryImageOfPage\":{\"@id\":\"https:\/\/karaiexclusiveracing.hu\/de\/produkt\/audi-100-2\/#primaryimage\"},\"image\":{\"@id\":\"https:\/\/karaiexclusiveracing.hu\/de\/produkt\/audi-100-2\/#primaryimage\"},\"thumbnailUrl\":\"https:\/\/karaiexclusiveracing.hu\/wp-content\/uploads\/2023\/11\/DSC06331-scaled.jpg\",\"datePublished\":\"2023-11-06T08:45:58+00:00\",\"dateModified\":\"2025-09-11T17:57:41+00:00\",\"description\":\"Ritka Audi 100 gy\u00e1ri f\u00e9nyez\u00e9ssel, t\u00f6r\u00e9smentes karossz\u00e9ri\u00e1val \u00e9s \u00f6t hengeres motorral. OT vizsg\u00e1ra alkalmas, az \u00faj\u00e9val veteked\u0151 bels\u0151 t\u00e9rrel.\",\"breadcrumb\":{\"@id\":\"https:\/\/karaiexclusiveracing.hu\/de\/produkt\/audi-100-2\/#breadcrumb\"},\"inLanguage\":\"de\",\"potentialAction\":[{\"@type\":\"ReadAction\",\"target\":[\"https:\/\/karaiexclusiveracing.hu\/de\/produkt\/audi-100-2\/\"]}]},{\"@type\":\"ImageObject\",\"inLanguage\":\"de\",\"@id\":\"https:\/\/karaiexclusiveracing.hu\/de\/produkt\/audi-100-2\/#primaryimage\",\"url\":\"https:\/\/karaiexclusiveracing.hu\/wp-content\/uploads\/2023\/11\/DSC06331-scaled.jpg\",\"contentUrl\":\"https:\/\/karaiexclusiveracing.hu\/wp-content\/uploads\/2023\/11\/DSC06331-scaled.jpg\",\"width\":2560,\"height\":1440},{\"@type\":\"BreadcrumbList\",\"@id\":\"https:\/\/karaiexclusiveracing.hu\/de\/produkt\/audi-100-2\/#breadcrumb\",\"itemListElement\":[{\"@type\":\"ListItem\",\"position\":1,\"name\":\"Kezd\u0151lap\",\"item\":\"https:\/\/karaiexclusiveracing.hu\/\"},{\"@type\":\"ListItem\",\"position\":2,\"name\":\"Elad\u00f3 aut\u00f3k\",\"item\":\"https:\/\/karaiexclusiveracing.hu\/elado-autok\/\"},{\"@type\":\"ListItem\",\"position\":3,\"name\":\"AUDI 100\"}]},{\"@type\":\"WebSite\",\"@id\":\"https:\/\/karaiexclusiveracing.hu\/#website\",\"url\":\"https:\/\/karaiexclusiveracing.hu\/\",\"name\":\"K\u00e1rai Exclusive Racing\",\"description\":\"\",\"publisher\":{\"@id\":\"https:\/\/karaiexclusiveracing.hu\/#organization\"},\"potentialAction\":[{\"@type\":\"SearchAction\",\"target\":{\"@type\":\"EntryPoint\",\"urlTemplate\":\"https:\/\/karaiexclusiveracing.hu\/?s={search_term_string}\"},\"query-input\":{\"@type\":\"PropertyValueSpecification\",\"valueRequired\":true,\"valueName\":\"search_term_string\"}}],\"inLanguage\":\"de\"},{\"@type\":\"Organization\",\"@id\":\"https:\/\/karaiexclusiveracing.hu\/#organization\",\"name\":\"K\u00e1rai Exclusive Racing\",\"url\":\"https:\/\/karaiexclusiveracing.hu\/\",\"logo\":{\"@type\":\"ImageObject\",\"inLanguage\":\"de\",\"@id\":\"https:\/\/karaiexclusiveracing.hu\/#\/schema\/logo\/image\/\",\"url\":\"https:\/\/www.karaiexclusiveracing.hu\/wp-content\/uploads\/2023\/10\/karai_exclusive_logo-1-1.png\",\"contentUrl\":\"https:\/\/www.karaiexclusiveracing.hu\/wp-content\/uploads\/2023\/10\/karai_exclusive_logo-1-1.png\",\"width\":1575,\"height\":435,\"caption\":\"K\u00e1rai Exclusive Racing\"},\"image\":{\"@id\":\"https:\/\/karaiexclusiveracing.hu\/#\/schema\/logo\/image\/\"},\"sameAs\":[\"https:\/\/www.facebook.com\/karaiexclusiveracing.hu\",\"https:\/\/www.instagram.com\/karaiexclusiveracing\/\"]}]}<\/script>\n<!-- \/ Yoast SEO Premium plugin. -->","yoast_head_json":{"title":"AUDI 100 - K\u00e1rai Exclusive","description":"Ritka Audi 100 gy\u00e1ri f\u00e9nyez\u00e9ssel, t\u00f6r\u00e9smentes karossz\u00e9ri\u00e1val \u00e9s \u00f6t hengeres motorral. OT vizsg\u00e1ra alkalmas, az \u00faj\u00e9val veteked\u0151 bels\u0151 t\u00e9rrel.","robots":{"index":"index","follow":"follow","max-snippet":"max-snippet:-1","max-image-preview":"max-image-preview:large","max-video-preview":"max-video-preview:-1"},"canonical":"https:\/\/karaiexclusiveracing.hu\/de\/produkt\/audi-100-2\/","og_locale":"de_DE","og_type":"article","og_title":"AUDI 100","og_description":"Ritka Audi 100 gy\u00e1ri f\u00e9nyez\u00e9ssel, t\u00f6r\u00e9smentes karossz\u00e9ri\u00e1val \u00e9s \u00f6t hengeres motorral. OT vizsg\u00e1ra alkalmas, az \u00faj\u00e9val veteked\u0151 bels\u0151 t\u00e9rrel.","og_url":"https:\/\/karaiexclusiveracing.hu\/de\/produkt\/audi-100-2\/","og_site_name":"K\u00e1rai Exclusive","article_publisher":"https:\/\/www.facebook.com\/karaiexclusiveracing.hu","article_modified_time":"2025-09-11T17:57:41+00:00","og_image":[{"width":2560,"height":1440,"url":"https:\/\/karaiexclusiveracing.hu\/wp-content\/uploads\/2023\/11\/DSC06331-scaled.jpg","type":"image\/jpeg"}],"twitter_card":"summary_large_image","twitter_misc":{"Gesch\u00e4tzte Lesezeit":"1\u00a0Minute"},"schema":{"@context":"https:\/\/schema.org","@graph":[{"@type":"WebPage","@id":"https:\/\/karaiexclusiveracing.hu\/de\/produkt\/audi-100-2\/","url":"https:\/\/karaiexclusiveracing.hu\/de\/produkt\/audi-100-2\/","name":"AUDI 100 - K\u00e1rai Exclusive","isPartOf":{"@id":"https:\/\/karaiexclusiveracing.hu\/#website"},"primaryImageOfPage":{"@id":"https:\/\/karaiexclusiveracing.hu\/de\/produkt\/audi-100-2\/#primaryimage"},"image":{"@id":"https:\/\/karaiexclusiveracing.hu\/de\/produkt\/audi-100-2\/#primaryimage"},"thumbnailUrl":"https:\/\/karaiexclusiveracing.hu\/wp-content\/uploads\/2023\/11\/DSC06331-scaled.jpg","datePublished":"2023-11-06T08:45:58+00:00","dateModified":"2025-09-11T17:57:41+00:00","description":"Ritka Audi 100 gy\u00e1ri f\u00e9nyez\u00e9ssel, t\u00f6r\u00e9smentes karossz\u00e9ri\u00e1val \u00e9s \u00f6t hengeres motorral. OT vizsg\u00e1ra alkalmas, az \u00faj\u00e9val veteked\u0151 bels\u0151 t\u00e9rrel.","breadcrumb":{"@id":"https:\/\/karaiexclusiveracing.hu\/de\/produkt\/audi-100-2\/#breadcrumb"},"inLanguage":"de","potentialAction":[{"@type":"ReadAction","target":["https:\/\/karaiexclusiveracing.hu\/de\/produkt\/audi-100-2\/"]}]},{"@type":"ImageObject","inLanguage":"de","@id":"https:\/\/karaiexclusiveracing.hu\/de\/produkt\/audi-100-2\/#primaryimage","url":"https:\/\/karaiexclusiveracing.hu\/wp-content\/uploads\/2023\/11\/DSC06331-scaled.jpg","contentUrl":"https:\/\/karaiexclusiveracing.hu\/wp-content\/uploads\/2023\/11\/DSC06331-scaled.jpg","width":2560,"height":1440},{"@type":"BreadcrumbList","@id":"https:\/\/karaiexclusiveracing.hu\/de\/produkt\/audi-100-2\/#breadcrumb","itemListElement":[{"@type":"ListItem","position":1,"name":"Kezd\u0151lap","item":"https:\/\/karaiexclusiveracing.hu\/"},{"@type":"ListItem","position":2,"name":"Elad\u00f3 aut\u00f3k","item":"https:\/\/karaiexclusiveracing.hu\/elado-autok\/"},{"@type":"ListItem","position":3,"name":"AUDI 100"}]},{"@type":"WebSite","@id":"https:\/\/karaiexclusiveracing.hu\/#website","url":"https:\/\/karaiexclusiveracing.hu\/","name":"K\u00e1rai Exclusive Racing","description":"","publisher":{"@id":"https:\/\/karaiexclusiveracing.hu\/#organization"},"potentialAction":[{"@type":"SearchAction","target":{"@type":"EntryPoint","urlTemplate":"https:\/\/karaiexclusiveracing.hu\/?s={search_term_string}"},"query-input":{"@type":"PropertyValueSpecification","valueRequired":true,"valueName":"search_term_string"}}],"inLanguage":"de"},{"@type":"Organization","@id":"https:\/\/karaiexclusiveracing.hu\/#organization","name":"K\u00e1rai Exclusive Racing","url":"https:\/\/karaiexclusiveracing.hu\/","logo":{"@type":"ImageObject","inLanguage":"de","@id":"https:\/\/karaiexclusiveracing.hu\/#\/schema\/logo\/image\/","url":"https:\/\/www.karaiexclusiveracing.hu\/wp-content\/uploads\/2023\/10\/karai_exclusive_logo-1-1.png","contentUrl":"https:\/\/www.karaiexclusiveracing.hu\/wp-content\/uploads\/2023\/10\/karai_exclusive_logo-1-1.png","width":1575,"height":435,"caption":"K\u00e1rai Exclusive Racing"},"image":{"@id":"https:\/\/karaiexclusiveracing.hu\/#\/schema\/logo\/image\/"},"sameAs":["https:\/\/www.facebook.com\/karaiexclusiveracing.hu","https:\/\/www.instagram.com\/karaiexclusiveracing\/"]}]}},"_links":{"self":[{"href":"http:\/\/karaiexclusiveracing.hu\/de\/wp-json\/wp\/v2\/product\/1560","targetHints":{"allow":["GET"]}}],"collection":[{"href":"http:\/\/karaiexclusiveracing.hu\/de\/wp-json\/wp\/v2\/product"}],"about":[{"href":"http:\/\/karaiexclusiveracing.hu\/de\/wp-json\/wp\/v2\/types\/product"}],"wp:featuredmedia":[{"embeddable":true,"href":"http:\/\/karaiexclusiveracing.hu\/de\/wp-json\/wp\/v2\/media\/1510"}],"wp:attachment":[{"href":"http:\/\/karaiexclusiveracing.hu\/de\/wp-json\/wp\/v2\/media?parent=1560"}],"wp:term":[{"taxonomy":"manufactures","embeddable":true,"href":"http:\/\/karaiexclusiveracing.hu\/de\/wp-json\/wp\/v2\/manufactures?post=1560"},{"taxonomy":"product_brand","embeddable":true,"href":"http:\/\/karaiexclusiveracing.hu\/de\/wp-json\/wp\/v2\/product_brand?post=1560"},{"taxonomy":"product_cat","embeddable":true,"href":"http:\/\/karaiexclusiveracing.hu\/de\/wp-json\/wp\/v2\/product_cat?post=1560"},{"taxonomy":"product_tag","embeddable":true,"href":"http:\/\/karaiexclusiveracing.hu\/de\/wp-json\/wp\/v2\/product_tag?post=1560"}],"curies":[{"name":"wp","href":"https:\/\/api.w.org\/{rel}","templated":true}]}}