{"id":1461,"date":"2023-11-03T14:53:23","date_gmt":"2023-11-03T13:53:23","guid":{"rendered":"https:\/\/www.karaiexclusiveracing.hu\/?post_type=product&#038;p=1461"},"modified":"2025-09-02T11:01:28","modified_gmt":"2025-09-02T09:01:28","slug":"bmw-e28-520i","status":"publish","type":"product","link":"http:\/\/karaiexclusiveracing.hu\/de\/termek\/bmw-e28-520i\/","title":{"rendered":"BMW E28 520i &#8211; SOLD"},"content":{"rendered":"<div id=\"ut-row-inner-653a2e06d150a\" class=\"vc_row wpb_row vc_inner vc_row-fluid vc_column-gap-10 ut-row-inner-653a2e06d1512\">\n<div class=\"wpb_column vc_column_container vc_col-sm-9\">\n<div id=\"ut-column-inner-653a2e06d18bf\" class=\"vc_column-inner vc_column-inner-nested\">\n<div class=\"wpb_wrapper\">\n<div class=\"wpb_text_column wpb_content_element\">\n<div class=\"wpb_wrapper\">\n<p>Elad\u00f3 egy fellelt \u00e1llapot\u00fa BMW E28 520i. Az aut\u00f3 t\u00f6bb, mint 10 \u00e9vig \u00e1llt, igazi \u201cbarn find\u201d! Motorj\u00e1t ind\u00edthat\u00f3v\u00e1 tett\u00fck, szerv\u00edzel\u00e9se jelenleg is folyamatban van.<\/p>\n<p><strong>Az esetleges el\u00edr\u00e1sok\u00e9rt, hirdet\u00e9sbeli hib\u00e1k\u00e9rt felel\u0151ss\u00e9get nem v\u00e1llalunk. K\u00e9rj\u00fck, mindenk\u00e9pp \u00e9rdekl\u0151dj\u00f6n telefonon a pontos inform\u00e1ci\u00f3k\u00e9rt!<\/strong><\/p>\n<\/div>\n<\/div>\n<\/div>\n<\/div>\n<\/div>\n<\/div>\n<div id=\"vc-sep-653a2e06d1ae1\" class=\"vc_separator wpb_content_element vc_separator_align_center vc_sep_width_100 vc_sep_pos_align_center vc_separator_no_text vc_sep_color_grey vc_custom_1623245990100 vc_custom_1623245990100\"><\/div>","protected":false},"excerpt":{"rendered":"<p>Elad\u00f3 egy fellelt \u00e1llapot\u00fa BMW E28 520i. Az aut\u00f3 t\u00f6bb, mint 10 \u00e9vig \u00e1llt, igazi \u201cbarn find\u201d! Motorj\u00e1t ind\u00edthat\u00f3v\u00e1 tett\u00fck, szerv\u00edzel\u00e9se jelenleg is folyamatban van. Az esetleges el\u00edr\u00e1sok\u00e9rt, hirdet\u00e9sbeli hib\u00e1k\u00e9rt felel\u0151ss\u00e9get nem v\u00e1llalunk. K\u00e9rj\u00fck, mindenk\u00e9pp \u00e9rdekl\u0151dj\u00f6n telefonon a pontos inform\u00e1ci\u00f3k\u00e9rt!<\/p>","protected":false},"featured_media":19988,"template":"","meta":{"_acf_changed":false},"manufactures":[52],"product_brand":[],"product_cat":[24],"product_tag":[109],"class_list":{"0":"post-1461","1":"product","2":"type-product","3":"status-publish","4":"has-post-thumbnail","6":"manufactures-bmw","7":"product_cat-classic-car","8":"product_tag-sold","10":"first","11":"instock","12":"taxable","13":"shipping-taxable","14":"purchasable","15":"product-type-simple"},"exclude_global_add_ons":[],"addons":[],"acf":[],"yoast_head":"<!-- This site is optimized with the Yoast SEO Premium plugin v27.1 (Yoast SEO v27.2) - https:\/\/yoast.com\/product\/yoast-seo-premium-wordpress\/ -->\n<title>BMW E28 520i - SOLD - K\u00e1rai Exclusive<\/title>\n<meta name=\"robots\" content=\"index, follow, max-snippet:-1, max-image-preview:large, max-video-preview:-1\" \/>\n<link rel=\"canonical\" href=\"https:\/\/karaiexclusiveracing.hu\/de\/produkt\/bmw-e28-520i\/\" \/>\n<meta property=\"og:locale\" content=\"de_DE\" \/>\n<meta property=\"og:type\" content=\"article\" \/>\n<meta property=\"og:title\" content=\"BMW E28 520i - SOLD\" \/>\n<meta property=\"og:description\" content=\"Elad\u00f3 egy fellelt \u00e1llapot\u00fa BMW E28 520i. Az aut\u00f3 t\u00f6bb, mint 10 \u00e9vig \u00e1llt, igazi \u201cbarn find\u201d! Motorj\u00e1t ind\u00edthat\u00f3v\u00e1 tett\u00fck, szerv\u00edzel\u00e9se jelenleg is folyamatban van. Az esetleges el\u00edr\u00e1sok\u00e9rt, hirdet\u00e9sbeli hib\u00e1k\u00e9rt felel\u0151ss\u00e9get nem v\u00e1llalunk. K\u00e9rj\u00fck, mindenk\u00e9pp \u00e9rdekl\u0151dj\u00f6n telefonon a pontos inform\u00e1ci\u00f3k\u00e9rt!\" \/>\n<meta property=\"og:url\" content=\"https:\/\/karaiexclusiveracing.hu\/de\/produkt\/bmw-e28-520i\/\" \/>\n<meta property=\"og:site_name\" content=\"K\u00e1rai Exclusive\" \/>\n<meta property=\"article:publisher\" content=\"https:\/\/www.facebook.com\/karaiexclusiveracing.hu\" \/>\n<meta property=\"article:modified_time\" content=\"2025-09-02T09:01:28+00:00\" \/>\n<meta property=\"og:image\" content=\"https:\/\/karaiexclusiveracing.hu\/wp-content\/uploads\/2023\/11\/SOLD-4.png\" \/>\n\t<meta property=\"og:image:width\" content=\"940\" \/>\n\t<meta property=\"og:image:height\" content=\"788\" \/>\n\t<meta property=\"og:image:type\" content=\"image\/png\" \/>\n<meta name=\"twitter:card\" content=\"summary_large_image\" \/>\n<meta name=\"twitter:label1\" content=\"Gesch\u00e4tzte Lesezeit\" \/>\n\t<meta name=\"twitter:data1\" content=\"1\u00a0Minute\" \/>\n<script type=\"application\/ld+json\" class=\"yoast-schema-graph\">{\"@context\":\"https:\/\/schema.org\",\"@graph\":[{\"@type\":\"WebPage\",\"@id\":\"https:\/\/karaiexclusiveracing.hu\/de\/produkt\/bmw-e28-520i\/\",\"url\":\"https:\/\/karaiexclusiveracing.hu\/de\/produkt\/bmw-e28-520i\/\",\"name\":\"BMW E28 520i - SOLD - K\u00e1rai Exclusive\",\"isPartOf\":{\"@id\":\"https:\/\/karaiexclusiveracing.hu\/#website\"},\"primaryImageOfPage\":{\"@id\":\"https:\/\/karaiexclusiveracing.hu\/de\/produkt\/bmw-e28-520i\/#primaryimage\"},\"image\":{\"@id\":\"https:\/\/karaiexclusiveracing.hu\/de\/produkt\/bmw-e28-520i\/#primaryimage\"},\"thumbnailUrl\":\"https:\/\/karaiexclusiveracing.hu\/wp-content\/uploads\/2023\/11\/SOLD-4.png\",\"datePublished\":\"2023-11-03T13:53:23+00:00\",\"dateModified\":\"2025-09-02T09:01:28+00:00\",\"breadcrumb\":{\"@id\":\"https:\/\/karaiexclusiveracing.hu\/de\/produkt\/bmw-e28-520i\/#breadcrumb\"},\"inLanguage\":\"de\",\"potentialAction\":[{\"@type\":\"ReadAction\",\"target\":[\"https:\/\/karaiexclusiveracing.hu\/de\/produkt\/bmw-e28-520i\/\"]}]},{\"@type\":\"ImageObject\",\"inLanguage\":\"de\",\"@id\":\"https:\/\/karaiexclusiveracing.hu\/de\/produkt\/bmw-e28-520i\/#primaryimage\",\"url\":\"https:\/\/karaiexclusiveracing.hu\/wp-content\/uploads\/2023\/11\/SOLD-4.png\",\"contentUrl\":\"https:\/\/karaiexclusiveracing.hu\/wp-content\/uploads\/2023\/11\/SOLD-4.png\",\"width\":940,\"height\":788},{\"@type\":\"BreadcrumbList\",\"@id\":\"https:\/\/karaiexclusiveracing.hu\/de\/produkt\/bmw-e28-520i\/#breadcrumb\",\"itemListElement\":[{\"@type\":\"ListItem\",\"position\":1,\"name\":\"Kezd\u0151lap\",\"item\":\"https:\/\/karaiexclusiveracing.hu\/\"},{\"@type\":\"ListItem\",\"position\":2,\"name\":\"Elad\u00f3 aut\u00f3k\",\"item\":\"https:\/\/karaiexclusiveracing.hu\/elado-autok\/\"},{\"@type\":\"ListItem\",\"position\":3,\"name\":\"BMW E28 520i &#8211; SOLD\"}]},{\"@type\":\"WebSite\",\"@id\":\"https:\/\/karaiexclusiveracing.hu\/#website\",\"url\":\"https:\/\/karaiexclusiveracing.hu\/\",\"name\":\"K\u00e1rai Exclusive Racing\",\"description\":\"\",\"publisher\":{\"@id\":\"https:\/\/karaiexclusiveracing.hu\/#organization\"},\"potentialAction\":[{\"@type\":\"SearchAction\",\"target\":{\"@type\":\"EntryPoint\",\"urlTemplate\":\"https:\/\/karaiexclusiveracing.hu\/?s={search_term_string}\"},\"query-input\":{\"@type\":\"PropertyValueSpecification\",\"valueRequired\":true,\"valueName\":\"search_term_string\"}}],\"inLanguage\":\"de\"},{\"@type\":\"Organization\",\"@id\":\"https:\/\/karaiexclusiveracing.hu\/#organization\",\"name\":\"K\u00e1rai Exclusive Racing\",\"url\":\"https:\/\/karaiexclusiveracing.hu\/\",\"logo\":{\"@type\":\"ImageObject\",\"inLanguage\":\"de\",\"@id\":\"https:\/\/karaiexclusiveracing.hu\/#\/schema\/logo\/image\/\",\"url\":\"https:\/\/www.karaiexclusiveracing.hu\/wp-content\/uploads\/2023\/10\/karai_exclusive_logo-1-1.png\",\"contentUrl\":\"https:\/\/www.karaiexclusiveracing.hu\/wp-content\/uploads\/2023\/10\/karai_exclusive_logo-1-1.png\",\"width\":1575,\"height\":435,\"caption\":\"K\u00e1rai Exclusive Racing\"},\"image\":{\"@id\":\"https:\/\/karaiexclusiveracing.hu\/#\/schema\/logo\/image\/\"},\"sameAs\":[\"https:\/\/www.facebook.com\/karaiexclusiveracing.hu\",\"https:\/\/www.instagram.com\/karaiexclusiveracing\/\"]}]}<\/script>\n<!-- \/ Yoast SEO Premium plugin. -->","yoast_head_json":{"title":"BMW E28 520i - SOLD - K\u00e1rai Exclusive","robots":{"index":"index","follow":"follow","max-snippet":"max-snippet:-1","max-image-preview":"max-image-preview:large","max-video-preview":"max-video-preview:-1"},"canonical":"https:\/\/karaiexclusiveracing.hu\/de\/produkt\/bmw-e28-520i\/","og_locale":"de_DE","og_type":"article","og_title":"BMW E28 520i - SOLD","og_description":"Elad\u00f3 egy fellelt \u00e1llapot\u00fa BMW E28 520i. Az aut\u00f3 t\u00f6bb, mint 10 \u00e9vig \u00e1llt, igazi \u201cbarn find\u201d! Motorj\u00e1t ind\u00edthat\u00f3v\u00e1 tett\u00fck, szerv\u00edzel\u00e9se jelenleg is folyamatban van. Az esetleges el\u00edr\u00e1sok\u00e9rt, hirdet\u00e9sbeli hib\u00e1k\u00e9rt felel\u0151ss\u00e9get nem v\u00e1llalunk. K\u00e9rj\u00fck, mindenk\u00e9pp \u00e9rdekl\u0151dj\u00f6n telefonon a pontos inform\u00e1ci\u00f3k\u00e9rt!","og_url":"https:\/\/karaiexclusiveracing.hu\/de\/produkt\/bmw-e28-520i\/","og_site_name":"K\u00e1rai Exclusive","article_publisher":"https:\/\/www.facebook.com\/karaiexclusiveracing.hu","article_modified_time":"2025-09-02T09:01:28+00:00","og_image":[{"width":940,"height":788,"url":"https:\/\/karaiexclusiveracing.hu\/wp-content\/uploads\/2023\/11\/SOLD-4.png","type":"image\/png"}],"twitter_card":"summary_large_image","twitter_misc":{"Gesch\u00e4tzte Lesezeit":"1\u00a0Minute"},"schema":{"@context":"https:\/\/schema.org","@graph":[{"@type":"WebPage","@id":"https:\/\/karaiexclusiveracing.hu\/de\/produkt\/bmw-e28-520i\/","url":"https:\/\/karaiexclusiveracing.hu\/de\/produkt\/bmw-e28-520i\/","name":"BMW E28 520i - SOLD - K\u00e1rai Exclusive","isPartOf":{"@id":"https:\/\/karaiexclusiveracing.hu\/#website"},"primaryImageOfPage":{"@id":"https:\/\/karaiexclusiveracing.hu\/de\/produkt\/bmw-e28-520i\/#primaryimage"},"image":{"@id":"https:\/\/karaiexclusiveracing.hu\/de\/produkt\/bmw-e28-520i\/#primaryimage"},"thumbnailUrl":"https:\/\/karaiexclusiveracing.hu\/wp-content\/uploads\/2023\/11\/SOLD-4.png","datePublished":"2023-11-03T13:53:23+00:00","dateModified":"2025-09-02T09:01:28+00:00","breadcrumb":{"@id":"https:\/\/karaiexclusiveracing.hu\/de\/produkt\/bmw-e28-520i\/#breadcrumb"},"inLanguage":"de","potentialAction":[{"@type":"ReadAction","target":["https:\/\/karaiexclusiveracing.hu\/de\/produkt\/bmw-e28-520i\/"]}]},{"@type":"ImageObject","inLanguage":"de","@id":"https:\/\/karaiexclusiveracing.hu\/de\/produkt\/bmw-e28-520i\/#primaryimage","url":"https:\/\/karaiexclusiveracing.hu\/wp-content\/uploads\/2023\/11\/SOLD-4.png","contentUrl":"https:\/\/karaiexclusiveracing.hu\/wp-content\/uploads\/2023\/11\/SOLD-4.png","width":940,"height":788},{"@type":"BreadcrumbList","@id":"https:\/\/karaiexclusiveracing.hu\/de\/produkt\/bmw-e28-520i\/#breadcrumb","itemListElement":[{"@type":"ListItem","position":1,"name":"Kezd\u0151lap","item":"https:\/\/karaiexclusiveracing.hu\/"},{"@type":"ListItem","position":2,"name":"Elad\u00f3 aut\u00f3k","item":"https:\/\/karaiexclusiveracing.hu\/elado-autok\/"},{"@type":"ListItem","position":3,"name":"BMW E28 520i &#8211; SOLD"}]},{"@type":"WebSite","@id":"https:\/\/karaiexclusiveracing.hu\/#website","url":"https:\/\/karaiexclusiveracing.hu\/","name":"K\u00e1rai Exclusive Racing","description":"","publisher":{"@id":"https:\/\/karaiexclusiveracing.hu\/#organization"},"potentialAction":[{"@type":"SearchAction","target":{"@type":"EntryPoint","urlTemplate":"https:\/\/karaiexclusiveracing.hu\/?s={search_term_string}"},"query-input":{"@type":"PropertyValueSpecification","valueRequired":true,"valueName":"search_term_string"}}],"inLanguage":"de"},{"@type":"Organization","@id":"https:\/\/karaiexclusiveracing.hu\/#organization","name":"K\u00e1rai Exclusive Racing","url":"https:\/\/karaiexclusiveracing.hu\/","logo":{"@type":"ImageObject","inLanguage":"de","@id":"https:\/\/karaiexclusiveracing.hu\/#\/schema\/logo\/image\/","url":"https:\/\/www.karaiexclusiveracing.hu\/wp-content\/uploads\/2023\/10\/karai_exclusive_logo-1-1.png","contentUrl":"https:\/\/www.karaiexclusiveracing.hu\/wp-content\/uploads\/2023\/10\/karai_exclusive_logo-1-1.png","width":1575,"height":435,"caption":"K\u00e1rai Exclusive Racing"},"image":{"@id":"https:\/\/karaiexclusiveracing.hu\/#\/schema\/logo\/image\/"},"sameAs":["https:\/\/www.facebook.com\/karaiexclusiveracing.hu","https:\/\/www.instagram.com\/karaiexclusiveracing\/"]}]}},"_links":{"self":[{"href":"http:\/\/karaiexclusiveracing.hu\/de\/wp-json\/wp\/v2\/product\/1461","targetHints":{"allow":["GET"]}}],"collection":[{"href":"http:\/\/karaiexclusiveracing.hu\/de\/wp-json\/wp\/v2\/product"}],"about":[{"href":"http:\/\/karaiexclusiveracing.hu\/de\/wp-json\/wp\/v2\/types\/product"}],"wp:featuredmedia":[{"embeddable":true,"href":"http:\/\/karaiexclusiveracing.hu\/de\/wp-json\/wp\/v2\/media\/19988"}],"wp:attachment":[{"href":"http:\/\/karaiexclusiveracing.hu\/de\/wp-json\/wp\/v2\/media?parent=1461"}],"wp:term":[{"taxonomy":"manufactures","embeddable":true,"href":"http:\/\/karaiexclusiveracing.hu\/de\/wp-json\/wp\/v2\/manufactures?post=1461"},{"taxonomy":"product_brand","embeddable":true,"href":"http:\/\/karaiexclusiveracing.hu\/de\/wp-json\/wp\/v2\/product_brand?post=1461"},{"taxonomy":"product_cat","embeddable":true,"href":"http:\/\/karaiexclusiveracing.hu\/de\/wp-json\/wp\/v2\/product_cat?post=1461"},{"taxonomy":"product_tag","embeddable":true,"href":"http:\/\/karaiexclusiveracing.hu\/de\/wp-json\/wp\/v2\/product_tag?post=1461"}],"curies":[{"name":"wp","href":"https:\/\/api.w.org\/{rel}","templated":true}]}}